{"id":12215,"date":"2026-02-27T00:13:14","date_gmt":"2026-02-27T00:13:14","guid":{"rendered":"https:\/\/nordicmart.andreevmaster.com\/product\/songmics-garderob-med-skohylla-svart\/"},"modified":"2026-02-27T08:07:35","modified_gmt":"2026-02-27T08:07:35","slug":"songmics-garderob-med-skohylla-svart","status":"publish","type":"product","link":"https:\/\/nordicmart.andreevmaster.com\/sv\/produkt\/songmics-garderob-med-skohylla-svart\/","title":{"rendered":"SONGMICS Garderob med skohylla Svart"},"content":{"rendered":"<p>Garderoben har en s\u00e4ker och stabil konstruktion som t\u00e5l h\u00f6g belastning och passar perfekt i alla hem!  Det stabila stativet \u00e4r tillverkat av metallr\u00f6r. Ytan har en smakfull br\u00e4nnlackering, \u00e4r rostbest\u00e4ndig och l\u00e4tt att sk\u00f6ta.  Garderoben \u00e4r utrustad med 1 kl\u00e4dst\u00e5ng och 1 n\u00e4tfack och har tillr\u00e4ckligt med plats f\u00f6r kl\u00e4der, blusar, v\u00e4skor, hattar och mycket mer. Dina saker kan f\u00f6rvaras snyggt och l\u00e4ttillg\u00e4ngligt p\u00e5 den. Kl\u00e4dst\u00e4llningen \u00e4r enkel att ta is\u00e4r och kan d\u00e4rmed f\u00f6rvaras eller transporteras p\u00e5 ett utrymmeseffektivt s\u00e4tt. Med den praktiska kl\u00e4dh\u00e4ngaren f\u00e5r du en funktionell och anpassningsbar hj\u00e4lpreda f\u00f6r dina behov!  Produktdetaljer:  &#8211; M\u00e5tt: 90 x 173 x 44,5 cm (B x H x D)  &#8211; Material: j\u00e4rnr\u00f6r  &#8211; F\u00e4rg: svart (HSR01B)  &#8211; F\u00f6rpackningsm\u00e5tt: 93 x 45,5 x 6,3 cm &#8211; Nettovikt: 3,15 kg  &#8211; Bruttovikt: 3,72 kg &#8211; Max. belastningskapacitet f\u00f6r st\u00e5ngen: 20 kg Leveransomfattning:  &#8211; 1 x kl\u00e4dst\u00e4ll  &#8211; 1 x monteringsanvisning (DE, FR, IT, EN, ES)<\/p>\n","protected":false},"excerpt":{"rendered":"<p>SONGMICS H\u00f6jd 173 cm metall antik kl\u00e4dst\u00e4ll kl\u00e4dst\u00e5ng garderob med skohylla svart HSR01B<\/p>\n","protected":false},"featured_media":40509,"comment_status":"open","ping_status":"closed","template":"","meta":[],"product_brand":[],"product_cat":[33],"product_tag":[],"class_list":{"0":"post-12215","1":"product","2":"type-product","3":"status-publish","4":"has-post-thumbnail","6":"product_cat-okategoriserad","8":"first","9":"instock","10":"shipping-taxable","11":"purchasable","12":"product-type-simple"},"_links":{"self":[{"href":"https:\/\/nordicmart.andreevmaster.com\/sv\/wp-json\/wp\/v2\/product\/12215","targetHints":{"allow":["GET"]}}],"collection":[{"href":"https:\/\/nordicmart.andreevmaster.com\/sv\/wp-json\/wp\/v2\/product"}],"about":[{"href":"https:\/\/nordicmart.andreevmaster.com\/sv\/wp-json\/wp\/v2\/types\/product"}],"replies":[{"embeddable":true,"href":"https:\/\/nordicmart.andreevmaster.com\/sv\/wp-json\/wp\/v2\/comments?post=12215"}],"wp:featuredmedia":[{"embeddable":true,"href":"https:\/\/nordicmart.andreevmaster.com\/sv\/wp-json\/wp\/v2\/media\/40509"}],"wp:attachment":[{"href":"https:\/\/nordicmart.andreevmaster.com\/sv\/wp-json\/wp\/v2\/media?parent=12215"}],"wp:term":[{"taxonomy":"product_brand","embeddable":true,"href":"https:\/\/nordicmart.andreevmaster.com\/sv\/wp-json\/wp\/v2\/product_brand?post=12215"},{"taxonomy":"product_cat","embeddable":true,"href":"https:\/\/nordicmart.andreevmaster.com\/sv\/wp-json\/wp\/v2\/product_cat?post=12215"},{"taxonomy":"product_tag","embeddable":true,"href":"https:\/\/nordicmart.andreevmaster.com\/sv\/wp-json\/wp\/v2\/product_tag?post=12215"}],"curies":[{"name":"wp","href":"https:\/\/api.w.org\/{rel}","templated":true}]}}