{"id":12208,"date":"2026-02-27T00:13:12","date_gmt":"2026-02-27T00:13:12","guid":{"rendered":"https:\/\/nordicmart.andreevmaster.com\/product\/vasagle-liry-kollektion-skoskap-med-tre-luckor\/"},"modified":"2026-02-27T08:07:34","modified_gmt":"2026-02-27T08:07:34","slug":"vasagle-liry-kollektion-skoskap-med-tre-luckor","status":"publish","type":"product","link":"https:\/\/nordicmart.andreevmaster.com\/sv\/produkt\/vasagle-liry-kollektion-skoskap-med-tre-luckor\/","title":{"rendered":"VASAGLE LIRY-kollektion \u2013 skosk\u00e5p med tre luckor"},"content":{"rendered":"<p>VASAGLE LIRY-kollektion \u2013 Skosk\u00e5pa med 3 luckor, skost\u00e4ll, frist\u00e5ende smalt skost\u00e4ll, f\u00f6r hallen, lantlig stil, f\u00f6r 18\u201324 par skor, vintagevit HSC301W02<br \/>\nF\u00e4rg: Vintagevit<br \/>\nMaterial: MDF (medeldensitetsfiberplatta), sp\u00e5nskiva<br \/>\nStorlek: 24 x 87 x 123,6 cm (D x B x H)<br \/>\nVikt: 23,1 kg<br \/>\nMax. statisk belastningskapacitet f\u00f6r bordsskivan: 46 kg<br \/>\nMax. statisk belastningskapacitet f\u00f6r varje hylla: 10 kg<\/p>\n","protected":false},"excerpt":{"rendered":"<p>VASAGLE LIRY-kollektion \u2013 Skosk\u00e5pa med 3 luckor, skost\u00e4ll, frist\u00e5ende smalt skost\u00e4ll, f\u00f6r hallen, lantlig stil, f\u00f6r 18\u201324 par skor, vintagevit HSC301W02<\/p>\n","protected":false},"featured_media":40502,"comment_status":"open","ping_status":"closed","template":"","meta":[],"product_brand":[],"product_cat":[33],"product_tag":[],"class_list":{"0":"post-12208","1":"product","2":"type-product","3":"status-publish","4":"has-post-thumbnail","6":"product_cat-okategoriserad","8":"first","9":"instock","10":"shipping-taxable","11":"purchasable","12":"product-type-simple"},"_links":{"self":[{"href":"https:\/\/nordicmart.andreevmaster.com\/sv\/wp-json\/wp\/v2\/product\/12208","targetHints":{"allow":["GET"]}}],"collection":[{"href":"https:\/\/nordicmart.andreevmaster.com\/sv\/wp-json\/wp\/v2\/product"}],"about":[{"href":"https:\/\/nordicmart.andreevmaster.com\/sv\/wp-json\/wp\/v2\/types\/product"}],"replies":[{"embeddable":true,"href":"https:\/\/nordicmart.andreevmaster.com\/sv\/wp-json\/wp\/v2\/comments?post=12208"}],"wp:featuredmedia":[{"embeddable":true,"href":"https:\/\/nordicmart.andreevmaster.com\/sv\/wp-json\/wp\/v2\/media\/40502"}],"wp:attachment":[{"href":"https:\/\/nordicmart.andreevmaster.com\/sv\/wp-json\/wp\/v2\/media?parent=12208"}],"wp:term":[{"taxonomy":"product_brand","embeddable":true,"href":"https:\/\/nordicmart.andreevmaster.com\/sv\/wp-json\/wp\/v2\/product_brand?post=12208"},{"taxonomy":"product_cat","embeddable":true,"href":"https:\/\/nordicmart.andreevmaster.com\/sv\/wp-json\/wp\/v2\/product_cat?post=12208"},{"taxonomy":"product_tag","embeddable":true,"href":"https:\/\/nordicmart.andreevmaster.com\/sv\/wp-json\/wp\/v2\/product_tag?post=12208"}],"curies":[{"name":"wp","href":"https:\/\/api.w.org\/{rel}","templated":true}]}}