{"id":12205,"date":"2026-02-27T00:13:12","date_gmt":"2026-02-27T00:13:12","guid":{"rendered":"https:\/\/nordicmart.andreevmaster.com\/product\/songmics-skraddardocka-for-kvinnor-i-metall\/"},"modified":"2026-02-27T08:07:34","modified_gmt":"2026-02-27T08:07:34","slug":"songmics-skraddardocka-for-kvinnor-i-metall","status":"publish","type":"product","link":"https:\/\/nordicmart.andreevmaster.com\/sv\/produkt\/songmics-skraddardocka-for-kvinnor-i-metall\/","title":{"rendered":"SONGMICS Skr\u00e4ddardocka f\u00f6r kvinnor i metall"},"content":{"rendered":"<p>Letar du efter en skr\u00e4ddardocka som \u00e4r robust och snygg och passar b\u00e5de i butiken och i vardagsrummet? Skr\u00e4ddardockan fr\u00e5n Songmics \u00e4r den perfekta l\u00f6sningen! Skr\u00e4ddardockan \u00e4r tillverkad av stabilt j\u00e4rn med pulverlackerad yta, vilket g\u00f6r den robust och h\u00e5llbar. Det fyrbenta stativet garanterar ett bra grepp. V\u00e5ra modeller imponerar med sin sofistikerade och kreativa design och utm\u00e4rkta finish. De eleganta blomm\u00f6nstren p\u00e5 halsen, axlarna och br\u00f6stet understryker ocks\u00e5 den individuella karakt\u00e4ren hos de stilfulla skr\u00e4ddarsydda bysterna. Som en dekorativ h\u00f6jdpunkt passar den perfekt i sovrummet, hallen, vintertr\u00e4dg\u00e5rden eller p\u00e5 verandan! Produktdetaljer: Material: j\u00e4rn F\u00e4rg: vit (HRA09W)Total h\u00f6jd: ca 152 cm Axelomf\u00e5ng: ca 37,5 cm Br\u00f6stomf\u00e5ng: ca 90 cm Midjeomf\u00e5ng: ca 52 cm H\u00f6ftomf\u00e5ng: ca 110 cm H\u00f6jd p\u00e5 huvuddelen: ca 76 cm Bruttovikt: 6,6 kg Leveransomfattning: &#8211; 1 x skr\u00e4ddardocka<\/p>\n","protected":false},"excerpt":{"rendered":"<p>SONGMICS Skr\u00e4ddardocka, kvinnlig skyltdocka, dambyst, skr\u00e4ddarbyst i metall HRA09W<\/p>\n","protected":false},"featured_media":40499,"comment_status":"open","ping_status":"closed","template":"","meta":[],"product_brand":[],"product_cat":[33],"product_tag":[],"class_list":{"0":"post-12205","1":"product","2":"type-product","3":"status-publish","4":"has-post-thumbnail","6":"product_cat-okategoriserad","8":"first","9":"instock","10":"shipping-taxable","11":"purchasable","12":"product-type-simple"},"_links":{"self":[{"href":"https:\/\/nordicmart.andreevmaster.com\/sv\/wp-json\/wp\/v2\/product\/12205","targetHints":{"allow":["GET"]}}],"collection":[{"href":"https:\/\/nordicmart.andreevmaster.com\/sv\/wp-json\/wp\/v2\/product"}],"about":[{"href":"https:\/\/nordicmart.andreevmaster.com\/sv\/wp-json\/wp\/v2\/types\/product"}],"replies":[{"embeddable":true,"href":"https:\/\/nordicmart.andreevmaster.com\/sv\/wp-json\/wp\/v2\/comments?post=12205"}],"wp:featuredmedia":[{"embeddable":true,"href":"https:\/\/nordicmart.andreevmaster.com\/sv\/wp-json\/wp\/v2\/media\/40499"}],"wp:attachment":[{"href":"https:\/\/nordicmart.andreevmaster.com\/sv\/wp-json\/wp\/v2\/media?parent=12205"}],"wp:term":[{"taxonomy":"product_brand","embeddable":true,"href":"https:\/\/nordicmart.andreevmaster.com\/sv\/wp-json\/wp\/v2\/product_brand?post=12205"},{"taxonomy":"product_cat","embeddable":true,"href":"https:\/\/nordicmart.andreevmaster.com\/sv\/wp-json\/wp\/v2\/product_cat?post=12205"},{"taxonomy":"product_tag","embeddable":true,"href":"https:\/\/nordicmart.andreevmaster.com\/sv\/wp-json\/wp\/v2\/product_tag?post=12205"}],"curies":[{"name":"wp","href":"https:\/\/api.w.org\/{rel}","templated":true}]}}