{"id":12203,"date":"2026-02-27T00:13:11","date_gmt":"2026-02-27T00:13:11","guid":{"rendered":"https:\/\/nordicmart.andreevmaster.com\/product\/oh-hippo-sangklader-med-fyllning-storlek-l\/"},"modified":"2026-02-27T08:07:33","modified_gmt":"2026-02-27T08:07:33","slug":"oh-hippo-sangklader-med-fyllning-storlek-l","status":"publish","type":"product","link":"https:\/\/nordicmart.andreevmaster.com\/sv\/produkt\/oh-hippo-sangklader-med-fyllning-storlek-l\/","title":{"rendered":"Oh Hippo s\u00e4ngkl\u00e4der med fyllning storlek L"},"content":{"rendered":"<p>S\u00e4ngkl\u00e4desset best\u00e5ende av t\u00e4cke och kudde med fyllning. Tillverkat av h\u00f6gkvalitativ bomull med OEKO-TEX Standard 100-certifikat. Fyllningen i s\u00e4ngkl\u00e4derna \u00e4r gjord av en fj\u00e4drande och fluffig allergiv\u00e4nlig silikonfiber med avancerade v\u00e4rmereglerande egenskaper som ger h\u00f6g sovkomfort.  S\u00e4ngkl\u00e4derna, inklusive fyllningen, kan tv\u00e4ttas i maskin, vilket g\u00f6r dem till ett utm\u00e4rkt val f\u00f6r allergiker. <\/p>\n<p>S\u00e4ngkl\u00e4derna har designats och tillverkats i Polen med omsorg om varje detalj. Produkten \u00e4r f\u00f6rpackad i en transparent, biologiskt nedbrytbar p\u00e5se. En utm\u00e4rkt presentid\u00e9 till baby shower, f\u00f6delsedag eller andra speciella tillf\u00e4llen. <\/p>\n<p>Detaljer: <\/p>\n<p>&#8211; p\u00e5slakan och \u00f6rngott tillverkade av h\u00f6gkvalitativ bomull med  OEKO-TEX-certifikat <\/p>\n<p>&#8211; S\u00e4ngkl\u00e4der fyllda med certifierad allergiv\u00e4nlig silikonfiber <\/p>\n<p>&#8211; Kudde med roliga flodh\u00e4st\u00f6ron<br \/>\n &#8211; Det tryckta m\u00f6nstret bleknar inte, \u00e4ven efter upprepade tv\u00e4ttar <\/p>\n<p>&#8211; Passar perfekt till s\u00e4ngar i storleken 90&#215;200 och st\u00f6rre <\/p>\n<p> Rekommenderas f\u00f6r barn fr\u00e5n 5 \u00e5r. Anv\u00e4nds under f\u00f6r\u00e4ldrarnas uppsikt.<\/p>\n<p>Material: <\/p>\n<p>&#8211; 100 % bomull med en tr\u00e5dvikt p\u00e5 150 g\/m2 med Oeko-TEX Standard 100-certifikat  <\/p>\n<p>&#8211; allergiv\u00e4nlig silikonfiber med en tr\u00e5dvikt p\u00e5 200 g\/m2 <\/p>\n<p> M\u00e5tt: <\/p>\n<p>&#8211; kudde: 40&#215;60 cm<br \/>\n &#8211; t\u00e4cke: 140&#215;200 cm <\/p>\n<p> Tv\u00e4ttanvisningar:<br \/>\n &#8211; maskintv\u00e4tt 40\u00b0<br \/>\n &#8211; strykning vid h\u00f6gst 110\u00b0<br \/>\n &#8211; blekning ej till\u00e5ten<br \/>\n &#8211; torktumling ej till\u00e5ten<\/p>\n","protected":false},"excerpt":{"rendered":"<p>S\u00e4ngkl\u00e4desset best\u00e5ende av t\u00e4cke och kudde med fyllning. Tillverkat av h\u00f6gkvalitativ bomull med OEKO-TEX Standard 100-certifikat. Fyllningen i s\u00e4ngkl\u00e4derna \u00e4r gjord av en fj\u00e4drande och fluffig allergiv\u00e4nlig silikonfiber med avancerade v\u00e4rmereglerande egenskaper som ger h\u00f6g sovkomfort. S\u00e4ngkl\u00e4derna, inklusive fyllningen, kan tv\u00e4ttas i maskin, vilket g\u00f6r dem till ett utm\u00e4rkt val f\u00f6r allergiker. S\u00e4ngkl\u00e4derna har designats [&hellip;]<\/p>\n","protected":false},"featured_media":0,"comment_status":"open","ping_status":"closed","template":"","meta":[],"product_brand":[],"product_cat":[33],"product_tag":[],"class_list":{"0":"post-12203","1":"product","2":"type-product","3":"status-publish","5":"product_cat-okategoriserad","7":"first","8":"instock","9":"shipping-taxable","10":"purchasable","11":"product-type-simple"},"_links":{"self":[{"href":"https:\/\/nordicmart.andreevmaster.com\/sv\/wp-json\/wp\/v2\/product\/12203","targetHints":{"allow":["GET"]}}],"collection":[{"href":"https:\/\/nordicmart.andreevmaster.com\/sv\/wp-json\/wp\/v2\/product"}],"about":[{"href":"https:\/\/nordicmart.andreevmaster.com\/sv\/wp-json\/wp\/v2\/types\/product"}],"replies":[{"embeddable":true,"href":"https:\/\/nordicmart.andreevmaster.com\/sv\/wp-json\/wp\/v2\/comments?post=12203"}],"wp:attachment":[{"href":"https:\/\/nordicmart.andreevmaster.com\/sv\/wp-json\/wp\/v2\/media?parent=12203"}],"wp:term":[{"taxonomy":"product_brand","embeddable":true,"href":"https:\/\/nordicmart.andreevmaster.com\/sv\/wp-json\/wp\/v2\/product_brand?post=12203"},{"taxonomy":"product_cat","embeddable":true,"href":"https:\/\/nordicmart.andreevmaster.com\/sv\/wp-json\/wp\/v2\/product_cat?post=12203"},{"taxonomy":"product_tag","embeddable":true,"href":"https:\/\/nordicmart.andreevmaster.com\/sv\/wp-json\/wp\/v2\/product_tag?post=12203"}],"curies":[{"name":"wp","href":"https:\/\/api.w.org\/{rel}","templated":true}]}}