{"id":12201,"date":"2026-02-27T00:13:11","date_gmt":"2026-02-27T00:13:11","guid":{"rendered":"https:\/\/nordicmart.andreevmaster.com\/product\/oh-hippo-lakan-80x160\/"},"modified":"2026-02-27T08:07:33","modified_gmt":"2026-02-27T08:07:33","slug":"oh-hippo-lakan-80x160","status":"publish","type":"product","link":"https:\/\/nordicmart.andreevmaster.com\/sv\/produkt\/oh-hippo-lakan-80x160\/","title":{"rendered":"Oh Hippo lakan 80&#215;160"},"content":{"rendered":"<p>Detaljer: <\/p>\n<p>&#8211; lakan tillverkat av naturlig bomull med Oeko-TEX Standard 100 IW 00034-certifikat <\/p>\n<p>&#8211; mjukt och sk\u00f6nt att ta p\u00e5 <\/p>\n<p>&#8211; avslutat med ett elastiskt band som f\u00f6rhindrar att det glider p\u00e5 madrassen <\/p>\n<p>&#8211; passar perfekt till s\u00e4ngar i storleken 80&#215;160<\/p>\n<p> M\u00e5tt: <\/p>\n<p>L: 80&#215;160 cm, h\u00f6jd 13 cm <\/p>\n<p>Material: <\/p>\n<p>&#8211; 100 % bomull med en tr\u00e5dvikt p\u00e5 150 g\/m2 med Oeko-TEX Standard 100-certifikat  <\/p>\n<p>Tv\u00e4ttanvisningar:<br \/>\n &#8211; maskintv\u00e4tt 40 \u00b0C<br \/>\n &#8211; strykning vid h\u00f6gst 110 \u00b0C<br \/>\n &#8211; blekning ej till\u00e5ten<br \/>\n &#8211; torktumling ej till\u00e5ten<\/p>\n","protected":false},"excerpt":{"rendered":"<p>Detaljer: &#8211; lakan tillverkat av naturlig bomull med Oeko-TEX Standard 100 IW 00034-certifikat &#8211; mjukt och sk\u00f6nt att ta p\u00e5 &#8211; avslutat med ett elastiskt band som f\u00f6rhindrar att det glider p\u00e5 madrassen &#8211; passar perfekt till s\u00e4ngar i storleken 80&#215;160 M\u00e5tt: L: 80&#215;160 cm, h\u00f6jd 13 cm Material: &#8211; 100 % bomull med en [&hellip;]<\/p>\n","protected":false},"featured_media":0,"comment_status":"open","ping_status":"closed","template":"","meta":[],"product_brand":[],"product_cat":[33],"product_tag":[],"class_list":{"0":"post-12201","1":"product","2":"type-product","3":"status-publish","5":"product_cat-okategoriserad","7":"first","8":"instock","9":"shipping-taxable","10":"purchasable","11":"product-type-simple"},"_links":{"self":[{"href":"https:\/\/nordicmart.andreevmaster.com\/sv\/wp-json\/wp\/v2\/product\/12201","targetHints":{"allow":["GET"]}}],"collection":[{"href":"https:\/\/nordicmart.andreevmaster.com\/sv\/wp-json\/wp\/v2\/product"}],"about":[{"href":"https:\/\/nordicmart.andreevmaster.com\/sv\/wp-json\/wp\/v2\/types\/product"}],"replies":[{"embeddable":true,"href":"https:\/\/nordicmart.andreevmaster.com\/sv\/wp-json\/wp\/v2\/comments?post=12201"}],"wp:attachment":[{"href":"https:\/\/nordicmart.andreevmaster.com\/sv\/wp-json\/wp\/v2\/media?parent=12201"}],"wp:term":[{"taxonomy":"product_brand","embeddable":true,"href":"https:\/\/nordicmart.andreevmaster.com\/sv\/wp-json\/wp\/v2\/product_brand?post=12201"},{"taxonomy":"product_cat","embeddable":true,"href":"https:\/\/nordicmart.andreevmaster.com\/sv\/wp-json\/wp\/v2\/product_cat?post=12201"},{"taxonomy":"product_tag","embeddable":true,"href":"https:\/\/nordicmart.andreevmaster.com\/sv\/wp-json\/wp\/v2\/product_tag?post=12201"}],"curies":[{"name":"wp","href":"https:\/\/api.w.org\/{rel}","templated":true}]}}