{"id":12197,"date":"2026-02-27T00:13:10","date_gmt":"2026-02-27T00:13:10","guid":{"rendered":"https:\/\/nordicmart.andreevmaster.com\/product\/oh-hippo-spjalsangskydd-60x120-70x140\/"},"modified":"2026-02-27T08:07:32","modified_gmt":"2026-02-27T08:07:32","slug":"oh-hippo-spjalsangskydd-60x120-70x140","status":"publish","type":"product","link":"https:\/\/nordicmart.andreevmaster.com\/sv\/produkt\/oh-hippo-spjalsangskydd-60x120-70x140\/","title":{"rendered":"Oh Hippo spj\u00e4ls\u00e4ngskydd 60&#215;120\/70&#215;140"},"content":{"rendered":"<p>Detaljer: <\/p>\n<p>&#8211; avsedd f\u00f6r spj\u00e4ls\u00e4ngar i storlekarna 60&#215;120 och 70&#215;140 <\/p>\n<p>&#8211; ger utm\u00e4rkt skydd f\u00f6r barnet mot oavsiktliga st\u00f6tar mot spj\u00e4ls\u00e4ngens spj\u00e4lor <\/p>\n<p>&#8211; mjuk och behaglig att ta p\u00e5 <\/p>\n<p>Material:  &#8211; 100 % bomull med en tr\u00e5dvikt p\u00e5 150 g\/m2 med Oeko-TEX Standard 100 IW 00034-certifikat &#8211; fylld med allergiv\u00e4nlig silikonfiber med en tr\u00e5dvikt p\u00e5 200 g\/m2  <\/p>\n<p>M\u00e5tt:<br \/>\n &#8211; l\u00e4ngd: 210 cm<br \/>\n &#8211; h\u00f6jd: 24 cm<\/p>\n<p> Tv\u00e4ttanvisningar:<br \/>\n &#8211; maskintv\u00e4tt 40 \u00b0C<br \/>\n &#8211; strykning vid h\u00f6gst 110 \u00b0C<br \/>\n &#8211; blekning ej till\u00e5ten<br \/>\n &#8211; torktumling ej till\u00e5ten <\/p>\n<p>Rekommenderas f\u00f6r sp\u00e4dbarn och barn fr\u00e5n f\u00f6dseln till 3 \u00e5rs \u00e5lder.\u00a0Anv\u00e4nds under f\u00f6r\u00e4ldrarnas uppsikt.<\/p>\n","protected":false},"excerpt":{"rendered":"<p>Detaljer: &#8211; avsedd f\u00f6r spj\u00e4ls\u00e4ngar i storlekarna 60&#215;120 och 70&#215;140 &#8211; ger utm\u00e4rkt skydd f\u00f6r barnet mot oavsiktliga st\u00f6tar mot spj\u00e4ls\u00e4ngens spj\u00e4lor &#8211; mjuk och behaglig att ta p\u00e5 Material: &#8211; 100 % bomull med en tr\u00e5dvikt p\u00e5 150 g\/m2 med Oeko-TEX Standard 100 IW 00034-certifikat &#8211; fylld med allergiv\u00e4nlig silikonfiber med en tr\u00e5dvikt p\u00e5 [&hellip;]<\/p>\n","protected":false},"featured_media":0,"comment_status":"open","ping_status":"closed","template":"","meta":[],"product_brand":[],"product_cat":[33],"product_tag":[],"class_list":{"0":"post-12197","1":"product","2":"type-product","3":"status-publish","5":"product_cat-okategoriserad","7":"first","8":"instock","9":"shipping-taxable","10":"purchasable","11":"product-type-simple"},"_links":{"self":[{"href":"https:\/\/nordicmart.andreevmaster.com\/sv\/wp-json\/wp\/v2\/product\/12197","targetHints":{"allow":["GET"]}}],"collection":[{"href":"https:\/\/nordicmart.andreevmaster.com\/sv\/wp-json\/wp\/v2\/product"}],"about":[{"href":"https:\/\/nordicmart.andreevmaster.com\/sv\/wp-json\/wp\/v2\/types\/product"}],"replies":[{"embeddable":true,"href":"https:\/\/nordicmart.andreevmaster.com\/sv\/wp-json\/wp\/v2\/comments?post=12197"}],"wp:attachment":[{"href":"https:\/\/nordicmart.andreevmaster.com\/sv\/wp-json\/wp\/v2\/media?parent=12197"}],"wp:term":[{"taxonomy":"product_brand","embeddable":true,"href":"https:\/\/nordicmart.andreevmaster.com\/sv\/wp-json\/wp\/v2\/product_brand?post=12197"},{"taxonomy":"product_cat","embeddable":true,"href":"https:\/\/nordicmart.andreevmaster.com\/sv\/wp-json\/wp\/v2\/product_cat?post=12197"},{"taxonomy":"product_tag","embeddable":true,"href":"https:\/\/nordicmart.andreevmaster.com\/sv\/wp-json\/wp\/v2\/product_tag?post=12197"}],"curies":[{"name":"wp","href":"https:\/\/api.w.org\/{rel}","templated":true}]}}