{"id":12196,"date":"2026-02-27T00:13:10","date_gmt":"2026-02-27T00:13:10","guid":{"rendered":"https:\/\/nordicmart.andreevmaster.com\/product\/songmics-dryckeshylly-i-stal-med-3-nivaer-black-svart\/"},"modified":"2026-02-27T08:07:32","modified_gmt":"2026-02-27T08:07:32","slug":"songmics-dryckeshylly-i-stal-med-3-nivaer-black-svart","status":"publish","type":"product","link":"https:\/\/nordicmart.andreevmaster.com\/sv\/produkt\/songmics-dryckeshylly-i-stal-med-3-nivaer-black-svart\/","title":{"rendered":"SONGMICS dryckeshylly i st\u00e5l med 3 niv\u00e5er, bl\u00e4ck svart"},"content":{"rendered":"<p>SONGMICS dryckeshylla, 3 niv\u00e5er, dryckeskorgshylla, varje niv\u00e5 t\u00e5l upp till 30 kg, \u00f6lkorgshylla, st\u00e5l, korgst\u00e4ll, f\u00f6r k\u00f6k, garage, bl\u00e4ck svart GYL001B01<br \/>\nF\u00e4rg: bl\u00e4ck svart<br \/>\nMaterial: Pulverlackerat st\u00e5l<br \/>\nStorlek: 32 x 70 x 125,4 cm (D x B x H)<br \/>\nVikt: 5,2 kg<br \/>\nMax. statisk belastningskapacitet per niv\u00e5: 30 kg<br \/>\nMax. statisk belastningskapacitet totalt: 90 kg<\/p>\n","protected":false},"excerpt":{"rendered":"<p>SONGMICS dryckeshylla, 3 niv\u00e5er, dryckeskorgshylla, varje niv\u00e5 t\u00e5l upp till 30 kg, \u00f6lkorgshylla, st\u00e5l, korgst\u00e4ll, f\u00f6r k\u00f6k, garage, bl\u00e4ck svart GYL001B01<\/p>\n","protected":false},"featured_media":40498,"comment_status":"open","ping_status":"closed","template":"","meta":[],"product_brand":[],"product_cat":[33],"product_tag":[],"class_list":{"0":"post-12196","1":"product","2":"type-product","3":"status-publish","4":"has-post-thumbnail","6":"product_cat-okategoriserad","8":"first","9":"instock","10":"shipping-taxable","11":"purchasable","12":"product-type-simple"},"_links":{"self":[{"href":"https:\/\/nordicmart.andreevmaster.com\/sv\/wp-json\/wp\/v2\/product\/12196","targetHints":{"allow":["GET"]}}],"collection":[{"href":"https:\/\/nordicmart.andreevmaster.com\/sv\/wp-json\/wp\/v2\/product"}],"about":[{"href":"https:\/\/nordicmart.andreevmaster.com\/sv\/wp-json\/wp\/v2\/types\/product"}],"replies":[{"embeddable":true,"href":"https:\/\/nordicmart.andreevmaster.com\/sv\/wp-json\/wp\/v2\/comments?post=12196"}],"wp:featuredmedia":[{"embeddable":true,"href":"https:\/\/nordicmart.andreevmaster.com\/sv\/wp-json\/wp\/v2\/media\/40498"}],"wp:attachment":[{"href":"https:\/\/nordicmart.andreevmaster.com\/sv\/wp-json\/wp\/v2\/media?parent=12196"}],"wp:term":[{"taxonomy":"product_brand","embeddable":true,"href":"https:\/\/nordicmart.andreevmaster.com\/sv\/wp-json\/wp\/v2\/product_brand?post=12196"},{"taxonomy":"product_cat","embeddable":true,"href":"https:\/\/nordicmart.andreevmaster.com\/sv\/wp-json\/wp\/v2\/product_cat?post=12196"},{"taxonomy":"product_tag","embeddable":true,"href":"https:\/\/nordicmart.andreevmaster.com\/sv\/wp-json\/wp\/v2\/product_tag?post=12196"}],"curies":[{"name":"wp","href":"https:\/\/api.w.org\/{rel}","templated":true}]}}