{"id":12191,"date":"2026-02-27T00:13:09","date_gmt":"2026-02-27T00:13:09","guid":{"rendered":"https:\/\/nordicmart.andreevmaster.com\/product\/vaxthus-med-vit-film\/"},"modified":"2026-02-27T08:07:31","modified_gmt":"2026-02-27T08:07:31","slug":"vaxthus-med-vit-film","status":"publish","type":"product","link":"https:\/\/nordicmart.andreevmaster.com\/sv\/produkt\/vaxthus-med-vit-film\/","title":{"rendered":"V\u00e4xthus med vit film"},"content":{"rendered":"<p>Skapa din egen tr\u00e4dg\u00e5rd \u2013 s\u00e5 h\u00e4r g\u00f6r du: Om v\u00e4dret inte \u00e4r s\u00e4rskilt gynnsamt f\u00f6r dina v\u00e4xter, om insekter och f\u00e5glar \u00e4r p\u00e5 jakt efter gr\u00f6na l\u00e4ckerheter, eller om du \u00e4nnu inte har full kontroll \u00f6ver tr\u00e4dg\u00e5rdsarbetet, ta med dig detta tr\u00e4dg\u00e5rdsskjul fr\u00e5n SONGMICS hem! Det skyddar k\u00e4nsliga v\u00e4xter, blommor eller gr\u00f6nsaker mot vind, regn, frost, insekter och till och med katter och hundar. Solsken, fukt, v\u00e4rme: ett robust v\u00e4xthus \u00e4r en utm\u00e4rkt tr\u00e4dg\u00e5rdsm\u00e4stare som tar v\u00e4l hand om dina v\u00e4xter. Den genomskinliga filmen sl\u00e4pper inte bara in tillr\u00e4ckligt med solljus, utan h\u00e5ller ocks\u00e5 kvar fukt och v\u00e4rme. Om det \u00e4nd\u00e5 skulle bli f\u00f6r varmt i detta v\u00e4xthus kan du helt enkelt \u00f6ppna dragkedjan p\u00e5 d\u00f6rren och rulla upp den. Det s\u00e4kerst\u00e4ller en idealisk luftcirkulation. Produktdetaljer: F\u00e4rg: Vit Material: Pulverlackerade st\u00e5lr\u00f6r, PVC Storlek: 100 x 50 x 150 cm (L x B x H) Vikt: 5 kg Leveransomfattning: 1 x v\u00e4xthus 4 x U-formade jordkrokar 1 x bruksanvisning (DE, EN, FR, ES, IT) SONGMICs bruksanvisning: Anv\u00e4nd inte h\u00f6gtryckstv\u00e4tt f\u00f6r att reng\u00f6ra v\u00e4xthuset. Anv\u00e4nd en fuktig trasa eller borste f\u00f6r detta \u00e4ndam\u00e5l.<\/p>\n","protected":false},"excerpt":{"rendered":"<p>Skapa din egen tr\u00e4dg\u00e5rd \u2013 s\u00e5 h\u00e4r g\u00f6r du: Om v\u00e4dret inte \u00e4r s\u00e4rskilt gynnsamt f\u00f6r dina v\u00e4xter, om insekter och f\u00e5glar \u00e4r p\u00e5 jakt efter gr\u00f6na l\u00e4ckerheter, eller om du \u00e4nnu inte har full kontroll \u00f6ver tr\u00e4dg\u00e5rdsarbetet, ta med dig detta tr\u00e4dg\u00e5rdsskjul fr\u00e5n SONGMICS hem! Det skyddar k\u00e4nsliga v\u00e4xter, blommor eller gr\u00f6nsaker mot vind, [&hellip;]<\/p>\n","protected":false},"featured_media":0,"comment_status":"open","ping_status":"closed","template":"","meta":[],"product_brand":[],"product_cat":[33],"product_tag":[],"class_list":{"0":"post-12191","1":"product","2":"type-product","3":"status-publish","5":"product_cat-okategoriserad","7":"first","8":"instock","9":"shipping-taxable","10":"product-type-simple"},"_links":{"self":[{"href":"https:\/\/nordicmart.andreevmaster.com\/sv\/wp-json\/wp\/v2\/product\/12191","targetHints":{"allow":["GET"]}}],"collection":[{"href":"https:\/\/nordicmart.andreevmaster.com\/sv\/wp-json\/wp\/v2\/product"}],"about":[{"href":"https:\/\/nordicmart.andreevmaster.com\/sv\/wp-json\/wp\/v2\/types\/product"}],"replies":[{"embeddable":true,"href":"https:\/\/nordicmart.andreevmaster.com\/sv\/wp-json\/wp\/v2\/comments?post=12191"}],"wp:attachment":[{"href":"https:\/\/nordicmart.andreevmaster.com\/sv\/wp-json\/wp\/v2\/media?parent=12191"}],"wp:term":[{"taxonomy":"product_brand","embeddable":true,"href":"https:\/\/nordicmart.andreevmaster.com\/sv\/wp-json\/wp\/v2\/product_brand?post=12191"},{"taxonomy":"product_cat","embeddable":true,"href":"https:\/\/nordicmart.andreevmaster.com\/sv\/wp-json\/wp\/v2\/product_cat?post=12191"},{"taxonomy":"product_tag","embeddable":true,"href":"https:\/\/nordicmart.andreevmaster.com\/sv\/wp-json\/wp\/v2\/product_tag?post=12191"}],"curies":[{"name":"wp","href":"https:\/\/api.w.org\/{rel}","templated":true}]}}