{"id":12190,"date":"2026-02-27T00:13:08","date_gmt":"2026-02-27T00:13:08","guid":{"rendered":"https:\/\/nordicmart.andreevmaster.com\/product\/songmics-vaxthus-med-upprullningsbar-ingang\/"},"modified":"2026-02-27T08:07:31","modified_gmt":"2026-02-27T08:07:31","slug":"songmics-vaxthus-med-upprullningsbar-ingang","status":"publish","type":"product","link":"https:\/\/nordicmart.andreevmaster.com\/sv\/produkt\/songmics-vaxthus-med-upprullningsbar-ingang\/","title":{"rendered":"SONGMICS v\u00e4xthus med upprullningsbar ing\u00e5ng"},"content":{"rendered":"<p>Skapa din egen tr\u00e4dg\u00e5rd \u2013 s\u00e5 h\u00e4r g\u00f6r du: Om v\u00e4dret inte \u00e4r s\u00e4rskilt gynnsamt f\u00f6r dina v\u00e4xter, om insekter och f\u00e5glar \u00e4r p\u00e5 jakt efter gr\u00f6na l\u00e4ckerbitar eller om du \u00e4nnu inte har f\u00e5tt kl\u00e4m p\u00e5 tr\u00e4dg\u00e5rdsarbetet, skaffa d\u00e5 detta tr\u00e4dg\u00e5rdsskjul fr\u00e5n SONGMICS! Med detta skyddar du \u00f6mt\u00e5liga plantor, blommor eller gr\u00f6nsaker fr\u00e5n vind, regn, markfrost, insekter och till och med katter och hundar. Solsken, fukt, v\u00e4rme: Ett stabilt v\u00e4xthus \u00e4r en utm\u00e4rkt tr\u00e4dg\u00e5rdsm\u00e4stare som tar v\u00e4l hand om dina v\u00e4xter. Den genomskinliga folien sl\u00e4pper inte bara igenom tillr\u00e4ckligt med solljus, utan lagrar ocks\u00e5 fukt och v\u00e4rme. Om det skulle bli f\u00f6r varmt i detta tr\u00e4dg\u00e5rdsskjul kan du enkelt \u00f6ppna d\u00f6rrens dragkedja och rulla upp den. Detta garanterar en idealisk luftcirkulation.Produktdetaljer: F\u00e4rg: Gr\u00f6n Material: Pulverlackerade st\u00e5lr\u00f6r, PVC Storlek: 100 x 50 x 150 cm (L x B x H) Vikt: 5 kg Leveransomfattning: 1 x v\u00e4xthus 4 x U-formade jordkrokar 1 x instruktioner (DE, EN, FR, ES, IT) SONGMICS Anm\u00e4rkningar:Anv\u00e4nd inte h\u00f6gtryckstv\u00e4tt f\u00f6r att reng\u00f6ra v\u00e4xthuset. Anv\u00e4nd ist\u00e4llet en fuktig trasa eller borste.<\/p>\n","protected":false},"excerpt":{"rendered":"<p>SONGMICS Plastv\u00e4xthus, v\u00e4xthus, drivhus med upprullningsbar ing\u00e5ng, tr\u00e4dg\u00e5rdsskjul, drivb\u00e4dd, tomatv\u00e4xthus, gr\u00f6nsaker, blommor, frukt, tr\u00e4dg\u00e5rd, 100 x 50 x 150 cm, vitt GWP15WBV1<\/p>\n","protected":false},"featured_media":40494,"comment_status":"open","ping_status":"closed","template":"","meta":[],"product_brand":[],"product_cat":[33],"product_tag":[],"class_list":{"0":"post-12190","1":"product","2":"type-product","3":"status-publish","4":"has-post-thumbnail","6":"product_cat-okategoriserad","8":"first","9":"instock","10":"shipping-taxable","11":"purchasable","12":"product-type-simple"},"_links":{"self":[{"href":"https:\/\/nordicmart.andreevmaster.com\/sv\/wp-json\/wp\/v2\/product\/12190","targetHints":{"allow":["GET"]}}],"collection":[{"href":"https:\/\/nordicmart.andreevmaster.com\/sv\/wp-json\/wp\/v2\/product"}],"about":[{"href":"https:\/\/nordicmart.andreevmaster.com\/sv\/wp-json\/wp\/v2\/types\/product"}],"replies":[{"embeddable":true,"href":"https:\/\/nordicmart.andreevmaster.com\/sv\/wp-json\/wp\/v2\/comments?post=12190"}],"wp:featuredmedia":[{"embeddable":true,"href":"https:\/\/nordicmart.andreevmaster.com\/sv\/wp-json\/wp\/v2\/media\/40494"}],"wp:attachment":[{"href":"https:\/\/nordicmart.andreevmaster.com\/sv\/wp-json\/wp\/v2\/media?parent=12190"}],"wp:term":[{"taxonomy":"product_brand","embeddable":true,"href":"https:\/\/nordicmart.andreevmaster.com\/sv\/wp-json\/wp\/v2\/product_brand?post=12190"},{"taxonomy":"product_cat","embeddable":true,"href":"https:\/\/nordicmart.andreevmaster.com\/sv\/wp-json\/wp\/v2\/product_cat?post=12190"},{"taxonomy":"product_tag","embeddable":true,"href":"https:\/\/nordicmart.andreevmaster.com\/sv\/wp-json\/wp\/v2\/product_tag?post=12190"}],"curies":[{"name":"wp","href":"https:\/\/api.w.org\/{rel}","templated":true}]}}