{"id":12185,"date":"2026-02-27T00:13:07","date_gmt":"2026-02-27T00:13:07","guid":{"rendered":"https:\/\/nordicmart.andreevmaster.com\/product\/foliedrivhus-69-x-49-x-158-cm-2\/"},"modified":"2026-02-27T08:07:30","modified_gmt":"2026-02-27T08:07:30","slug":"foliedrivhus-69-x-49-x-158-cm-2","status":"publish","type":"product","link":"https:\/\/nordicmart.andreevmaster.com\/sv\/produkt\/foliedrivhus-69-x-49-x-158-cm-2\/","title":{"rendered":"Foliedrivhus 69 x 49 x 158 cm"},"content":{"rendered":"<p>Det robuste foliedrivhus g\u00f8r en god figur i din have og p\u00e5 din altan og giver perfekt beskyttelse til dine planter p\u00e5 alle tider af \u00e5ret! De \u00e4r optimalt skyddade mot vind, regn, solljus och f\u00e5gelskador, och den speciella n\u00e4tfilmen fr\u00e4mjar ocks\u00e5 dina plantors tillv\u00e4xt optimalt. Ramen och presenningen ger ett mycket stabilt intryck. Produktdetaljer: &#8211; Ram: pulverlackerade st\u00e5lr\u00f6r (\u00f8 16 mm; tjocklek 0,32 mm)- \u00d6verdrag: PVC- N\u00e4tunderlag: j\u00e4rntr\u00e5d- M\u00e5tt: 69 x 158 x 49 cm (B x H x D)- D\u00f6rrm\u00e5tt: 49 x 136 cm- Bottenarea: 69 x 49 cm (ca. 0,34 m\u00b2)- Nettovikt: ca. 4,4 kg- F\u00e4rg: transparent- Belastningskapacitet f\u00f6r varje n\u00e4tpanel: 15 kgLeveransomfattning:- 1 x v\u00e4xthus (folie, metallr\u00f6r\uff0c4 x n\u00e4tunderlag och annat tillbeh\u00f6r)- 1 x manual<\/p>\n","protected":false},"excerpt":{"rendered":"<p>Det robuste foliedrivhus g\u00f8r en god figur i din have og p\u00e5 din altan og giver perfekt beskyttelse til dine planter p\u00e5 alle tider af \u00e5ret! De \u00e4r optimalt skyddade mot vind, regn, solljus och f\u00e5gelskador, och den speciella n\u00e4tfilmen fr\u00e4mjar ocks\u00e5 dina plantors tillv\u00e4xt optimalt. Ramen och presenningen ger ett mycket stabilt intryck. Produktdetaljer: [&hellip;]<\/p>\n","protected":false},"featured_media":0,"comment_status":"open","ping_status":"closed","template":"","meta":[],"product_brand":[],"product_cat":[33],"product_tag":[],"class_list":{"0":"post-12185","1":"product","2":"type-product","3":"status-publish","5":"product_cat-okategoriserad","7":"first","8":"instock","9":"shipping-taxable","10":"product-type-simple"},"_links":{"self":[{"href":"https:\/\/nordicmart.andreevmaster.com\/sv\/wp-json\/wp\/v2\/product\/12185","targetHints":{"allow":["GET"]}}],"collection":[{"href":"https:\/\/nordicmart.andreevmaster.com\/sv\/wp-json\/wp\/v2\/product"}],"about":[{"href":"https:\/\/nordicmart.andreevmaster.com\/sv\/wp-json\/wp\/v2\/types\/product"}],"replies":[{"embeddable":true,"href":"https:\/\/nordicmart.andreevmaster.com\/sv\/wp-json\/wp\/v2\/comments?post=12185"}],"wp:attachment":[{"href":"https:\/\/nordicmart.andreevmaster.com\/sv\/wp-json\/wp\/v2\/media?parent=12185"}],"wp:term":[{"taxonomy":"product_brand","embeddable":true,"href":"https:\/\/nordicmart.andreevmaster.com\/sv\/wp-json\/wp\/v2\/product_brand?post=12185"},{"taxonomy":"product_cat","embeddable":true,"href":"https:\/\/nordicmart.andreevmaster.com\/sv\/wp-json\/wp\/v2\/product_cat?post=12185"},{"taxonomy":"product_tag","embeddable":true,"href":"https:\/\/nordicmart.andreevmaster.com\/sv\/wp-json\/wp\/v2\/product_tag?post=12185"}],"curies":[{"name":"wp","href":"https:\/\/api.w.org\/{rel}","templated":true}]}}