{"id":12184,"date":"2026-02-27T00:13:07","date_gmt":"2026-02-27T00:13:07","guid":{"rendered":"https:\/\/nordicmart.andreevmaster.com\/product\/songmics-plastvaxthus-69-x-49-x-158-cm\/"},"modified":"2026-02-27T08:07:30","modified_gmt":"2026-02-27T08:07:30","slug":"songmics-plastvaxthus-69-x-49-x-158-cm","status":"publish","type":"product","link":"https:\/\/nordicmart.andreevmaster.com\/sv\/produkt\/songmics-plastvaxthus-69-x-49-x-158-cm\/","title":{"rendered":"SONGMICS plastv\u00e4xthus 69 x 49 x 158 cm"},"content":{"rendered":"<p>Det robusta v\u00e4xthuset i plastfolie passar bra i din tr\u00e4dg\u00e5rd och p\u00e5 din balkong och erbjuder perfekt skydd f\u00f6r dina v\u00e4xter under alla \u00e5rstider! De skyddas optimalt mot vind, regn, solstr\u00e5lning och skador fr\u00e5n f\u00e5glar, och den speciella n\u00e4tfolien fr\u00e4mjar dessutom dina v\u00e4xters tillv\u00e4xt p\u00e5 ett optimalt s\u00e4tt. Stativet och presenningen ger ett mycket stabilt intryck. Rivfast n\u00e4tpresenning av PE, mycket slitstark, t\u00e5lig och frostbest\u00e4ndig. P\u00e5 sommaren, n\u00e4r den inte anv\u00e4nds, kan n\u00e4tpresenningen tas bort och tv\u00e4ttas med vatten, och sedan f\u00f6rvaras p\u00e5 ett bra s\u00e4tt. Produktdetaljer: &#8211; Ram: pulverlackerade st\u00e5lr\u00f6r (\u00f8 16 mm; tjocklek 0,32 mm) &#8211; \u00d6verdrag: PE-n\u00e4tpresenning (140 g\/m\u00b2) &#8211; N\u00e4tunderlag: j\u00e4rntr\u00e5d &#8211; M\u00e5tt: 69 x 49 x 158 cm &#8211; Grundyta: 69 x 49 cm (ca 0,34 m\u00b2) &#8211; D\u00f6rrm\u00e5tt: 49 x 136 cm &#8211; Nettovikt: 4,4 kg &#8211; F\u00e4rg: gr\u00f6n &#8211; Belastningsf\u00f6rm\u00e5ga per n\u00e4tplatta: 15 kg Leveransomfattning:- 1 x v\u00e4xthus (folie, metallr\u00f6r, 4 x n\u00e4tunderlag och andra tillbeh\u00f6r) &#8211; 1 x bruksanvisning<\/p>\n","protected":false},"excerpt":{"rendered":"<p>SONGMICS Plastv\u00e4xthus V\u00e4xthus Tomatv\u00e4xthus Odlingshus med n\u00e4tpresenning St\u00f6vsk\u00e5p 4 v\u00e5ningar 69 x 49 x 158 cm GWP04L<\/p>\n","protected":false},"featured_media":40489,"comment_status":"open","ping_status":"closed","template":"","meta":[],"product_brand":[],"product_cat":[33],"product_tag":[],"class_list":{"0":"post-12184","1":"product","2":"type-product","3":"status-publish","4":"has-post-thumbnail","6":"product_cat-okategoriserad","8":"first","9":"instock","10":"shipping-taxable","11":"purchasable","12":"product-type-simple"},"_links":{"self":[{"href":"https:\/\/nordicmart.andreevmaster.com\/sv\/wp-json\/wp\/v2\/product\/12184","targetHints":{"allow":["GET"]}}],"collection":[{"href":"https:\/\/nordicmart.andreevmaster.com\/sv\/wp-json\/wp\/v2\/product"}],"about":[{"href":"https:\/\/nordicmart.andreevmaster.com\/sv\/wp-json\/wp\/v2\/types\/product"}],"replies":[{"embeddable":true,"href":"https:\/\/nordicmart.andreevmaster.com\/sv\/wp-json\/wp\/v2\/comments?post=12184"}],"wp:featuredmedia":[{"embeddable":true,"href":"https:\/\/nordicmart.andreevmaster.com\/sv\/wp-json\/wp\/v2\/media\/40489"}],"wp:attachment":[{"href":"https:\/\/nordicmart.andreevmaster.com\/sv\/wp-json\/wp\/v2\/media?parent=12184"}],"wp:term":[{"taxonomy":"product_brand","embeddable":true,"href":"https:\/\/nordicmart.andreevmaster.com\/sv\/wp-json\/wp\/v2\/product_brand?post=12184"},{"taxonomy":"product_cat","embeddable":true,"href":"https:\/\/nordicmart.andreevmaster.com\/sv\/wp-json\/wp\/v2\/product_cat?post=12184"},{"taxonomy":"product_tag","embeddable":true,"href":"https:\/\/nordicmart.andreevmaster.com\/sv\/wp-json\/wp\/v2\/product_tag?post=12184"}],"curies":[{"name":"wp","href":"https:\/\/api.w.org\/{rel}","templated":true}]}}