{"id":12182,"date":"2026-02-27T00:13:07","date_gmt":"2026-02-27T00:13:07","guid":{"rendered":"https:\/\/nordicmart.andreevmaster.com\/product\/songmics-plastvaxthus-69-x-49-x-125-cm\/"},"modified":"2026-02-27T08:07:30","modified_gmt":"2026-02-27T08:07:30","slug":"songmics-plastvaxthus-69-x-49-x-125-cm","status":"publish","type":"product","link":"https:\/\/nordicmart.andreevmaster.com\/sv\/produkt\/songmics-plastvaxthus-69-x-49-x-125-cm\/","title":{"rendered":"SONGMICS plastv\u00e4xthus 69 x 49 x 125 cm"},"content":{"rendered":"<p>Skapa din egen tr\u00e4dg\u00e5rd \u2013 s\u00e5 enkelt \u00e4r det Om du \u00e4nnu inte har f\u00e5tt kl\u00e4m p\u00e5 tr\u00e4dg\u00e5rdsarbetet \u00e4r ett v\u00e4xthus av plastfolie ett utm\u00e4rkt hj\u00e4lpmedel som tar v\u00e4l hand om dina v\u00e4xter. Folien sl\u00e4pper inte bara igenom tillr\u00e4ckligt med solstr\u00e5lar, utan lagrar ocks\u00e5 fukt och v\u00e4rme, vilket hj\u00e4lper dina v\u00e4xter att \u00f6verleva vintern och blomstra p\u00e5 v\u00e5ren. Passar \u00f6verallt Detta tr\u00e4dg\u00e5rdsskjul tar liten plats (69 x 49 cm) och \u00e4r ett perfekt komplement till din tr\u00e4dg\u00e5rd eller balkong. F\u00f6r att ge dina v\u00e4xter en \u00e4nnu varmare milj\u00f6 att v\u00e4xa i kan du ocks\u00e5 anv\u00e4nda detta v\u00e4xthus inomhus. Hemligheten bakom en l\u00e5ng livsl\u00e4ngd Har du lagt m\u00e4rke till det gr\u00f6na rutn\u00e4tet inuti 140 g\/m\u00b2 PE-plasten? Det f\u00f6rst\u00e4rker strukturen p\u00e5 det slitstarka t\u00e4cket. P\u00e5 s\u00e5 s\u00e4tt skyddas dina v\u00e4xter under l\u00e5ng tid. Produktdetaljer: &#8211; F\u00e4rg: Gr\u00f6n &#8211; Material: Pulverlackerade st\u00e5lr\u00f6r, 140 g\/m\u00b2 PE-t\u00e4ckning, j\u00e4rngaller, kopplingsdelar av PP-plast &#8211; Storlek: 69 x 49 x 125 cm (L x B x H) &#8211; Vikt: 4 kg &#8211; Max. statisk belastningskapacitet per hyllplan: 15 kg Leveransomfattning: &#8211; 1 x v\u00e4xthus &#8211; 1 x bruksanvisning (DE, EN, FR, ES, IT)<\/p>\n","protected":false},"excerpt":{"rendered":"<p>SONGMICS Plastv\u00e4xthus V\u00e4xthus Tomatv\u00e4xthus Odlingshus med n\u00e4tpresenning St\u00f6vsk\u00e5p 3 v\u00e5ningar 69 x 49 x 125 cm GWP03L<\/p>\n","protected":false},"featured_media":40487,"comment_status":"open","ping_status":"closed","template":"","meta":[],"product_brand":[],"product_cat":[33],"product_tag":[],"class_list":{"0":"post-12182","1":"product","2":"type-product","3":"status-publish","4":"has-post-thumbnail","6":"product_cat-okategoriserad","8":"first","9":"instock","10":"shipping-taxable","11":"purchasable","12":"product-type-simple"},"_links":{"self":[{"href":"https:\/\/nordicmart.andreevmaster.com\/sv\/wp-json\/wp\/v2\/product\/12182","targetHints":{"allow":["GET"]}}],"collection":[{"href":"https:\/\/nordicmart.andreevmaster.com\/sv\/wp-json\/wp\/v2\/product"}],"about":[{"href":"https:\/\/nordicmart.andreevmaster.com\/sv\/wp-json\/wp\/v2\/types\/product"}],"replies":[{"embeddable":true,"href":"https:\/\/nordicmart.andreevmaster.com\/sv\/wp-json\/wp\/v2\/comments?post=12182"}],"wp:featuredmedia":[{"embeddable":true,"href":"https:\/\/nordicmart.andreevmaster.com\/sv\/wp-json\/wp\/v2\/media\/40487"}],"wp:attachment":[{"href":"https:\/\/nordicmart.andreevmaster.com\/sv\/wp-json\/wp\/v2\/media?parent=12182"}],"wp:term":[{"taxonomy":"product_brand","embeddable":true,"href":"https:\/\/nordicmart.andreevmaster.com\/sv\/wp-json\/wp\/v2\/product_brand?post=12182"},{"taxonomy":"product_cat","embeddable":true,"href":"https:\/\/nordicmart.andreevmaster.com\/sv\/wp-json\/wp\/v2\/product_cat?post=12182"},{"taxonomy":"product_tag","embeddable":true,"href":"https:\/\/nordicmart.andreevmaster.com\/sv\/wp-json\/wp\/v2\/product_tag?post=12182"}],"curies":[{"name":"wp","href":"https:\/\/api.w.org\/{rel}","templated":true}]}}