{"id":12178,"date":"2026-02-27T00:13:06","date_gmt":"2026-02-27T00:13:06","guid":{"rendered":"https:\/\/nordicmart.andreevmaster.com\/product\/songmics-plastvaxthus-gront\/"},"modified":"2026-02-27T08:07:29","modified_gmt":"2026-02-27T08:07:29","slug":"songmics-plastvaxthus-gront","status":"publish","type":"product","link":"https:\/\/nordicmart.andreevmaster.com\/sv\/produkt\/songmics-plastvaxthus-gront\/","title":{"rendered":"SONGMICS plastv\u00e4xthus gr\u00f6nt"},"content":{"rendered":"<p>Varf\u00f6r ska du ha ett v\u00e4xthus? Vill du s\u00e5 fr\u00f6n p\u00e5 vintern eller odla dina favoritblommor? Med detta v\u00e4xthus kan du skapa ett varmt och s\u00e4kert paradis f\u00f6r dina v\u00e4xter \u2013 ett m\u00e5ste f\u00f6r alla tr\u00e4dg\u00e5rds\u00e4lskare. Frukt, gr\u00f6nsaker, blommor, v\u00e4xter Med en storlek p\u00e5 250 x 200 x 200 cm skapar detta v\u00e4xthus ett paradis f\u00f6r alla v\u00e4xter. Du kan dela upp det i olika omr\u00e5den, ett f\u00f6r dina favoritgr\u00f6nsaker som tomater och sallad, ett f\u00f6r l\u00e4ckra frukter som vindruvor och jordgubbar och ett f\u00f6r andra v\u00e4xter och blommor. Med detta v\u00e4xthus f\u00f6rblir din tr\u00e4dg\u00e5rd vacker \u00e4ven p\u00e5 vintern! Produktdetaljer:- F\u00e4rg: Gr\u00f6n &#8211; Material: St\u00e5l, PE &#8211; Storlek: 250 x 200 x 200 cm (L x B x H) &#8211; Vikt: 19 kg Leveransomfattning: &#8211; 1 x v\u00e4xthus &#8211; 4 x jordkrokar &#8211; 1 x tillbeh\u00f6rspaket &#8211; 1 x bruksanvisning (DE, EN, FR, ES, IT)<\/p>\n","protected":false},"excerpt":{"rendered":"<p>SONGMICS plastv\u00e4xthus, v\u00e4xthus, tr\u00e4dg\u00e5rdsskjul som man kan g\u00e5 in i, 250 x 200 x 200 cm, v\u00e4xthus med d\u00f6rr, 4 f\u00f6nster, tomatskjul, jordkrok, utomhus, tr\u00e4dg\u00e5rd, gr\u00f6nt GWP022C01<\/p>\n","protected":false},"featured_media":40483,"comment_status":"open","ping_status":"closed","template":"","meta":[],"product_brand":[],"product_cat":[33],"product_tag":[],"class_list":{"0":"post-12178","1":"product","2":"type-product","3":"status-publish","4":"has-post-thumbnail","6":"product_cat-okategoriserad","8":"first","9":"instock","10":"shipping-taxable","11":"purchasable","12":"product-type-simple"},"_links":{"self":[{"href":"https:\/\/nordicmart.andreevmaster.com\/sv\/wp-json\/wp\/v2\/product\/12178","targetHints":{"allow":["GET"]}}],"collection":[{"href":"https:\/\/nordicmart.andreevmaster.com\/sv\/wp-json\/wp\/v2\/product"}],"about":[{"href":"https:\/\/nordicmart.andreevmaster.com\/sv\/wp-json\/wp\/v2\/types\/product"}],"replies":[{"embeddable":true,"href":"https:\/\/nordicmart.andreevmaster.com\/sv\/wp-json\/wp\/v2\/comments?post=12178"}],"wp:featuredmedia":[{"embeddable":true,"href":"https:\/\/nordicmart.andreevmaster.com\/sv\/wp-json\/wp\/v2\/media\/40483"}],"wp:attachment":[{"href":"https:\/\/nordicmart.andreevmaster.com\/sv\/wp-json\/wp\/v2\/media?parent=12178"}],"wp:term":[{"taxonomy":"product_brand","embeddable":true,"href":"https:\/\/nordicmart.andreevmaster.com\/sv\/wp-json\/wp\/v2\/product_brand?post=12178"},{"taxonomy":"product_cat","embeddable":true,"href":"https:\/\/nordicmart.andreevmaster.com\/sv\/wp-json\/wp\/v2\/product_cat?post=12178"},{"taxonomy":"product_tag","embeddable":true,"href":"https:\/\/nordicmart.andreevmaster.com\/sv\/wp-json\/wp\/v2\/product_tag?post=12178"}],"curies":[{"name":"wp","href":"https:\/\/api.w.org\/{rel}","templated":true}]}}