{"id":12174,"date":"2026-02-27T00:13:05","date_gmt":"2026-02-27T00:13:05","guid":{"rendered":"https:\/\/nordicmart.andreevmaster.com\/product\/svart-ograsduk-ograsfri-50-m%c2%b2-1-m-x-50-m\/"},"modified":"2026-02-27T08:07:28","modified_gmt":"2026-02-27T08:07:28","slug":"svart-ograsduk-ograsfri-50-m%c2%b2-1-m-x-50-m","status":"publish","type":"product","link":"https:\/\/nordicmart.andreevmaster.com\/sv\/produkt\/svart-ograsduk-ograsfri-50-m%c2%b2-1-m-x-50-m\/","title":{"rendered":"Svart ogr\u00e4sduk ogr\u00e4sfri 50 m\u00b2 (1 m x 50 m)"},"content":{"rendered":"<p>TEATERET ER SLUT: Ogr\u00e4sbek\u00e4mpning utan kemikalier betyder inte att du m\u00e5ste g\u00e5 tillbaka till sten\u00e5ldern. Du beh\u00f6ver i alla fall inte b\u00f6ja dig \u00f6ver dina rabatter och plocka ogr\u00e4s i l\u00e5ng tid. Denna ogr\u00e4sfleece \u00e4r din avancerade allierade i kampen mot de sm\u00e5 irriterande v\u00e4xterna. L\u00e4gg denna 50 g\/m\u00b2 PP-film med UV-stabilisator \u00f6ver din jord innan du planterar blommor eller gr\u00f6nsaker. Fleece avvisar solens str\u00e5lar, som ogr\u00e4set beh\u00f6ver f\u00f6r att skjuta upp ur jorden. Nu beh\u00f6ver du inte l\u00e4ngre oroa dig f\u00f6r det o\u00f6nskade, irriterande ogr\u00e4set! JORDEN F\u00d6RBLIR SK\u00d6NT FUKTIG: Tr\u00e4dg\u00e5rdsfleece h\u00e5ller inte bara ogr\u00e4set borta. Folien \u00e4r ocks\u00e5 andningsbar och vattent\u00e4t, s\u00e5 regn kan rinna igenom utan problem. Fleece reglerar ocks\u00e5 fuktigheten i jorden, s\u00e5 att dina v\u00e4xter v\u00e4xer sig friska och starka. Produktdetaljer: F\u00e4rg: Svart Material: 150 g\/m\u00b2 PP (polypropen), UV-stabilisator Storlek: 1 m x 50 m (B x L) Vikt: 8,5 kg Leveransomfattning: 1 x tr\u00e4dg\u00e5rdsv\u00e4v 10 x jordankare<\/p>\n","protected":false},"excerpt":{"rendered":"<p>TEATERET ER SLUT: Ogr\u00e4sbek\u00e4mpning utan kemikalier betyder inte att du m\u00e5ste g\u00e5 tillbaka till sten\u00e5ldern. Du beh\u00f6ver i alla fall inte b\u00f6ja dig \u00f6ver dina rabatter och plocka ogr\u00e4s i l\u00e5ng tid. Denna ogr\u00e4sfleece \u00e4r din avancerade allierade i kampen mot de sm\u00e5 irriterande v\u00e4xterna. L\u00e4gg denna 50 g\/m\u00b2 PP-film med UV-stabilisator \u00f6ver din jord [&hellip;]<\/p>\n","protected":false},"featured_media":0,"comment_status":"open","ping_status":"closed","template":"","meta":[],"product_brand":[],"product_cat":[33],"product_tag":[],"class_list":{"0":"post-12174","1":"product","2":"type-product","3":"status-publish","5":"product_cat-okategoriserad","7":"first","8":"instock","9":"shipping-taxable","10":"product-type-simple"},"_links":{"self":[{"href":"https:\/\/nordicmart.andreevmaster.com\/sv\/wp-json\/wp\/v2\/product\/12174","targetHints":{"allow":["GET"]}}],"collection":[{"href":"https:\/\/nordicmart.andreevmaster.com\/sv\/wp-json\/wp\/v2\/product"}],"about":[{"href":"https:\/\/nordicmart.andreevmaster.com\/sv\/wp-json\/wp\/v2\/types\/product"}],"replies":[{"embeddable":true,"href":"https:\/\/nordicmart.andreevmaster.com\/sv\/wp-json\/wp\/v2\/comments?post=12174"}],"wp:attachment":[{"href":"https:\/\/nordicmart.andreevmaster.com\/sv\/wp-json\/wp\/v2\/media?parent=12174"}],"wp:term":[{"taxonomy":"product_brand","embeddable":true,"href":"https:\/\/nordicmart.andreevmaster.com\/sv\/wp-json\/wp\/v2\/product_brand?post=12174"},{"taxonomy":"product_cat","embeddable":true,"href":"https:\/\/nordicmart.andreevmaster.com\/sv\/wp-json\/wp\/v2\/product_cat?post=12174"},{"taxonomy":"product_tag","embeddable":true,"href":"https:\/\/nordicmart.andreevmaster.com\/sv\/wp-json\/wp\/v2\/product_tag?post=12174"}],"curies":[{"name":"wp","href":"https:\/\/api.w.org\/{rel}","templated":true}]}}