{"id":12172,"date":"2026-02-27T00:13:04","date_gmt":"2026-02-27T00:13:04","guid":{"rendered":"https:\/\/nordicmart.andreevmaster.com\/product\/songmics-svart-ograsvav-ograsfolie-50-m%c2%b2-1-m-x-50-m\/"},"modified":"2026-02-27T08:07:28","modified_gmt":"2026-02-27T08:07:28","slug":"songmics-svart-ograsvav-ograsfolie-50-m%c2%b2-1-m-x-50-m","status":"publish","type":"product","link":"https:\/\/nordicmart.andreevmaster.com\/sv\/produkt\/songmics-svart-ograsvav-ograsfolie-50-m%c2%b2-1-m-x-50-m\/","title":{"rendered":"SONGMICS Svart ogr\u00e4sv\u00e4v Ogr\u00e4sfolie 50 m\u00b2 (1 m x 50 m)"},"content":{"rendered":"<p>SLUTA MED TEATER: Ogr\u00e4sbek\u00e4mpning utan kemikalier betyder inte att du m\u00e5ste g\u00e5 tillbaka till sten\u00e5ldern. Du beh\u00f6ver absolut inte b\u00f6ja dig \u00f6ver dina rabatter och rensa ogr\u00e4s under l\u00e5ng tid. Denna ogr\u00e4sduk \u00e4r din avancerade allierade i kampen mot besv\u00e4rliga v\u00e4xter. L\u00e4gg denna folie av 50 g\/m\u00b2 PP med UV-stabilisator \u00f6ver marken innan du planterar blommor eller gr\u00f6nsaker. Folien avsk\u00e4rmar solstr\u00e5larna som ogr\u00e4set beh\u00f6ver f\u00f6r att gro ur jorden. Nu beh\u00f6ver du \u00e4ntligen inte l\u00e4ngre irritera dig p\u00e5 de o\u00f6nskade pl\u00e5gorisarna! JORDEN F\u00d6RBLIR VACKERT FUKTIG: Tr\u00e4dg\u00e5rdsduken driver inte bara bort ogr\u00e4s. Folien \u00e4r dessutom andningsbar och vattengenomsl\u00e4pplig, s\u00e5 att regn kan rinna igenom utan problem. Dessutom reglerar duken fuktigheten i jorden, s\u00e5 att dina v\u00e4xter kan v\u00e4xa sig friska och starka. Produktdetaljer: F\u00e4rg: Svart Material: 50 g\/m\u00b2 PP (polypropen), UV-stabilisator Storlek: 1 m x 50 m (B x L) Vikt: 5,2 kg Leveransomfattning: 1 x tr\u00e4dg\u00e5rdsduk 10 x jordankare<\/p>\n","protected":false},"excerpt":{"rendered":"<p>SONGMICS ogr\u00e4sduk 50 m\u00b2 (1 m x 50 m), tr\u00e4dg\u00e5rdsduk av 50 g\/m\u00b2 PP (polyproylen), ogr\u00e4sfolie, tr\u00e4dg\u00e5rd, rabatt, ogr\u00e4sfri, h\u00f6g belastningsf\u00f6rm\u00e5ga, vattent\u00e4t, UV-best\u00e4ndig, svart GWF15BKV1<\/p>\n","protected":false},"featured_media":40479,"comment_status":"open","ping_status":"closed","template":"","meta":[],"product_brand":[],"product_cat":[33],"product_tag":[],"class_list":{"0":"post-12172","1":"product","2":"type-product","3":"status-publish","4":"has-post-thumbnail","6":"product_cat-okategoriserad","8":"first","9":"instock","10":"shipping-taxable","11":"purchasable","12":"product-type-simple"},"_links":{"self":[{"href":"https:\/\/nordicmart.andreevmaster.com\/sv\/wp-json\/wp\/v2\/product\/12172","targetHints":{"allow":["GET"]}}],"collection":[{"href":"https:\/\/nordicmart.andreevmaster.com\/sv\/wp-json\/wp\/v2\/product"}],"about":[{"href":"https:\/\/nordicmart.andreevmaster.com\/sv\/wp-json\/wp\/v2\/types\/product"}],"replies":[{"embeddable":true,"href":"https:\/\/nordicmart.andreevmaster.com\/sv\/wp-json\/wp\/v2\/comments?post=12172"}],"wp:featuredmedia":[{"embeddable":true,"href":"https:\/\/nordicmart.andreevmaster.com\/sv\/wp-json\/wp\/v2\/media\/40479"}],"wp:attachment":[{"href":"https:\/\/nordicmart.andreevmaster.com\/sv\/wp-json\/wp\/v2\/media?parent=12172"}],"wp:term":[{"taxonomy":"product_brand","embeddable":true,"href":"https:\/\/nordicmart.andreevmaster.com\/sv\/wp-json\/wp\/v2\/product_brand?post=12172"},{"taxonomy":"product_cat","embeddable":true,"href":"https:\/\/nordicmart.andreevmaster.com\/sv\/wp-json\/wp\/v2\/product_cat?post=12172"},{"taxonomy":"product_tag","embeddable":true,"href":"https:\/\/nordicmart.andreevmaster.com\/sv\/wp-json\/wp\/v2\/product_tag?post=12172"}],"curies":[{"name":"wp","href":"https:\/\/api.w.org\/{rel}","templated":true}]}}