{"id":12170,"date":"2026-02-27T00:13:04","date_gmt":"2026-02-27T00:13:04","guid":{"rendered":"https:\/\/nordicmart.andreevmaster.com\/product\/songmics-275-x-90-cm-tak\/"},"modified":"2026-02-27T08:07:28","modified_gmt":"2026-02-27T08:07:28","slug":"songmics-275-x-90-cm-tak","status":"publish","type":"product","link":"https:\/\/nordicmart.andreevmaster.com\/sv\/produkt\/songmics-275-x-90-cm-tak\/","title":{"rendered":"SONGMICS 275 x 90 cm tak"},"content":{"rendered":"<p>Med detta SONGMICS d\u00f6rrmarkis beh\u00f6ver du inte l\u00e4ngre st\u00e5 i regnet. Markisen \u00e4r tillverkad av 5 mm styvt polykarbonat. Den \u00e4r stark och h\u00e5llbar och sl\u00e4pper igenom naturligt ljus utan att regnet h\u00f6rs f\u00f6r mycket. Den har en solid och stabil struktur som f\u00f6rst\u00e4rker styrkan och b\u00e4ttre motst\u00e5r v\u00e4der och vind. Markisen \u00e4r enkel att montera och reng\u00f6ra, torka bara av den med en trasa. Tack vare den utdragbara strukturen kan du ta flera av dem och montera ihop dem. Detta d\u00f6rrtak \u00e4r ett perfekt val f\u00f6r d\u00f6rrar, f\u00f6nster, terrasser och mycket mer&#8230; Specifikationer: &#8211; F\u00e4rg: Transparent, gr\u00e5 &#8211; Material: Tak av polykarbonat, PPO-plastf\u00e4sten, aluminiumkanter fram och bak &#8211; Produktstorlek: 275 x 90 x 30 cm (L x B x H) &#8211; Panelens tjocklek: 5 mm &#8211; Produktvikt: 8,5 kg F\u00f6rpackningens inneh\u00e5ll: &#8211; 1 x set med tak (3 paneler, 4 f\u00e4sten, 6 aluminiumkanter) &#8211; 1 x monteringssats &#8211; 1 x instruktioner (EN, DE, FR, IT, ES) SONGMICS Anm\u00e4rkningar: &#8211; Den fr\u00e4mre kanten \u00e4r 5 cm l\u00e4gre \u00e4n f\u00e4stets undersida. Observera att h\u00e5len inte f\u00e5r borras f\u00f6r l\u00e5gt f\u00f6r att d\u00f6rren ska kunna sv\u00e4ngas upp. &#8211; F\u00e4stena m\u00e5ste monteras i horisontellt l\u00e4ge. &#8211; F\u00f6r att undvika vattenl\u00e4ckage rekommenderas att foga t\u00e4tas precis d\u00e4r taket m\u00f6ter v\u00e4ggen p\u00e5 baksidan med silikont\u00e4tningsmedel (medf\u00f6ljer ej). &#8211; Reng\u00f6r f\u00f6rst ytan d\u00e4r taket ska monteras. &#8211; Skruvar och bultar medf\u00f6ljer f\u00f6r montering av produkten p\u00e5 solida betong- eller cementv\u00e4ggar. Med tanke p\u00e5 v\u00e4ggarnas m\u00e5ngfald b\u00f6r du f\u00f6rst skaffa l\u00e4mpliga skruvar och ankare fr\u00e5n en j\u00e4rnhandel.<\/p>\n","protected":false},"excerpt":{"rendered":"<p>SONGMICS 275 x 90 cm pulpettak, d\u00f6rrtak, tak, ytterd\u00f6rrtak, transparentgr\u00e5tt GVH279<\/p>\n","protected":false},"featured_media":40478,"comment_status":"open","ping_status":"closed","template":"","meta":[],"product_brand":[],"product_cat":[33],"product_tag":[],"class_list":{"0":"post-12170","1":"product","2":"type-product","3":"status-publish","4":"has-post-thumbnail","6":"product_cat-okategoriserad","8":"first","9":"instock","10":"shipping-taxable","11":"purchasable","12":"product-type-simple"},"_links":{"self":[{"href":"https:\/\/nordicmart.andreevmaster.com\/sv\/wp-json\/wp\/v2\/product\/12170","targetHints":{"allow":["GET"]}}],"collection":[{"href":"https:\/\/nordicmart.andreevmaster.com\/sv\/wp-json\/wp\/v2\/product"}],"about":[{"href":"https:\/\/nordicmart.andreevmaster.com\/sv\/wp-json\/wp\/v2\/types\/product"}],"replies":[{"embeddable":true,"href":"https:\/\/nordicmart.andreevmaster.com\/sv\/wp-json\/wp\/v2\/comments?post=12170"}],"wp:featuredmedia":[{"embeddable":true,"href":"https:\/\/nordicmart.andreevmaster.com\/sv\/wp-json\/wp\/v2\/media\/40478"}],"wp:attachment":[{"href":"https:\/\/nordicmart.andreevmaster.com\/sv\/wp-json\/wp\/v2\/media?parent=12170"}],"wp:term":[{"taxonomy":"product_brand","embeddable":true,"href":"https:\/\/nordicmart.andreevmaster.com\/sv\/wp-json\/wp\/v2\/product_brand?post=12170"},{"taxonomy":"product_cat","embeddable":true,"href":"https:\/\/nordicmart.andreevmaster.com\/sv\/wp-json\/wp\/v2\/product_cat?post=12170"},{"taxonomy":"product_tag","embeddable":true,"href":"https:\/\/nordicmart.andreevmaster.com\/sv\/wp-json\/wp\/v2\/product_tag?post=12170"}],"curies":[{"name":"wp","href":"https:\/\/api.w.org\/{rel}","templated":true}]}}