{"id":12169,"date":"2026-02-27T00:13:04","date_gmt":"2026-02-27T00:13:04","guid":{"rendered":"https:\/\/nordicmart.andreevmaster.com\/product\/songmics-tak-195-x-96-cm-transparentgra\/"},"modified":"2026-02-27T08:07:28","modified_gmt":"2026-02-27T08:07:28","slug":"songmics-tak-195-x-96-cm-transparentgra","status":"publish","type":"product","link":"https:\/\/nordicmart.andreevmaster.com\/sv\/produkt\/songmics-tak-195-x-96-cm-transparentgra\/","title":{"rendered":"SONGMICS tak 195 x 96 cm transparentgr\u00e5"},"content":{"rendered":"<p>Vinn \u00f6ver regnet! I ena handen har du shoppingkassen, i den andra paraplyet \u2013 hur ska du nu \u00f6ppna ytterd\u00f6rren? Under detta h\u00f6gkvalitativa tak av polykarbonat, som monteras \u00f6ver din ytterd\u00f6rr, \u00e4r du v\u00e4l skyddad. St\u00e4ng paraplyet och g\u00e5 in i huset torr och lugn! Sl\u00e4pp in ljuset! Tack vare sin v\u00e4lvda design passar detta tak \u00e4ven f\u00f6r montering \u00f6ver f\u00f6nster. Sn\u00f6 och regn glider ner p\u00e5 marken utan att samlas p\u00e5 taket eller f\u00f6nsterbr\u00e4dan. Trots detta m\u00f6rknar inte dina rum av detta tak, eftersom rutorna sl\u00e4pper igenom mycket ljus. Produktdetaljer: &#8211; F\u00e4rg: transparent gr\u00e5 &#8211; Material: polykarbonatglas, PPO-plastf\u00e4sten, fr\u00e4mre och bakre kanter av aluminium &#8211; Produktm\u00e5tt: 195 x 96 x 33,5 cm (L x B x H) &#8211; Tjocklek p\u00e5 polykarbonatglas: 5 mm &#8211; Vikt: 6,2 kg Leveransomfattning: &#8211; 1 x tak (2 polykarbonatskivor i 98 x 93 cm, 3 v\u00e4ggf\u00e4sten och 4 aluminiumkanter) &#8211; 1 x tillbeh\u00f6rspaket &#8211; 1 x bruksanvisning (DE, EN, FR, IT, ES)<\/p>\n","protected":false},"excerpt":{"rendered":"<p>SONGMICS tak, 195 x 96 cm, tak, 5 mm tjocka polykarbonatskivor, tak \u00f6ver ytterd\u00f6rren, tak med pulpettak, regnskydd, transparentgr\u00e5 GVH191<\/p>\n","protected":false},"featured_media":40477,"comment_status":"open","ping_status":"closed","template":"","meta":[],"product_brand":[],"product_cat":[33],"product_tag":[],"class_list":{"0":"post-12169","1":"product","2":"type-product","3":"status-publish","4":"has-post-thumbnail","6":"product_cat-okategoriserad","8":"first","9":"instock","10":"shipping-taxable","11":"purchasable","12":"product-type-simple"},"_links":{"self":[{"href":"https:\/\/nordicmart.andreevmaster.com\/sv\/wp-json\/wp\/v2\/product\/12169","targetHints":{"allow":["GET"]}}],"collection":[{"href":"https:\/\/nordicmart.andreevmaster.com\/sv\/wp-json\/wp\/v2\/product"}],"about":[{"href":"https:\/\/nordicmart.andreevmaster.com\/sv\/wp-json\/wp\/v2\/types\/product"}],"replies":[{"embeddable":true,"href":"https:\/\/nordicmart.andreevmaster.com\/sv\/wp-json\/wp\/v2\/comments?post=12169"}],"wp:featuredmedia":[{"embeddable":true,"href":"https:\/\/nordicmart.andreevmaster.com\/sv\/wp-json\/wp\/v2\/media\/40477"}],"wp:attachment":[{"href":"https:\/\/nordicmart.andreevmaster.com\/sv\/wp-json\/wp\/v2\/media?parent=12169"}],"wp:term":[{"taxonomy":"product_brand","embeddable":true,"href":"https:\/\/nordicmart.andreevmaster.com\/sv\/wp-json\/wp\/v2\/product_brand?post=12169"},{"taxonomy":"product_cat","embeddable":true,"href":"https:\/\/nordicmart.andreevmaster.com\/sv\/wp-json\/wp\/v2\/product_cat?post=12169"},{"taxonomy":"product_tag","embeddable":true,"href":"https:\/\/nordicmart.andreevmaster.com\/sv\/wp-json\/wp\/v2\/product_tag?post=12169"}],"curies":[{"name":"wp","href":"https:\/\/api.w.org\/{rel}","templated":true}]}}