{"id":12168,"date":"2026-02-27T00:13:03","date_gmt":"2026-02-27T00:13:03","guid":{"rendered":"https:\/\/nordicmart.andreevmaster.com\/product\/songmics-155-x-96-cm-tak-transparentgra\/"},"modified":"2026-02-27T08:07:27","modified_gmt":"2026-02-27T08:07:27","slug":"songmics-155-x-96-cm-tak-transparentgra","status":"publish","type":"product","link":"https:\/\/nordicmart.andreevmaster.com\/sv\/produkt\/songmics-155-x-96-cm-tak-transparentgra\/","title":{"rendered":"SONGMICS 155 x 96 cm tak transparentgr\u00e5"},"content":{"rendered":"<p>Detta tak fr\u00e5n SONGMICS f\u00f6renar funktionalitet och stil! Det erbjuder skydd vid d\u00e5ligt v\u00e4der och \u00e4r eftertraktat f\u00f6r alla d\u00f6rrar och f\u00f6nster. 5 mm tjocka polykarbonatskivor, v\u00e4ggf\u00e4sten av PPO-plast \u2013 detta tak \u00f6vertygar med sin goda stabilitet. Detta tak \u00f6ver ytterd\u00f6rren skyddar inte bara mot d\u00e5ligt v\u00e4der. Det ger ocks\u00e5 din entr\u00e9 ett attraktivt utseende. Produktdetaljer: &#8211; F\u00e4rg: Transparentgr\u00e5 &#8211; Material: Polykarbonatskivor, PPO-plastf\u00e4sten, fr\u00e4mre och bakre kanter av aluminium &#8211; Produktm\u00e5tt: 155 x 96 x 33,5 cm (L x B x H) &#8211; Tjocklek p\u00e5 polykarbonatskivorna: 5 mm &#8211; Vikt: 5,3 kg Leveransomfattning:- 1 x tak (2 polykarbonatskivor i 98 x 75 cm, 3 v\u00e4ggf\u00e4sten och 4 aluminiumkanter) &#8211; 1 x tillbeh\u00f6rspaket &#8211; 1 x bruksanvisning (DE, EN, FR, IT, ES)<\/p>\n","protected":false},"excerpt":{"rendered":"<p>SONGMICS 155 x 96 cm tak, tak, 5 mm tjocka polykarbonatskivor, regnskydd, transparentgr\u00e5 GVH158<\/p>\n","protected":false},"featured_media":40476,"comment_status":"open","ping_status":"closed","template":"","meta":[],"product_brand":[],"product_cat":[33],"product_tag":[],"class_list":{"0":"post-12168","1":"product","2":"type-product","3":"status-publish","4":"has-post-thumbnail","6":"product_cat-okategoriserad","8":"first","9":"instock","10":"shipping-taxable","11":"purchasable","12":"product-type-simple"},"_links":{"self":[{"href":"https:\/\/nordicmart.andreevmaster.com\/sv\/wp-json\/wp\/v2\/product\/12168","targetHints":{"allow":["GET"]}}],"collection":[{"href":"https:\/\/nordicmart.andreevmaster.com\/sv\/wp-json\/wp\/v2\/product"}],"about":[{"href":"https:\/\/nordicmart.andreevmaster.com\/sv\/wp-json\/wp\/v2\/types\/product"}],"replies":[{"embeddable":true,"href":"https:\/\/nordicmart.andreevmaster.com\/sv\/wp-json\/wp\/v2\/comments?post=12168"}],"wp:featuredmedia":[{"embeddable":true,"href":"https:\/\/nordicmart.andreevmaster.com\/sv\/wp-json\/wp\/v2\/media\/40476"}],"wp:attachment":[{"href":"https:\/\/nordicmart.andreevmaster.com\/sv\/wp-json\/wp\/v2\/media?parent=12168"}],"wp:term":[{"taxonomy":"product_brand","embeddable":true,"href":"https:\/\/nordicmart.andreevmaster.com\/sv\/wp-json\/wp\/v2\/product_brand?post=12168"},{"taxonomy":"product_cat","embeddable":true,"href":"https:\/\/nordicmart.andreevmaster.com\/sv\/wp-json\/wp\/v2\/product_cat?post=12168"},{"taxonomy":"product_tag","embeddable":true,"href":"https:\/\/nordicmart.andreevmaster.com\/sv\/wp-json\/wp\/v2\/product_tag?post=12168"}],"curies":[{"name":"wp","href":"https:\/\/api.w.org\/{rel}","templated":true}]}}