{"id":12167,"date":"2026-02-27T00:13:03","date_gmt":"2026-02-27T00:13:03","guid":{"rendered":"https:\/\/nordicmart.andreevmaster.com\/product\/songmics-tak-overtackning-transparent\/"},"modified":"2026-02-27T08:07:27","modified_gmt":"2026-02-27T08:07:27","slug":"songmics-tak-overtackning-transparent","status":"publish","type":"product","link":"https:\/\/nordicmart.andreevmaster.com\/sv\/produkt\/songmics-tak-overtackning-transparent\/","title":{"rendered":"SONGMICS Tak \u00d6vert\u00e4ckning Transparent"},"content":{"rendered":"<p>Produktdetaljer: Produktm\u00e5tt: 125 x 75 cm (B x D) Material i taket: Massiv polykarbonatplatta Plattans tjocklek: 3 mm Material i kantlisten: aluminium Material i b\u00e4rarmarna: PPO-plast F\u00e4rg: Tak: transparent, b\u00e4rarmar\/aluminiumlist: silvergr\u00e5 Leveransomfattning: 1 x tak (monteringssats f\u00f6r standardmontering) 1 x monteringsanvisning (DE, EN, FR, IT, ES)<\/p>\n","protected":false},"excerpt":{"rendered":"<p>SONGMICS Sk\u00e4rmtak, 3 mm tjocklek, polykarbonat, f\u00f6r ytterd\u00f6rr, pulpettak, 125 x 75 cm GVH128<\/p>\n","protected":false},"featured_media":0,"comment_status":"open","ping_status":"closed","template":"","meta":[],"product_brand":[],"product_cat":[33],"product_tag":[],"class_list":{"0":"post-12167","1":"product","2":"type-product","3":"status-publish","5":"product_cat-okategoriserad","7":"first","8":"instock","9":"shipping-taxable","10":"purchasable","11":"product-type-simple"},"_links":{"self":[{"href":"https:\/\/nordicmart.andreevmaster.com\/sv\/wp-json\/wp\/v2\/product\/12167","targetHints":{"allow":["GET"]}}],"collection":[{"href":"https:\/\/nordicmart.andreevmaster.com\/sv\/wp-json\/wp\/v2\/product"}],"about":[{"href":"https:\/\/nordicmart.andreevmaster.com\/sv\/wp-json\/wp\/v2\/types\/product"}],"replies":[{"embeddable":true,"href":"https:\/\/nordicmart.andreevmaster.com\/sv\/wp-json\/wp\/v2\/comments?post=12167"}],"wp:attachment":[{"href":"https:\/\/nordicmart.andreevmaster.com\/sv\/wp-json\/wp\/v2\/media?parent=12167"}],"wp:term":[{"taxonomy":"product_brand","embeddable":true,"href":"https:\/\/nordicmart.andreevmaster.com\/sv\/wp-json\/wp\/v2\/product_brand?post=12167"},{"taxonomy":"product_cat","embeddable":true,"href":"https:\/\/nordicmart.andreevmaster.com\/sv\/wp-json\/wp\/v2\/product_cat?post=12167"},{"taxonomy":"product_tag","embeddable":true,"href":"https:\/\/nordicmart.andreevmaster.com\/sv\/wp-json\/wp\/v2\/product_tag?post=12167"}],"curies":[{"name":"wp","href":"https:\/\/api.w.org\/{rel}","templated":true}]}}