{"id":12166,"date":"2026-02-27T00:13:03","date_gmt":"2026-02-27T00:13:03","guid":{"rendered":"https:\/\/nordicmart.andreevmaster.com\/product\/songmics-skrivbordstak-125-x-75-cm-transparent\/"},"modified":"2026-02-27T08:07:27","modified_gmt":"2026-02-27T08:07:27","slug":"songmics-skrivbordstak-125-x-75-cm-transparent","status":"publish","type":"product","link":"https:\/\/nordicmart.andreevmaster.com\/sv\/produkt\/songmics-skrivbordstak-125-x-75-cm-transparent\/","title":{"rendered":"SONGMICS skrivbordstak 125 x 75 cm transparent"},"content":{"rendered":"<p>Det unika taket fr\u00e5n SONGMICS \u00f6vertygar med sitt tilltalande och eleganta utseende och \u00e4r tillverkat med h\u00f6ga krav p\u00e5 material och funktionalitet! Det \u00e4r tillverkat av en 5 mm tjock ih\u00e5lig polykarbonatplatta och \u00e4r transparent, form- och slagt\u00e5ligt, v\u00e4rmebest\u00e4ndigt och har en mycket l\u00e5ng livsl\u00e4ngd. Det erbjuder inte bara optimalt skydd mot vind och v\u00e4der, utan minskar ocks\u00e5 risken f\u00f6r halka framf\u00f6r din ytterd\u00f6rr. Dessutom ger det din entr\u00e9 extra stil och charm. Vid behov kan det ut\u00f6kas genom att anv\u00e4nda ytterligare set fr\u00e5n oss. Skyddstaken fr\u00e5n SONGMICS \u00e4r en idealisk l\u00f6sning f\u00f6r att skydda entr\u00e9, ytterd\u00f6rr, tr\u00e4dg\u00e5rdsd\u00f6rr, balkong, garage eller uthus. Produktdetaljer: &#8211; Produktm\u00e5tt: 125 x 75 cm (B x D) &#8211; Material p\u00e5 taket: H\u00e5lplatta av polykarbonat (tjocklek: 5 mm )- Kantning: Aluminium- St\u00f6darmar: PPO-plast- F\u00e4rg:- Tak: transparent- St\u00f6darmar\/aluminiumlist: silvergr\u00e5Leveransomfattning:- 1 x tak (monteringssats f\u00f6r standardmontering)- 1 x monteringsanvisning (DE, EN, FR, IT, ES)<\/p>\n","protected":false},"excerpt":{"rendered":"<p>SONGMICS 125 x 75 cm pulpkapell, kapell, d\u00f6rrtak, tak, transparent, GVH017<\/p>\n","protected":false},"featured_media":40475,"comment_status":"open","ping_status":"closed","template":"","meta":[],"product_brand":[],"product_cat":[33],"product_tag":[],"class_list":{"0":"post-12166","1":"product","2":"type-product","3":"status-publish","4":"has-post-thumbnail","6":"product_cat-okategoriserad","8":"first","9":"instock","10":"shipping-taxable","11":"purchasable","12":"product-type-simple"},"_links":{"self":[{"href":"https:\/\/nordicmart.andreevmaster.com\/sv\/wp-json\/wp\/v2\/product\/12166","targetHints":{"allow":["GET"]}}],"collection":[{"href":"https:\/\/nordicmart.andreevmaster.com\/sv\/wp-json\/wp\/v2\/product"}],"about":[{"href":"https:\/\/nordicmart.andreevmaster.com\/sv\/wp-json\/wp\/v2\/types\/product"}],"replies":[{"embeddable":true,"href":"https:\/\/nordicmart.andreevmaster.com\/sv\/wp-json\/wp\/v2\/comments?post=12166"}],"wp:featuredmedia":[{"embeddable":true,"href":"https:\/\/nordicmart.andreevmaster.com\/sv\/wp-json\/wp\/v2\/media\/40475"}],"wp:attachment":[{"href":"https:\/\/nordicmart.andreevmaster.com\/sv\/wp-json\/wp\/v2\/media?parent=12166"}],"wp:term":[{"taxonomy":"product_brand","embeddable":true,"href":"https:\/\/nordicmart.andreevmaster.com\/sv\/wp-json\/wp\/v2\/product_brand?post=12166"},{"taxonomy":"product_cat","embeddable":true,"href":"https:\/\/nordicmart.andreevmaster.com\/sv\/wp-json\/wp\/v2\/product_cat?post=12166"},{"taxonomy":"product_tag","embeddable":true,"href":"https:\/\/nordicmart.andreevmaster.com\/sv\/wp-json\/wp\/v2\/product_tag?post=12166"}],"curies":[{"name":"wp","href":"https:\/\/api.w.org\/{rel}","templated":true}]}}