{"id":12165,"date":"2026-02-27T00:13:03","date_gmt":"2026-02-27T00:13:03","guid":{"rendered":"https:\/\/nordicmart.andreevmaster.com\/product\/songmics-fyrkantig-parasollfot-for-15-3-m-parasoll-svart\/"},"modified":"2026-02-27T08:07:27","modified_gmt":"2026-02-27T08:07:27","slug":"songmics-fyrkantig-parasollfot-for-15-3-m-parasoll-svart","status":"publish","type":"product","link":"https:\/\/nordicmart.andreevmaster.com\/sv\/produkt\/songmics-fyrkantig-parasollfot-for-15-3-m-parasoll-svart\/","title":{"rendered":"SONGMICS fyrkantig parasollfot f\u00f6r 1,5\u20133 m parasoll, svart"},"content":{"rendered":"<p>SONGMICS parasollfot, parasollst\u00e4ll, kan fyllas med sand, parasollh\u00e5llare, f\u00f6r 1,5\u20133 m parasoll, parasollfot, med 3 reduceringsringar, svart GUB0041B01<br \/>\nF\u00e4rg: Svart<br \/>\nMaterial: St\u00e5l, 600D Oxford-tyg<br \/>\nStorlek: 50 x 50 x 40 cm (L x B x H)<br \/>\nVikt: 3,9 kg<\/p>\n","protected":false},"excerpt":{"rendered":"<p>SONGMICS parasollfot, parasollst\u00e4ll, kan fyllas med sand, parasollh\u00e5llare, f\u00f6r 1,5\u20133 m parasoll, parasollfot, med 3 reduceringsringar, svart GUB0041B01<\/p>\n","protected":false},"featured_media":40474,"comment_status":"open","ping_status":"closed","template":"","meta":[],"product_brand":[],"product_cat":[33],"product_tag":[],"class_list":{"0":"post-12165","1":"product","2":"type-product","3":"status-publish","4":"has-post-thumbnail","6":"product_cat-okategoriserad","8":"first","9":"instock","10":"shipping-taxable","11":"purchasable","12":"product-type-simple"},"_links":{"self":[{"href":"https:\/\/nordicmart.andreevmaster.com\/sv\/wp-json\/wp\/v2\/product\/12165","targetHints":{"allow":["GET"]}}],"collection":[{"href":"https:\/\/nordicmart.andreevmaster.com\/sv\/wp-json\/wp\/v2\/product"}],"about":[{"href":"https:\/\/nordicmart.andreevmaster.com\/sv\/wp-json\/wp\/v2\/types\/product"}],"replies":[{"embeddable":true,"href":"https:\/\/nordicmart.andreevmaster.com\/sv\/wp-json\/wp\/v2\/comments?post=12165"}],"wp:featuredmedia":[{"embeddable":true,"href":"https:\/\/nordicmart.andreevmaster.com\/sv\/wp-json\/wp\/v2\/media\/40474"}],"wp:attachment":[{"href":"https:\/\/nordicmart.andreevmaster.com\/sv\/wp-json\/wp\/v2\/media?parent=12165"}],"wp:term":[{"taxonomy":"product_brand","embeddable":true,"href":"https:\/\/nordicmart.andreevmaster.com\/sv\/wp-json\/wp\/v2\/product_brand?post=12165"},{"taxonomy":"product_cat","embeddable":true,"href":"https:\/\/nordicmart.andreevmaster.com\/sv\/wp-json\/wp\/v2\/product_cat?post=12165"},{"taxonomy":"product_tag","embeddable":true,"href":"https:\/\/nordicmart.andreevmaster.com\/sv\/wp-json\/wp\/v2\/product_tag?post=12165"}],"curies":[{"name":"wp","href":"https:\/\/api.w.org\/{rel}","templated":true}]}}