{"id":12163,"date":"2026-02-27T00:13:02","date_gmt":"2026-02-27T00:13:02","guid":{"rendered":"https:\/\/nordicmart.andreevmaster.com\/product\/songmics-m8-tillbehor-for-solsegel-tradgard\/"},"modified":"2026-02-27T08:07:27","modified_gmt":"2026-02-27T08:07:27","slug":"songmics-m8-tillbehor-for-solsegel-tradgard","status":"publish","type":"product","link":"https:\/\/nordicmart.andreevmaster.com\/sv\/produkt\/songmics-m8-tillbehor-for-solsegel-tradgard\/","title":{"rendered":"SONGMICS M8 Tillbeh\u00f6r f\u00f6r solsegel Tr\u00e4dg\u00e5rd"},"content":{"rendered":"<p>Produktdetaljer: &#8211; F\u00e4rg: Silver &#8211; Material: 304 rostfritt st\u00e5l &#8211; Vikt: 0,7 kg Leveransomfattning: &#8211; 2 x sp\u00e4nnskruv &#8211; 2 x karbinhake &#8211; 4 x v\u00e4ggf\u00e4ste &#8211; 18 x skruv<\/p>\n","protected":false},"excerpt":{"rendered":"<p>SONGMICS M8 Tillbeh\u00f6r f\u00f6r solsegel, f\u00e4stset, 304 rostfritt st\u00e5l, h\u00f6gbelastningsbart monterings tillbeh\u00f6r, f\u00f6r rektangul\u00e4ra, triangul\u00e4ra och kvadratiska solsegel, tr\u00e4dg\u00e5rd GSS844P*A<\/p>\n","protected":false},"featured_media":40472,"comment_status":"open","ping_status":"closed","template":"","meta":[],"product_brand":[],"product_cat":[33],"product_tag":[],"class_list":{"0":"post-12163","1":"product","2":"type-product","3":"status-publish","4":"has-post-thumbnail","6":"product_cat-okategoriserad","8":"first","9":"instock","10":"shipping-taxable","11":"purchasable","12":"product-type-simple"},"_links":{"self":[{"href":"https:\/\/nordicmart.andreevmaster.com\/sv\/wp-json\/wp\/v2\/product\/12163","targetHints":{"allow":["GET"]}}],"collection":[{"href":"https:\/\/nordicmart.andreevmaster.com\/sv\/wp-json\/wp\/v2\/product"}],"about":[{"href":"https:\/\/nordicmart.andreevmaster.com\/sv\/wp-json\/wp\/v2\/types\/product"}],"replies":[{"embeddable":true,"href":"https:\/\/nordicmart.andreevmaster.com\/sv\/wp-json\/wp\/v2\/comments?post=12163"}],"wp:featuredmedia":[{"embeddable":true,"href":"https:\/\/nordicmart.andreevmaster.com\/sv\/wp-json\/wp\/v2\/media\/40472"}],"wp:attachment":[{"href":"https:\/\/nordicmart.andreevmaster.com\/sv\/wp-json\/wp\/v2\/media?parent=12163"}],"wp:term":[{"taxonomy":"product_brand","embeddable":true,"href":"https:\/\/nordicmart.andreevmaster.com\/sv\/wp-json\/wp\/v2\/product_brand?post=12163"},{"taxonomy":"product_cat","embeddable":true,"href":"https:\/\/nordicmart.andreevmaster.com\/sv\/wp-json\/wp\/v2\/product_cat?post=12163"},{"taxonomy":"product_tag","embeddable":true,"href":"https:\/\/nordicmart.andreevmaster.com\/sv\/wp-json\/wp\/v2\/product_tag?post=12163"}],"curies":[{"name":"wp","href":"https:\/\/api.w.org\/{rel}","templated":true}]}}