{"id":12161,"date":"2026-02-27T00:13:02","date_gmt":"2026-02-27T00:13:02","guid":{"rendered":"https:\/\/nordicmart.andreevmaster.com\/product\/songmics-solsegel-5-x-5-m-rokgra\/"},"modified":"2026-02-27T08:07:26","modified_gmt":"2026-02-27T08:07:26","slug":"songmics-solsegel-5-x-5-m-rokgra","status":"publish","type":"product","link":"https:\/\/nordicmart.andreevmaster.com\/sv\/produkt\/songmics-solsegel-5-x-5-m-rokgra\/","title":{"rendered":"SONGMICS solsegel 5 x 5 m r\u00f6kgr\u00e5"},"content":{"rendered":"<p>S\u00e5 monterar du solseglet: L\u00e4gg ut solseglet p\u00e5 den plats d\u00e4r du beh\u00f6ver solskydd. Leta sedan upp fyra f\u00e4stpunkter d\u00e4r du vill f\u00e4sta rep. Dessa \u00e4r 2 m l\u00e5nga, s\u00e5 leta efter tr\u00e4d, stolpar eller andra stabila f\u00f6rem\u00e5l inom denna radie. F\u00e4st sedan linorna vid f\u00e4stpunkterna samt vid solseglets robusta \u00f6glor och rostfria ringar, s\u00e5 att presenningen kan sp\u00e4nnas \u00e5t med en lutningsvinkel p\u00e5 minst 20 grader. P\u00e5 s\u00e5 s\u00e4tt rinner regnvattnet av perfekt. F\u00f6r vilka platser \u00e4r detta solskydd l\u00e4mpligt? Finns det 4 f\u00e4stpunkter och tillr\u00e4ckligt med utrymme f\u00f6r seglet som \u00e4r 5 x 5 m stort? D\u00e5 \u00e4r detta den perfekta platsen f\u00f6r ditt nya solskydd, oavsett om det \u00e4r p\u00e5 campingen framf\u00f6r din husvagn, i din tr\u00e4dg\u00e5rd eller \u00f6ver din pool.Produktdetaljer: F\u00e4rg: R\u00f6kgr\u00e5 Material: H\u00f6gdensitets polyeten (HDPE\/180 g\/m\u00b2) Storlek: 5 x 5 m Vikt: 4,6 kg Leveransomfattning: 1 x solsegel 4 x f\u00e4strep SONGIMC Anvisningar: Luta duken 20 grader f\u00f6r att regnvattnet ska rinna av smidigt.F\u00f6rvara solseglet p\u00e5 en skyddad plats vid stark vind, under ov\u00e4der eller p\u00e5 vintern. Reng\u00f6r seglet med ett milt reng\u00f6ringsmedel eller vatten. Anv\u00e4nd aldrig en borste med h\u00e5rda borst eller kemiska v\u00e4tskor. Ej l\u00e4mpligt f\u00f6r maskintv\u00e4tt! Se till att inte h\u00e4nga upp seglet upp och ner.<\/p>\n","protected":false},"excerpt":{"rendered":"<p>SONGMICS solsegel 5 x 5 m, solskydd av rivfast HDPE-plast, v\u00e4derbest\u00e4ndigt UV-skydd, luftgenomsl\u00e4ppligt, tr\u00e4dg\u00e5rd, balkong, terrass, camping, rektangul\u00e4rt, 2 m rep, r\u00f6kgr\u00e5tt GSS55GY<\/p>\n","protected":false},"featured_media":40470,"comment_status":"open","ping_status":"closed","template":"","meta":[],"product_brand":[],"product_cat":[33],"product_tag":[],"class_list":{"0":"post-12161","1":"product","2":"type-product","3":"status-publish","4":"has-post-thumbnail","6":"product_cat-okategoriserad","8":"first","9":"instock","10":"shipping-taxable","11":"purchasable","12":"product-type-simple"},"_links":{"self":[{"href":"https:\/\/nordicmart.andreevmaster.com\/sv\/wp-json\/wp\/v2\/product\/12161","targetHints":{"allow":["GET"]}}],"collection":[{"href":"https:\/\/nordicmart.andreevmaster.com\/sv\/wp-json\/wp\/v2\/product"}],"about":[{"href":"https:\/\/nordicmart.andreevmaster.com\/sv\/wp-json\/wp\/v2\/types\/product"}],"replies":[{"embeddable":true,"href":"https:\/\/nordicmart.andreevmaster.com\/sv\/wp-json\/wp\/v2\/comments?post=12161"}],"wp:featuredmedia":[{"embeddable":true,"href":"https:\/\/nordicmart.andreevmaster.com\/sv\/wp-json\/wp\/v2\/media\/40470"}],"wp:attachment":[{"href":"https:\/\/nordicmart.andreevmaster.com\/sv\/wp-json\/wp\/v2\/media?parent=12161"}],"wp:term":[{"taxonomy":"product_brand","embeddable":true,"href":"https:\/\/nordicmart.andreevmaster.com\/sv\/wp-json\/wp\/v2\/product_brand?post=12161"},{"taxonomy":"product_cat","embeddable":true,"href":"https:\/\/nordicmart.andreevmaster.com\/sv\/wp-json\/wp\/v2\/product_cat?post=12161"},{"taxonomy":"product_tag","embeddable":true,"href":"https:\/\/nordicmart.andreevmaster.com\/sv\/wp-json\/wp\/v2\/product_tag?post=12161"}],"curies":[{"name":"wp","href":"https:\/\/api.w.org\/{rel}","templated":true}]}}