{"id":12151,"date":"2026-02-27T00:13:00","date_gmt":"2026-02-27T00:13:00","guid":{"rendered":"https:\/\/nordicmart.andreevmaster.com\/product\/3-x-5-m-hdpe-solsejl-markise-solbeskyttelse-uv-beskyttelse-andbar-have-balkon-terrasse-andbar-vandgennemtraengelig-sand-gul-2\/"},"modified":"2026-02-27T08:07:25","modified_gmt":"2026-02-27T08:07:25","slug":"3-x-5-m-hdpe-solsejl-markise-solbeskyttelse-uv-beskyttelse-andbar-have-balkon-terrasse-andbar-vandgennemtraengelig-sand-gul-2","status":"publish","type":"product","link":"https:\/\/nordicmart.andreevmaster.com\/sv\/produkt\/3-x-5-m-hdpe-solsejl-markise-solbeskyttelse-uv-beskyttelse-andbar-have-balkon-terrasse-andbar-vandgennemtraengelig-sand-gul-2\/","title":{"rendered":"3 x 5 m HDPE-solsejl Markise Solbeskyttelse UV-beskyttelse \u00c5ndbar Have Balkon Terrasse \u00c5ndbar Vandgennemtr\u00e6ngelig Sand Gul"},"content":{"rendered":"<p>Solbeskyttelse med sejl: Vores markise giver 85 % beskyttelse mod solen og giver skygge. UV-beskyttelse p\u00e5 altanen, terrassen og i haven, som carport, ved poolen og som solbeskyttelse for legende b\u00f8rn.Luftgennemtr\u00e6ngelig, vandgennemtr\u00e6ngelig: P\u00e5 grund af materialet kan vand og luft tr\u00e6nge gennem stoffet. Det inneb\u00e4r att det inte bildas v\u00e4rme under duken och att det inte bildas vattenp\u00f6lar vid regn. <\/p>\n<p>\u00d6kad s\u00e4kerhet tack vare h\u00f6gkvalitativ tillverkning: Ett h\u00f6gpresterande band \u00e4r insytt i alla s\u00f6mmar, vilket g\u00f6r solhandduken \u00e4nnu mer stabil. Hj\u00f6rnen \u00e4r f\u00f6rst\u00e4rkta och sydda flera g\u00e5nger och f\u00f6rskjutna med D-ringar av 304 rostfritt st\u00e5l. <\/p>\n<p>Rivfast och snabbtorkande: Tyget av HDPE (h\u00f6gdensitetspolyeten) med en materialvikt p\u00e5 180 g\/m\u00b2 \u00e4r rivfast och v\u00e4derbest\u00e4ndigt. Det torkar ocks\u00e5 snabbt och \u00e4r motst\u00e5ndskraftigt mot m\u00f6gel och r\u00f6ta. <\/p>\n<p>Stabilt, inga tygh\u00e4ngare: Det konkava (b\u00f6jda) snittet ger solseglet mer stabilitet och ger seglet permanent sp\u00e4nning s\u00e5 att det inte h\u00e4nger in\u00e5t.S\u00e5 f\u00e4ster du solseglet:&nbsp;Sprid ut solseglet p\u00e5 den plats d\u00e4r du beh\u00f6ver solskydd. Hitta sedan fyra fasta punkter som du vill f\u00e4sta rep till. De \u00e4r 2 meter l\u00e5nga, s\u00e5 hitta tr\u00e4d, stolpar eller andra stabila f\u00f6rem\u00e5l inom denna radie och f\u00e4st sedan repen till f\u00e4stpunkterna och till solseglets robusta \u00f6glor och ringar i rostfritt st\u00e5l, s\u00e5 att presenningen kan sp\u00e4nnas h\u00e5rt och i en vinkel p\u00e5 25 grader. Det betyder att regnvattnet rinner bort perfekt. Vilka platser \u00e4r detta solskydd l\u00e4mpligt f\u00f6r?:&nbsp;Det finns 4 f\u00e4stpunkter och tillr\u00e4ckligt med plats f\u00f6r det 3 x 5 m stora seglet? D\u00e5 \u00e4r detta den perfekta platsen f\u00f6r ditt nya solskydd, oavsett om det \u00e4r p\u00e5 campingplatsen framf\u00f6r din husvagn, i din tr\u00e4dg\u00e5rd eller \u00f6ver din pool. Produktdetaljer: F\u00e4rg: Sandgul Material: Solsegel: H\u00f6gdensitets-polyeten (180 g\/m\u00b2 HDPE)V\u00e4ska: PVC Storlek: 3 x 5 m (L x B) Vikt: 3,2 kg Leveransomfattning: 1 x solsegel 4 x f\u00e4strep SONGICs instruktioner: V\u00e4nligen vik tyget 25 grader s\u00e5 att regnvattnet kan rinna av j\u00e4mnt.F\u00f6rvara markisen p\u00e5 en skyddad plats under stormar eller p\u00e5 vintern och reng\u00f6r markisen med ett milt reng\u00f6ringsmedel eller vatten. Anv\u00e4nd aldrig en borste med h\u00e5rda borst eller kemiska v\u00e4tskor och se till att seglet inte h\u00e4nger upp och ner.<\/p>\n","protected":false},"excerpt":{"rendered":"<p>Solbeskyttelse med sejl: Vores markise giver 85 % beskyttelse mod solen og giver skygge. UV-beskyttelse p\u00e5 altanen, terrassen og i haven, som carport, ved poolen og som solbeskyttelse for legende b\u00f8rn.Luftgennemtr\u00e6ngelig, vandgennemtr\u00e6ngelig: P\u00e5 grund af materialet kan vand og luft tr\u00e6nge gennem stoffet. Det inneb\u00e4r att det inte bildas v\u00e4rme under duken och att det [&hellip;]<\/p>\n","protected":false},"featured_media":0,"comment_status":"open","ping_status":"closed","template":"","meta":[],"product_brand":[],"product_cat":[33],"product_tag":[],"class_list":{"0":"post-12151","1":"product","2":"type-product","3":"status-publish","5":"product_cat-okategoriserad","7":"first","8":"instock","9":"shipping-taxable","10":"product-type-simple"},"_links":{"self":[{"href":"https:\/\/nordicmart.andreevmaster.com\/sv\/wp-json\/wp\/v2\/product\/12151","targetHints":{"allow":["GET"]}}],"collection":[{"href":"https:\/\/nordicmart.andreevmaster.com\/sv\/wp-json\/wp\/v2\/product"}],"about":[{"href":"https:\/\/nordicmart.andreevmaster.com\/sv\/wp-json\/wp\/v2\/types\/product"}],"replies":[{"embeddable":true,"href":"https:\/\/nordicmart.andreevmaster.com\/sv\/wp-json\/wp\/v2\/comments?post=12151"}],"wp:attachment":[{"href":"https:\/\/nordicmart.andreevmaster.com\/sv\/wp-json\/wp\/v2\/media?parent=12151"}],"wp:term":[{"taxonomy":"product_brand","embeddable":true,"href":"https:\/\/nordicmart.andreevmaster.com\/sv\/wp-json\/wp\/v2\/product_brand?post=12151"},{"taxonomy":"product_cat","embeddable":true,"href":"https:\/\/nordicmart.andreevmaster.com\/sv\/wp-json\/wp\/v2\/product_cat?post=12151"},{"taxonomy":"product_tag","embeddable":true,"href":"https:\/\/nordicmart.andreevmaster.com\/sv\/wp-json\/wp\/v2\/product_tag?post=12151"}],"curies":[{"name":"wp","href":"https:\/\/api.w.org\/{rel}","templated":true}]}}