{"id":12150,"date":"2026-02-27T00:13:00","date_gmt":"2026-02-27T00:13:00","guid":{"rendered":"https:\/\/nordicmart.andreevmaster.com\/product\/songmics-3-x-4-m-solsegel-ljusgra\/"},"modified":"2026-02-27T08:07:24","modified_gmt":"2026-02-27T08:07:24","slug":"songmics-3-x-4-m-solsegel-ljusgra","status":"publish","type":"product","link":"https:\/\/nordicmart.andreevmaster.com\/sv\/produkt\/songmics-3-x-4-m-solsegel-ljusgra\/","title":{"rendered":"SONGMICS 3 x 4 m solsegel ljusgr\u00e5"},"content":{"rendered":"<p>SONGMICS solsegel \u2013 dags f\u00f6r klokt solskydd. \u00d6verallt. N\u00e4r du kopplar av p\u00e5 din tr\u00e4dg\u00e5rdsstol en vacker sommardag och tittar p\u00e5 ditt nya solsegel precis innan du sluter \u00f6gonen, kommer du s\u00e4kert att dr\u00f6mma om en sp\u00e4nnande segeltur till exotiska l\u00e4nder. Oroa dig inte om din lilla tupplur utomhus tar lite l\u00e4ngre tid. Det stora solskyddet ovanf\u00f6r dig skyddar utm\u00e4rkt mot UV-str\u00e5lar. Det \u00e4r solklart att detta segel passar perfekt i din tr\u00e4dg\u00e5rd, \u00f6ver din terrass eller din balkong. Anv\u00e4nd det till exempel ocks\u00e5 f\u00f6r att skydda dina barns privata lekplats eller deras plaskdamm fr\u00e5n solen, eftersom just barns hud \u00e4r k\u00e4nslig f\u00f6r UV-str\u00e5lar. Solseglet \u00e4r ocks\u00e5 en trogen f\u00f6ljeslagare p\u00e5 campingen. Sp\u00e4nn upp det framf\u00f6r ing\u00e5ngsd\u00f6rren till din husvagn och f\u00f6rvandla det till ett slags t\u00e4lt. Men \u00e4ven om du vill skydda din familj och dina v\u00e4nner, som sitter hungriga vid grillen, fr\u00e5n f\u00f6r mycket solljus, \u00e4r detta solsegel perfekt. T\u00e4nk ocks\u00e5 p\u00e5 ett solsegel om du vill utrusta din aff\u00e4rslokal, till exempel uteserveringen p\u00e5 ditt caf\u00e9 eller din restaurang, med tillr\u00e4ckligt solskydd. P\u00e5 s\u00e5 s\u00e4tt kan dina kunder njuta av dina specialiteter i skuggan. Detta solsegel kan allts\u00e5 anv\u00e4ndas flexibelt p\u00e5 m\u00e5nga olika platser. Var ska du h\u00e4nga upp det? S\u00e5 h\u00e4r f\u00e4ster du solseglet: L\u00e4gg ut solseglet p\u00e5 den plats d\u00e4r du beh\u00f6ver solskydd. Leta sedan upp fyra f\u00e4stpunkter d\u00e4r du vill f\u00e4sta rep. Dessa \u00e4r 2 m l\u00e5nga, s\u00e5 leta efter tr\u00e4d, stolpar eller andra stabila f\u00f6rem\u00e5l inom denna radie. F\u00e4st sedan linorna vid f\u00e4stpunkterna samt vid solseglets robusta \u00f6glor och rostfria ringar, s\u00e5 att presenningen kan sp\u00e4nnas \u00e5t med en lutningsvinkel p\u00e5 20 grader. P\u00e5 s\u00e5 s\u00e4tt rinner regnvattnet av perfekt. F\u00f6r vilka platser \u00e4r detta solskydd l\u00e4mpligt? Finns det 4 f\u00e4stpunkter och tillr\u00e4ckligt med utrymme f\u00f6r seglet som \u00e4r 3 x 4 m stort? D\u00e5 \u00e4r detta den perfekta platsen f\u00f6r ditt nya solskydd, oavsett om det \u00e4r p\u00e5 campingen framf\u00f6r din husvagn, i din tr\u00e4dg\u00e5rd eller \u00f6ver din pool. Produktdetaljer:F\u00e4rg: Ljusgr\u00e5 Material: H\u00f6gdensitetspolyeten (HDPE\/180 g) Storlek: 3 x 4 m Nettovikt: 2,3 kg Leveransomfattning: 1 x solsegel med PVC-v\u00e4ska 4 x f\u00e4strep SONGIMC Anvisningar: Luta duken 20 grader f\u00f6r att regnvattnet ska rinna av smidigt.F\u00f6rvara solseglet p\u00e5 en skyddad plats under ov\u00e4der eller p\u00e5 vintern. Reng\u00f6r seglet med ett milt reng\u00f6ringsmedel eller vatten. Anv\u00e4nd aldrig en borste med h\u00e5rda borst eller kemiska v\u00e4tskor. Se till att du inte h\u00e4nger upp seglet upp och ner.<\/p>\n","protected":false},"excerpt":{"rendered":"<p>SONGMICS 3 x 4 m solsegel av HDPE, solskydd, UV-skydd, luftgenomsl\u00e4ppligt, f\u00f6r tr\u00e4dg\u00e5rd, balkong, terrass, andningsbart, vattent\u00e4tt, beige-vitt GSS34IVV1<\/p>\n","protected":false},"featured_media":40462,"comment_status":"open","ping_status":"closed","template":"","meta":[],"product_brand":[],"product_cat":[33],"product_tag":[],"class_list":{"0":"post-12150","1":"product","2":"type-product","3":"status-publish","4":"has-post-thumbnail","6":"product_cat-okategoriserad","8":"first","9":"instock","10":"shipping-taxable","11":"purchasable","12":"product-type-simple"},"_links":{"self":[{"href":"https:\/\/nordicmart.andreevmaster.com\/sv\/wp-json\/wp\/v2\/product\/12150","targetHints":{"allow":["GET"]}}],"collection":[{"href":"https:\/\/nordicmart.andreevmaster.com\/sv\/wp-json\/wp\/v2\/product"}],"about":[{"href":"https:\/\/nordicmart.andreevmaster.com\/sv\/wp-json\/wp\/v2\/types\/product"}],"replies":[{"embeddable":true,"href":"https:\/\/nordicmart.andreevmaster.com\/sv\/wp-json\/wp\/v2\/comments?post=12150"}],"wp:featuredmedia":[{"embeddable":true,"href":"https:\/\/nordicmart.andreevmaster.com\/sv\/wp-json\/wp\/v2\/media\/40462"}],"wp:attachment":[{"href":"https:\/\/nordicmart.andreevmaster.com\/sv\/wp-json\/wp\/v2\/media?parent=12150"}],"wp:term":[{"taxonomy":"product_brand","embeddable":true,"href":"https:\/\/nordicmart.andreevmaster.com\/sv\/wp-json\/wp\/v2\/product_brand?post=12150"},{"taxonomy":"product_cat","embeddable":true,"href":"https:\/\/nordicmart.andreevmaster.com\/sv\/wp-json\/wp\/v2\/product_cat?post=12150"},{"taxonomy":"product_tag","embeddable":true,"href":"https:\/\/nordicmart.andreevmaster.com\/sv\/wp-json\/wp\/v2\/product_tag?post=12150"}],"curies":[{"name":"wp","href":"https:\/\/api.w.org\/{rel}","templated":true}]}}