{"id":12148,"date":"2026-02-27T00:12:59","date_gmt":"2026-02-27T00:12:59","guid":{"rendered":"https:\/\/nordicmart.andreevmaster.com\/product\/3-x-4-m-markise-lavet-af-hdpe-2\/"},"modified":"2026-02-27T08:07:24","modified_gmt":"2026-02-27T08:07:24","slug":"3-x-4-m-markise-lavet-af-hdpe-2","status":"publish","type":"product","link":"https:\/\/nordicmart.andreevmaster.com\/sv\/produkt\/3-x-4-m-markise-lavet-af-hdpe-2\/","title":{"rendered":"3 x 4 m markise lavet af HDPE"},"content":{"rendered":"<p>Det perfekta solskyddet och skugggivaren f\u00f6r tr\u00e4dg\u00e5rdar, terrasser, balkonger och verandor Anv\u00e4nd den i tr\u00e4dg\u00e5rden vid br\u00f6llop, fester, grillfester eller p\u00e5 campingplatsen Anv\u00e4nd dukens egenskaper till din pool, gr\u00e4smatta, tr\u00e4dg\u00e5rd, terrass, carport Du kan ocks\u00e5 anv\u00e4nda v\u00e5rt solskydd i k\u00f6pcentra, daghem, samlingslokaler, byggarbetsplatser, fritidsparker, idrottsplatser eller lekplatser. Markisen har en skuggfaktor p\u00e5 80-85 % och \u00e4r ett h\u00e5llbart och robust skuggskydd. Den ger UV-skydd och \u00e4r luftgenomtr\u00e4nglig, s\u00e5 att det inte kan bildas v\u00e4rme under duken. Temperaturen regleras naturligt tack vare det luft- och vattengenomtr\u00e4ngliga materialet. Det f\u00f6rhindrar att vattenp\u00f6lar bildas, \u00e4ven n\u00e4r det regnar. Den konkava formen p\u00e5 v\u00e5r markis g\u00f6r den mycket stabil och rivfast, eftersom sp\u00e4nningen \u00e4r j\u00e4mnt f\u00f6rdelad och tyget inte kan h\u00e4nga. S\u00f6mmarna \u00e4r f\u00f6rst\u00e4rkta med en speciell h\u00f6gpresterande v\u00e4v, vilket g\u00f6r den \u00e4nnu mer stabil i kanterna. Produktdetaljer: Material: HDPE (h\u00f6gdensitetspolyeten) Materialvikt: 180 g\/m\u00b2 M\u00e5tt: 3 x 4 mBruttovikt: 2,4 kgLeveransomfattning:1 x solsegel4 x f\u00e4stbandF\u00f6r att s\u00e4kerst\u00e4lla att du kan njuta av din parasoll under l\u00e5ng tid b\u00f6r du vara uppm\u00e4rksam p\u00e5 f\u00f6ljande:- F\u00f6r optimal fasts\u00e4ttning b\u00f6r du anv\u00e4nda en 20\u00b0 lutning f\u00f6r att skapa en svag lutning. Ta bort parasollen vid stark vind, storm, \u00e5skv\u00e4der och p\u00e5 vintern. &#8211; Reng\u00f6r tyget med ett milt reng\u00f6ringsmedel eller vatten. L\u00e4gg inte tyget i tv\u00e4ttmaskinen och borsta det inte med en h\u00e5rd borste. &#8211; N\u00e4r du s\u00e4tter upp det ska du se till att f\u00e4sta toppen och botten korrekt.<\/p>\n","protected":false},"excerpt":{"rendered":"<p>Det perfekta solskyddet och skugggivaren f\u00f6r tr\u00e4dg\u00e5rdar, terrasser, balkonger och verandor Anv\u00e4nd den i tr\u00e4dg\u00e5rden vid br\u00f6llop, fester, grillfester eller p\u00e5 campingplatsen Anv\u00e4nd dukens egenskaper till din pool, gr\u00e4smatta, tr\u00e4dg\u00e5rd, terrass, carport Du kan ocks\u00e5 anv\u00e4nda v\u00e5rt solskydd i k\u00f6pcentra, daghem, samlingslokaler, byggarbetsplatser, fritidsparker, idrottsplatser eller lekplatser. Markisen har en skuggfaktor p\u00e5 80-85 % och [&hellip;]<\/p>\n","protected":false},"featured_media":0,"comment_status":"open","ping_status":"closed","template":"","meta":[],"product_brand":[],"product_cat":[33],"product_tag":[],"class_list":{"0":"post-12148","1":"product","2":"type-product","3":"status-publish","5":"product_cat-okategoriserad","7":"first","8":"instock","9":"shipping-taxable","10":"product-type-simple"},"_links":{"self":[{"href":"https:\/\/nordicmart.andreevmaster.com\/sv\/wp-json\/wp\/v2\/product\/12148","targetHints":{"allow":["GET"]}}],"collection":[{"href":"https:\/\/nordicmart.andreevmaster.com\/sv\/wp-json\/wp\/v2\/product"}],"about":[{"href":"https:\/\/nordicmart.andreevmaster.com\/sv\/wp-json\/wp\/v2\/types\/product"}],"replies":[{"embeddable":true,"href":"https:\/\/nordicmart.andreevmaster.com\/sv\/wp-json\/wp\/v2\/comments?post=12148"}],"wp:attachment":[{"href":"https:\/\/nordicmart.andreevmaster.com\/sv\/wp-json\/wp\/v2\/media?parent=12148"}],"wp:term":[{"taxonomy":"product_brand","embeddable":true,"href":"https:\/\/nordicmart.andreevmaster.com\/sv\/wp-json\/wp\/v2\/product_brand?post=12148"},{"taxonomy":"product_cat","embeddable":true,"href":"https:\/\/nordicmart.andreevmaster.com\/sv\/wp-json\/wp\/v2\/product_cat?post=12148"},{"taxonomy":"product_tag","embeddable":true,"href":"https:\/\/nordicmart.andreevmaster.com\/sv\/wp-json\/wp\/v2\/product_tag?post=12148"}],"curies":[{"name":"wp","href":"https:\/\/api.w.org\/{rel}","templated":true}]}}