{"id":12146,"date":"2026-02-27T00:12:59","date_gmt":"2026-02-27T00:12:59","guid":{"rendered":"https:\/\/nordicmart.andreevmaster.com\/product\/songmics-3-x-4-m-solsegel-av-hdpe-sandgult\/"},"modified":"2026-02-27T08:07:24","modified_gmt":"2026-02-27T08:07:24","slug":"songmics-3-x-4-m-solsegel-av-hdpe-sandgult","status":"publish","type":"product","link":"https:\/\/nordicmart.andreevmaster.com\/sv\/produkt\/songmics-3-x-4-m-solsegel-av-hdpe-sandgult\/","title":{"rendered":"SONGMICS 3 x 4 m solsegel av HDPE sandgult"},"content":{"rendered":"<p>Perfekt f\u00f6r solskydd och skugga i tr\u00e4dg\u00e5rden, p\u00e5 terrassen och p\u00e5 balkongen. Anv\u00e4nd den i tr\u00e4dg\u00e5rden f\u00f6r br\u00f6llop, fest, grillfest eller camping. Anv\u00e4nd seglet f\u00f6r din pool, gr\u00e4smatta, tr\u00e4dg\u00e5rd, terrass, uteplats och garage. Du kan ocks\u00e5 anv\u00e4nda v\u00e5rt solsegel i k\u00f6pcentret, f\u00f6rskolan, samh\u00e4llscentret, byggarbetsplatsen, rekreationsparken, idrottsplatsen eller lekplatsen. Skuggkoefficienten \u00e4r 80-85 % och ger en h\u00e5llbar och robust skugga. Den \u00e4r UV-best\u00e4ndig och permeabel, s\u00e5 att v\u00e4rme inte kan ackumuleras under tyget. Tack vare det andningsbara och permeabla materialet regleras temperaturen p\u00e5 ett naturligt s\u00e4tt. P\u00e5 s\u00e5 s\u00e4tt kan det inte bildas vattenp\u00f6lar, inte ens n\u00e4r det regnar.  Den konkava formen p\u00e5 v\u00e5rt skuggduk g\u00f6r det mycket stabilt och rivfast, eftersom sp\u00e4nningen f\u00f6rdelas j\u00e4mnt och tyget inte kan falla ned. S\u00f6mmarna \u00e4r f\u00f6rst\u00e4rkta med ett speciellt h\u00f6gkvalitativt band, vilket g\u00f6r dem mer stabila i kanterna.Specifikationer: &#8211; Material: HDPE &#8211; Materialvikt: 180 g\/m\u00b2 &#8211; Produktm\u00e5tt: 3 x 4 m &#8211; Vikt med f\u00f6rpackning: 2,425 kg F\u00f6rpackningens inneh\u00e5ll: &#8211; 1 x skuggsegel &#8211; 4 x f\u00e4strep F\u00f6r att du ska kunna njuta av ditt skuggsegel under l\u00e5ng tid, t\u00e4nk p\u00e5 f\u00f6ljande:- Optimal fasts\u00e4ttning uppn\u00e5s med en lutning p\u00e5 20\u00b0 f\u00f6r att f\u00e5 en l\u00e4tt lutning. &#8211; Ta bort solseglet vid stark vind, storm och p\u00e5 vintern. &#8211; Reng\u00f6r seglet med ett milt reng\u00f6ringsmedel eller vatten. Borsta inte med en h\u00e5rd borste. &#8211; Se till att fram- och baksidan \u00e4r korrekt placerade vid montering.<\/p>\n","protected":false},"excerpt":{"rendered":"<p>SONGMICS 3 x 4 m solsegel av HDPE, solskydd, UV-skydd, luftgenomsl\u00e4ppligt, f\u00f6r tr\u00e4dg\u00e5rd, balkong, terrass, andningsbart, vattent\u00e4tt, beige-vitt GSS34IVV1<\/p>\n","protected":false},"featured_media":40459,"comment_status":"open","ping_status":"closed","template":"","meta":[],"product_brand":[],"product_cat":[33],"product_tag":[],"class_list":{"0":"post-12146","1":"product","2":"type-product","3":"status-publish","4":"has-post-thumbnail","6":"product_cat-okategoriserad","8":"first","9":"instock","10":"shipping-taxable","11":"purchasable","12":"product-type-simple"},"_links":{"self":[{"href":"https:\/\/nordicmart.andreevmaster.com\/sv\/wp-json\/wp\/v2\/product\/12146","targetHints":{"allow":["GET"]}}],"collection":[{"href":"https:\/\/nordicmart.andreevmaster.com\/sv\/wp-json\/wp\/v2\/product"}],"about":[{"href":"https:\/\/nordicmart.andreevmaster.com\/sv\/wp-json\/wp\/v2\/types\/product"}],"replies":[{"embeddable":true,"href":"https:\/\/nordicmart.andreevmaster.com\/sv\/wp-json\/wp\/v2\/comments?post=12146"}],"wp:featuredmedia":[{"embeddable":true,"href":"https:\/\/nordicmart.andreevmaster.com\/sv\/wp-json\/wp\/v2\/media\/40459"}],"wp:attachment":[{"href":"https:\/\/nordicmart.andreevmaster.com\/sv\/wp-json\/wp\/v2\/media?parent=12146"}],"wp:term":[{"taxonomy":"product_brand","embeddable":true,"href":"https:\/\/nordicmart.andreevmaster.com\/sv\/wp-json\/wp\/v2\/product_brand?post=12146"},{"taxonomy":"product_cat","embeddable":true,"href":"https:\/\/nordicmart.andreevmaster.com\/sv\/wp-json\/wp\/v2\/product_cat?post=12146"},{"taxonomy":"product_tag","embeddable":true,"href":"https:\/\/nordicmart.andreevmaster.com\/sv\/wp-json\/wp\/v2\/product_tag?post=12146"}],"curies":[{"name":"wp","href":"https:\/\/api.w.org\/{rel}","templated":true}]}}