{"id":12145,"date":"2026-02-27T00:12:58","date_gmt":"2026-02-27T00:12:58","guid":{"rendered":"https:\/\/nordicmart.andreevmaster.com\/product\/3-x-4-m-hdpe-solsejl-markise-solbeskyttelse-uv-andbar-have-balkon-terrasse-andbar-vandgennemtraengelig-sand-gul-2\/"},"modified":"2026-02-27T08:07:24","modified_gmt":"2026-02-27T08:07:24","slug":"3-x-4-m-hdpe-solsejl-markise-solbeskyttelse-uv-andbar-have-balkon-terrasse-andbar-vandgennemtraengelig-sand-gul-2","status":"publish","type":"product","link":"https:\/\/nordicmart.andreevmaster.com\/sv\/produkt\/3-x-4-m-hdpe-solsejl-markise-solbeskyttelse-uv-andbar-have-balkon-terrasse-andbar-vandgennemtraengelig-sand-gul-2\/","title":{"rendered":"3 x 4 m HDPE-solsejl Markise Solbeskyttelse UV \u00c5ndbar Have Balkon Terrasse \u00c5ndbar Vandgennemtr\u00e6ngelig Sand Gul"},"content":{"rendered":"<p>Solbeskyttelse med sejl: Vores markise giver 85 % beskyttelse mod solen og giver skygge. UV-beskyttelse p\u00e5 altanen, terrassen og i haven, som carport, ved poolen og som solbeskyttelse for legende b\u00f8rn.Luftgennemtr\u00e6ngelig, vandgennemtr\u00e6ngelig: P\u00e5 grund af materialet kan vand og luft tr\u00e6nge gennem stoffet. Det inneb\u00e4r att det inte bildas v\u00e4rme under duken och att det inte bildas vattenp\u00f6lar vid regn. <\/p>\n<p>\u00d6kad s\u00e4kerhet tack vare h\u00f6gkvalitativ tillverkning: Ett h\u00f6gpresterande band \u00e4r insytt i alla s\u00f6mmar, vilket g\u00f6r solhandduken \u00e4nnu mer stabil. Hj\u00f6rnen \u00e4r f\u00f6rst\u00e4rkta och sydda flera g\u00e5nger och f\u00f6rskjutna med D-ringar av 304 rostfritt st\u00e5l. <\/p>\n<p>Rivfast och snabbtorkande: Tyget av HDPE (h\u00f6gdensitetspolyeten) med en materialvikt p\u00e5 180 g\/m\u00b2 \u00e4r rivfast och v\u00e4derbest\u00e4ndigt. Det torkar ocks\u00e5 snabbt och \u00e4r motst\u00e5ndskraftigt mot m\u00f6gel och r\u00f6ta. Stabilt, inga tygh\u00e4ngare: Det konkava (b\u00f6jda) snittet ger solseglet mer stabilitet och ger seglet permanent sp\u00e4nning s\u00e5 att det inte h\u00e4nger in\u00e5t. Perfekt f\u00f6r solskydd och skugga i tr\u00e4dg\u00e5rden, p\u00e5 terrassen och p\u00e5 balkongen. Anv\u00e4nd den i tr\u00e4dg\u00e5rden till br\u00f6llop, fest, grillfest eller camping. Anv\u00e4nd solseglet till din pool, gr\u00e4smatta, tr\u00e4dg\u00e5rd, terrass, uteplats och garage. Du kan ocks\u00e5 anv\u00e4nda solseglet i k\u00f6pcentra, daghem, samlingslokaler, byggarbetsplatser, fritidsparker, idrottsanl\u00e4ggningar eller p\u00e5 g\u00e5rdsplaner. Ljusstyrkan \u00e4r 80-85 % och ger ett h\u00e5llbart och robust ljus. Den \u00e4r UV-best\u00e4ndig och genomtr\u00e4nglig, s\u00e5 att v\u00e4rme inte kan ackumuleras under barnet. Tack vare det genomtr\u00e4ngliga och permeabla materialet regleras temperaturen p\u00e5 ett naturligt s\u00e4tt. P\u00e5 s\u00e5 s\u00e4tt kan vattenbollarna inte bli f\u00f6r stora n\u00e4r de t\u00f6ms.  Formen p\u00e5 v\u00e5r konkava skuggduk s\u00e4kerst\u00e4ller att den \u00e4r mycket stabil och motst\u00e5ndskraftig mot slitage, s\u00e5 att sp\u00e4nningen f\u00f6rdelas j\u00e4mnt och det inte kan uppst\u00e5 vattenl\u00e4ckage. S\u00f6mmarna \u00e4r f\u00f6rst\u00e4rkta med ett speciellt h\u00f6gkvalitativt band, vilket g\u00f6r dem mer stabila i kanterna.Specifikationer: &#8211; Material: HDPE &#8211; Materialets vikt: 180 g\/m\u00b2 &#8211; Produktens m\u00e5tt: 3 x 4 m &#8211; Vikt med f\u00f6rpackning: 2,425 kg Inneh\u00e5ll i f\u00f6rpackningen: &#8211; 1 x skuggsegel &#8211; 4 x f\u00e4strep F\u00f6r att du ska kunna njuta av ditt skuggsegel under l\u00e5ng tid, t\u00e4nk p\u00e5 f\u00f6ljande:- Optimal fasts\u00e4ttning uppn\u00e5s med en lutning p\u00e5 20\u00b0 f\u00f6r att f\u00e5 en l\u00e4tt lutning.- Ta bort solseglet vid stark vind, storm och p\u00e5 vintern.- Reng\u00f6r seglet med ett milt reng\u00f6ringsmedel eller vatten. Borsta inte med en h\u00e5rd borste.- Se till att fram- och baksidan \u00e4r korrekt placerade vid montering.<\/p>\n","protected":false},"excerpt":{"rendered":"<p>Solbeskyttelse med sejl: Vores markise giver 85 % beskyttelse mod solen og giver skygge. UV-beskyttelse p\u00e5 altanen, terrassen og i haven, som carport, ved poolen og som solbeskyttelse for legende b\u00f8rn.Luftgennemtr\u00e6ngelig, vandgennemtr\u00e6ngelig: P\u00e5 grund af materialet kan vand og luft tr\u00e6nge gennem stoffet. Det inneb\u00e4r att det inte bildas v\u00e4rme under duken och att det [&hellip;]<\/p>\n","protected":false},"featured_media":0,"comment_status":"open","ping_status":"closed","template":"","meta":[],"product_brand":[],"product_cat":[33],"product_tag":[],"class_list":{"0":"post-12145","1":"product","2":"type-product","3":"status-publish","5":"product_cat-okategoriserad","7":"first","8":"instock","9":"shipping-taxable","10":"product-type-simple"},"_links":{"self":[{"href":"https:\/\/nordicmart.andreevmaster.com\/sv\/wp-json\/wp\/v2\/product\/12145","targetHints":{"allow":["GET"]}}],"collection":[{"href":"https:\/\/nordicmart.andreevmaster.com\/sv\/wp-json\/wp\/v2\/product"}],"about":[{"href":"https:\/\/nordicmart.andreevmaster.com\/sv\/wp-json\/wp\/v2\/types\/product"}],"replies":[{"embeddable":true,"href":"https:\/\/nordicmart.andreevmaster.com\/sv\/wp-json\/wp\/v2\/comments?post=12145"}],"wp:attachment":[{"href":"https:\/\/nordicmart.andreevmaster.com\/sv\/wp-json\/wp\/v2\/media?parent=12145"}],"wp:term":[{"taxonomy":"product_brand","embeddable":true,"href":"https:\/\/nordicmart.andreevmaster.com\/sv\/wp-json\/wp\/v2\/product_brand?post=12145"},{"taxonomy":"product_cat","embeddable":true,"href":"https:\/\/nordicmart.andreevmaster.com\/sv\/wp-json\/wp\/v2\/product_cat?post=12145"},{"taxonomy":"product_tag","embeddable":true,"href":"https:\/\/nordicmart.andreevmaster.com\/sv\/wp-json\/wp\/v2\/product_tag?post=12145"}],"curies":[{"name":"wp","href":"https:\/\/api.w.org\/{rel}","templated":true}]}}