{"id":12143,"date":"2026-02-27T00:12:58","date_gmt":"2026-02-27T00:12:58","guid":{"rendered":"https:\/\/nordicmart.andreevmaster.com\/product\/songmics-solsegel-3-x-3-m\/"},"modified":"2026-02-27T08:07:23","modified_gmt":"2026-02-27T08:07:23","slug":"songmics-solsegel-3-x-3-m","status":"publish","type":"product","link":"https:\/\/nordicmart.andreevmaster.com\/sv\/produkt\/songmics-solsegel-3-x-3-m\/","title":{"rendered":"SONGMICS solsegel 3 x 3 m"},"content":{"rendered":"<p>Det perfekta solskyddet och skuggst\u00e4llet f\u00f6r tr\u00e4dg\u00e5rden, terrassen, balkongen och verandan. V\u00e5rt solsegel \u00e4r l\u00e4tt, vattent\u00e4tt och luftgenomsl\u00e4ppligt. \u00c4nd\u00e5 \u00e4r det mycket stabilt, rivfast och h\u00e5llbart. F\u00e5 flexibel insynsskydd och skugga med v\u00e5rt solsegel. Anv\u00e4nd det i tr\u00e4dg\u00e5rden f\u00f6r br\u00f6llop, fester, grillning eller camping. Utnyttja tygets egenskaper f\u00f6r din pool, gr\u00e4smatta, tr\u00e4dg\u00e5rd, terrass, carport. Du kan ocks\u00e5 anv\u00e4nda v\u00e5rt solskydd i k\u00f6pcentra, dagis, samh\u00e4llscentrum, byggarbetsplatser, n\u00f6jesparker, idrottsplatser eller lekplatser. Solseglets skuggfaktor \u00e4r 80-85 % och det \u00e4r ett h\u00e5llbart och robust solskydd. Det erbjuder UV-skydd och \u00e4r luftgenomsl\u00e4ppligt, s\u00e5 att v\u00e4rmen inte stannar kvar under tyget. Temperaturen regleras naturligt tack vare det luftgenomsl\u00e4ppliga och vattent\u00e4ta materialet. P\u00e5 s\u00e5 s\u00e4tt bildas inga vattenp\u00f6lar \u00e4ven n\u00e4r det regnar. Produktdetaljer: Material: HDPE (h\u00f6gdensitetspolyeten) Materialvikt: 180 g\/m\u00b2 Leveransomfattning: 1 x solsegel 4 x f\u00e4strep SONGIC&nbsp;Anvisningar: &#8211; Optimal fasts\u00e4ttning uppn\u00e5s med en lutning p\u00e5 20\u00b0 f\u00f6r att f\u00e5 en l\u00e4tt sluttning.- Ta bort solskyddet vid kraftig vind, storm, ov\u00e4der, \u00e5ska och p\u00e5 vintern. &#8211; Reng\u00f6r duken med ett milt reng\u00f6ringsmedel eller med vatten. L\u00e4gg inte duken i tv\u00e4ttmaskinen och borsta den inte med en h\u00e5rd borste. &#8211; Se till att du monterar ovansidan och undersidan korrekt vid upps\u00e4ttningen.<\/p>\n","protected":false},"excerpt":{"rendered":"<p>SONGMICS 3 x 3 m solsegel av HDPE, solskydd, UV-skydd, luftgenomsl\u00e4ppligt, f\u00f6r tr\u00e4dg\u00e5rd, balkong, terrass, andningsbart, vattent\u00e4tt, sandgult GSS33EYV1<\/p>\n","protected":false},"featured_media":40457,"comment_status":"open","ping_status":"closed","template":"","meta":[],"product_brand":[],"product_cat":[33],"product_tag":[],"class_list":{"0":"post-12143","1":"product","2":"type-product","3":"status-publish","4":"has-post-thumbnail","6":"product_cat-okategoriserad","8":"first","9":"instock","10":"shipping-taxable","11":"purchasable","12":"product-type-simple"},"_links":{"self":[{"href":"https:\/\/nordicmart.andreevmaster.com\/sv\/wp-json\/wp\/v2\/product\/12143","targetHints":{"allow":["GET"]}}],"collection":[{"href":"https:\/\/nordicmart.andreevmaster.com\/sv\/wp-json\/wp\/v2\/product"}],"about":[{"href":"https:\/\/nordicmart.andreevmaster.com\/sv\/wp-json\/wp\/v2\/types\/product"}],"replies":[{"embeddable":true,"href":"https:\/\/nordicmart.andreevmaster.com\/sv\/wp-json\/wp\/v2\/comments?post=12143"}],"wp:featuredmedia":[{"embeddable":true,"href":"https:\/\/nordicmart.andreevmaster.com\/sv\/wp-json\/wp\/v2\/media\/40457"}],"wp:attachment":[{"href":"https:\/\/nordicmart.andreevmaster.com\/sv\/wp-json\/wp\/v2\/media?parent=12143"}],"wp:term":[{"taxonomy":"product_brand","embeddable":true,"href":"https:\/\/nordicmart.andreevmaster.com\/sv\/wp-json\/wp\/v2\/product_brand?post=12143"},{"taxonomy":"product_cat","embeddable":true,"href":"https:\/\/nordicmart.andreevmaster.com\/sv\/wp-json\/wp\/v2\/product_cat?post=12143"},{"taxonomy":"product_tag","embeddable":true,"href":"https:\/\/nordicmart.andreevmaster.com\/sv\/wp-json\/wp\/v2\/product_tag?post=12143"}],"curies":[{"name":"wp","href":"https:\/\/api.w.org\/{rel}","templated":true}]}}