{"id":12142,"date":"2026-02-27T00:12:58","date_gmt":"2026-02-27T00:12:58","guid":{"rendered":"https:\/\/nordicmart.andreevmaster.com\/product\/songmics-solsegel-3-x-3-m-av-hdpe-tyg-vattengenomslappligt\/"},"modified":"2026-02-27T08:07:23","modified_gmt":"2026-02-27T08:07:23","slug":"songmics-solsegel-3-x-3-m-av-hdpe-tyg-vattengenomslappligt","status":"publish","type":"product","link":"https:\/\/nordicmart.andreevmaster.com\/sv\/produkt\/songmics-solsegel-3-x-3-m-av-hdpe-tyg-vattengenomslappligt\/","title":{"rendered":"SONGMICS solsegel 3 x 3 m av HDPE-tyg, vattengenomsl\u00e4ppligt"},"content":{"rendered":"<p>SONGMICS 3 x 3 m solsegel av HDPE, solskydd, UV-skydd, luftgenomsl\u00e4ppligt, f\u00f6r tr\u00e4dg\u00e5rd, balkong, terrass, andningsbart, vattent\u00e4tt, sandgult GSS33EYV1<br \/>\nF\u00e4rg: R\u00f6kgr\u00e5<br \/>\nMaterial: 180 g\/m\u00b2 HDPE-tyg (h\u00f6gdensitets-polyeten), rostfritt st\u00e5lring<br \/>\nStorlek: 3 x 3 m (L x B)<br \/>\nVikt: 1,6 kg<\/p>\n","protected":false},"excerpt":{"rendered":"<p>SONGMICS 3 x 3 m solsegel av HDPE, solskydd, UV-skydd, luftgenomsl\u00e4ppligt, f\u00f6r tr\u00e4dg\u00e5rd, balkong, terrass, andningsbart, vattent\u00e4tt, sandgult GSS33EYV1<\/p>\n","protected":false},"featured_media":40456,"comment_status":"open","ping_status":"closed","template":"","meta":[],"product_brand":[],"product_cat":[33],"product_tag":[],"class_list":{"0":"post-12142","1":"product","2":"type-product","3":"status-publish","4":"has-post-thumbnail","6":"product_cat-okategoriserad","8":"first","9":"instock","10":"shipping-taxable","11":"purchasable","12":"product-type-simple"},"_links":{"self":[{"href":"https:\/\/nordicmart.andreevmaster.com\/sv\/wp-json\/wp\/v2\/product\/12142","targetHints":{"allow":["GET"]}}],"collection":[{"href":"https:\/\/nordicmart.andreevmaster.com\/sv\/wp-json\/wp\/v2\/product"}],"about":[{"href":"https:\/\/nordicmart.andreevmaster.com\/sv\/wp-json\/wp\/v2\/types\/product"}],"replies":[{"embeddable":true,"href":"https:\/\/nordicmart.andreevmaster.com\/sv\/wp-json\/wp\/v2\/comments?post=12142"}],"wp:featuredmedia":[{"embeddable":true,"href":"https:\/\/nordicmart.andreevmaster.com\/sv\/wp-json\/wp\/v2\/media\/40456"}],"wp:attachment":[{"href":"https:\/\/nordicmart.andreevmaster.com\/sv\/wp-json\/wp\/v2\/media?parent=12142"}],"wp:term":[{"taxonomy":"product_brand","embeddable":true,"href":"https:\/\/nordicmart.andreevmaster.com\/sv\/wp-json\/wp\/v2\/product_brand?post=12142"},{"taxonomy":"product_cat","embeddable":true,"href":"https:\/\/nordicmart.andreevmaster.com\/sv\/wp-json\/wp\/v2\/product_cat?post=12142"},{"taxonomy":"product_tag","embeddable":true,"href":"https:\/\/nordicmart.andreevmaster.com\/sv\/wp-json\/wp\/v2\/product_tag?post=12142"}],"curies":[{"name":"wp","href":"https:\/\/api.w.org\/{rel}","templated":true}]}}