{"id":12141,"date":"2026-02-27T00:12:57","date_gmt":"2026-02-27T00:12:57","guid":{"rendered":"https:\/\/nordicmart.andreevmaster.com\/product\/songmics-3-x-3-m-solsegel-av-hdpe\/"},"modified":"2026-02-27T08:07:23","modified_gmt":"2026-02-27T08:07:23","slug":"songmics-3-x-3-m-solsegel-av-hdpe","status":"publish","type":"product","link":"https:\/\/nordicmart.andreevmaster.com\/sv\/produkt\/songmics-3-x-3-m-solsegel-av-hdpe\/","title":{"rendered":"SONGMICS 3 x 3 m solsegel av HDPE"},"content":{"rendered":"<p>Det perfekta solskyddet och skuggst\u00e4llet f\u00f6r tr\u00e4dg\u00e5rden, terrassen, balkongen och verandan. Anv\u00e4nd det i tr\u00e4dg\u00e5rden f\u00f6r br\u00f6llop, fester, grillning eller camping. Utnyttja tygets egenskaper f\u00f6r din pool, gr\u00e4smatta, tr\u00e4dg\u00e5rd, terrass, carport. Du kan ocks\u00e5 anv\u00e4nda v\u00e5rt solskydd i k\u00f6pcentra, dagis, samh\u00e4llscentrum, byggarbetsplatser, n\u00f6jesparker, idrottsplatser eller lekplatser.Solskyddets skuggfaktor \u00e4r 80-85 % och det \u00e4r ett h\u00e5llbart och robust skuggskydd. Det erbjuder UV-skydd och \u00e4r luftgenomsl\u00e4ppligt, s\u00e5 att v\u00e4rmen inte kan stanna kvar under tyget. Temperaturen regleras naturligt tack vare det luftgenomsl\u00e4ppliga och vattent\u00e4ta materialet. P\u00e5 s\u00e5 s\u00e4tt bildas inga vattenp\u00f6lar \u00e4ven n\u00e4r det regnar.Den konkava formen p\u00e5 v\u00e5rt solsegel g\u00f6r det mycket stabilt och rivfast, eftersom sp\u00e4nningen f\u00f6rdelas j\u00e4mnt och det inte kan uppst\u00e5 n\u00e5gra tygh\u00e4ngningar. S\u00f6mmarna \u00e4r f\u00f6rst\u00e4rkta med ett speciellt h\u00f6gpresterande band, vilket g\u00f6r det \u00e4nnu stabilare i kanterna. Produktdetaljer: Material: HDPE (h\u00f6gdensitetspolyeten) Materialvikt: 180 g\/m\u00b2 M\u00e5tt: 3 x 3 m Bruttovikt: 1,91 kg Leveransomfattning: 1 x solsegel 4 x f\u00e4strep F\u00f6r att du ska kunna njuta av ditt solskydd l\u00e4nge, v\u00e4nligen observera f\u00f6ljande: Optimal fasts\u00e4ttning uppn\u00e5s med en lutning p\u00e5 20\u00b0 f\u00f6r att f\u00e5 en l\u00e4tt sluttning. Ta bort solskyddet vid kraftig vind, storm, ov\u00e4der, \u00e5ska och under vintern. Reng\u00f6r duken med ett milt reng\u00f6ringsmedel eller med vatten. L\u00e4gg inte duken i tv\u00e4ttmaskinen och borsta den inte med en h\u00e5rd borste. Se till att du monterar ovansidan och undersidan korrekt vid upps\u00e4ttningen.<\/p>\n","protected":false},"excerpt":{"rendered":"<p>SONGMICS 3 x 3 m solsegel av HDPE, solskydd, UV-skydd, luftgenomsl\u00e4ppligt, f\u00f6r tr\u00e4dg\u00e5rd, balkong, terrass, andningsbart, vattent\u00e4tt, sandgult GSS33EYV1<\/p>\n","protected":false},"featured_media":40455,"comment_status":"open","ping_status":"closed","template":"","meta":[],"product_brand":[],"product_cat":[33],"product_tag":[],"class_list":{"0":"post-12141","1":"product","2":"type-product","3":"status-publish","4":"has-post-thumbnail","6":"product_cat-okategoriserad","8":"first","9":"instock","10":"shipping-taxable","11":"purchasable","12":"product-type-simple"},"_links":{"self":[{"href":"https:\/\/nordicmart.andreevmaster.com\/sv\/wp-json\/wp\/v2\/product\/12141","targetHints":{"allow":["GET"]}}],"collection":[{"href":"https:\/\/nordicmart.andreevmaster.com\/sv\/wp-json\/wp\/v2\/product"}],"about":[{"href":"https:\/\/nordicmart.andreevmaster.com\/sv\/wp-json\/wp\/v2\/types\/product"}],"replies":[{"embeddable":true,"href":"https:\/\/nordicmart.andreevmaster.com\/sv\/wp-json\/wp\/v2\/comments?post=12141"}],"wp:featuredmedia":[{"embeddable":true,"href":"https:\/\/nordicmart.andreevmaster.com\/sv\/wp-json\/wp\/v2\/media\/40455"}],"wp:attachment":[{"href":"https:\/\/nordicmart.andreevmaster.com\/sv\/wp-json\/wp\/v2\/media?parent=12141"}],"wp:term":[{"taxonomy":"product_brand","embeddable":true,"href":"https:\/\/nordicmart.andreevmaster.com\/sv\/wp-json\/wp\/v2\/product_brand?post=12141"},{"taxonomy":"product_cat","embeddable":true,"href":"https:\/\/nordicmart.andreevmaster.com\/sv\/wp-json\/wp\/v2\/product_cat?post=12141"},{"taxonomy":"product_tag","embeddable":true,"href":"https:\/\/nordicmart.andreevmaster.com\/sv\/wp-json\/wp\/v2\/product_tag?post=12141"}],"curies":[{"name":"wp","href":"https:\/\/api.w.org\/{rel}","templated":true}]}}