{"id":12139,"date":"2026-02-27T00:12:57","date_gmt":"2026-02-27T00:12:57","guid":{"rendered":"https:\/\/nordicmart.andreevmaster.com\/product\/songmics-2-x-3-m-solsegel-av-hdpe\/"},"modified":"2026-02-27T08:07:23","modified_gmt":"2026-02-27T08:07:23","slug":"songmics-2-x-3-m-solsegel-av-hdpe","status":"publish","type":"product","link":"https:\/\/nordicmart.andreevmaster.com\/sv\/produkt\/songmics-2-x-3-m-solsegel-av-hdpe\/","title":{"rendered":"SONGMICS 2 x 3 m solsegel av HDPE"},"content":{"rendered":"<p>Det perfekta solskyddet och skuggst\u00e4llet f\u00f6r tr\u00e4dg\u00e5rden, terrassen, balkongen och verandan. Solseglets skuggfaktor \u00e4r 80\u201385 % och det \u00e4r ett h\u00e5llbart och robust skuggst\u00e4ll. Det erbjuder UV-skydd, \u00e4r luftgenomsl\u00e4ppligt s\u00e5 att v\u00e4rmen inte stannar kvar under tyget. Tack vare det luftgenomsl\u00e4ppliga och vattent\u00e4ta materialet sker en naturlig temperaturreglering. P\u00e5 s\u00e5 s\u00e4tt bildas inga vattenp\u00f6lar \u00e4ven n\u00e4r det regnar. Produktdetaljer: Material: HDPE (h\u00f6gdensitetspolyeten) Materialvikt: 180 g\/m\u00b2 M\u00e5tt: 2 x 3 m Bruttovikt: 1,425 kg Leveransomfattning: 1 x solsegel 4 x f\u00e4strep F\u00f6r att du ska kunna njuta av ditt solskydd l\u00e4nge, v\u00e4nligen observera f\u00f6ljande: Optimal fasts\u00e4ttning uppn\u00e5s med en lutning p\u00e5 20\u00b0 f\u00f6r att f\u00e5 en l\u00e4tt sluttning. Ta bort solskyddet vid kraftig vind, storm, ov\u00e4der, \u00e5ska och p\u00e5 vintern.Reng\u00f6r duken med ett milt reng\u00f6ringsmedel eller med vatten. L\u00e4gg inte duken i tv\u00e4ttmaskinen och borsta den inte med en h\u00e5rd borste. Se till att du monterar ovansidan och undersidan korrekt vid upps\u00e4ttningen.<\/p>\n","protected":false},"excerpt":{"rendered":"<p>SONGMICS 3 x 4 m solsegel av HDPE, solskydd, UV-skydd, luftgenomsl\u00e4ppligt, f\u00f6r tr\u00e4dg\u00e5rd, balkong, terrass, andningsbart, vattent\u00e4tt, beige-vitt GSS34IVV1<\/p>\n","protected":false},"featured_media":40454,"comment_status":"open","ping_status":"closed","template":"","meta":[],"product_brand":[],"product_cat":[33],"product_tag":[],"class_list":{"0":"post-12139","1":"product","2":"type-product","3":"status-publish","4":"has-post-thumbnail","6":"product_cat-okategoriserad","8":"first","9":"instock","10":"shipping-taxable","11":"purchasable","12":"product-type-simple"},"_links":{"self":[{"href":"https:\/\/nordicmart.andreevmaster.com\/sv\/wp-json\/wp\/v2\/product\/12139","targetHints":{"allow":["GET"]}}],"collection":[{"href":"https:\/\/nordicmart.andreevmaster.com\/sv\/wp-json\/wp\/v2\/product"}],"about":[{"href":"https:\/\/nordicmart.andreevmaster.com\/sv\/wp-json\/wp\/v2\/types\/product"}],"replies":[{"embeddable":true,"href":"https:\/\/nordicmart.andreevmaster.com\/sv\/wp-json\/wp\/v2\/comments?post=12139"}],"wp:featuredmedia":[{"embeddable":true,"href":"https:\/\/nordicmart.andreevmaster.com\/sv\/wp-json\/wp\/v2\/media\/40454"}],"wp:attachment":[{"href":"https:\/\/nordicmart.andreevmaster.com\/sv\/wp-json\/wp\/v2\/media?parent=12139"}],"wp:term":[{"taxonomy":"product_brand","embeddable":true,"href":"https:\/\/nordicmart.andreevmaster.com\/sv\/wp-json\/wp\/v2\/product_brand?post=12139"},{"taxonomy":"product_cat","embeddable":true,"href":"https:\/\/nordicmart.andreevmaster.com\/sv\/wp-json\/wp\/v2\/product_cat?post=12139"},{"taxonomy":"product_tag","embeddable":true,"href":"https:\/\/nordicmart.andreevmaster.com\/sv\/wp-json\/wp\/v2\/product_tag?post=12139"}],"curies":[{"name":"wp","href":"https:\/\/api.w.org\/{rel}","templated":true}]}}