{"id":12138,"date":"2026-02-27T00:12:57","date_gmt":"2026-02-27T00:12:57","guid":{"rendered":"https:\/\/nordicmart.andreevmaster.com\/product\/2-x-3-m-hdpe-solskaerm-sejlmarkise-solbeskyttelse-uv-beskyttelse-andbar-have-balkon-terrasse-andbar-vandgennemtraengelig-beige-hvid-2\/"},"modified":"2026-02-27T08:07:23","modified_gmt":"2026-02-27T08:07:23","slug":"2-x-3-m-hdpe-solskaerm-sejlmarkise-solbeskyttelse-uv-beskyttelse-andbar-have-balkon-terrasse-andbar-vandgennemtraengelig-beige-hvid-2","status":"publish","type":"product","link":"https:\/\/nordicmart.andreevmaster.com\/sv\/produkt\/2-x-3-m-hdpe-solskaerm-sejlmarkise-solbeskyttelse-uv-beskyttelse-andbar-have-balkon-terrasse-andbar-vandgennemtraengelig-beige-hvid-2\/","title":{"rendered":"2 x 3 m HDPE-solsk\u00e6rm Sejlmarkise Solbeskyttelse UV-beskyttelse \u00c5ndbar Have Balkon Terrasse \u00c5ndbar Vandgennemtr\u00e6ngelig Beige Hvid"},"content":{"rendered":"<p>Solskydd med segel: V\u00e5r markis ger 85 % skydd mot solen och ger skugga. UV-skydd p\u00e5 altanen, terrassen och i tr\u00e4dg\u00e5rden, som carport, vid poolen och som solskydd f\u00f6r lekande barn.Luftgennemtr\u00e6ngelig, vandgennemtr\u00e6ngelig: P\u00e5 grund af materialet kan vand og luft tr\u00e6nge gennem stoffet. Det inneb\u00e4r att det inte bildas v\u00e4rme under duken och att det inte bildas vattenp\u00f6lar vid regn. <\/p>\n<p>\u00d6kad s\u00e4kerhet tack vare h\u00f6gkvalitativ tillverkning: Ett h\u00f6gpresterande band \u00e4r insytt i alla s\u00f6mmar, vilket g\u00f6r solhandduken \u00e4nnu mer stabil. Hj\u00f6rnen \u00e4r f\u00f6rst\u00e4rkta och sydda flera g\u00e5nger och f\u00f6rskjutna med D-ringar av 304 rostfritt st\u00e5l. <\/p>\n<p>Rivfast och snabbtorkande: Tyget av HDPE (h\u00f6gdensitetspolyeten) med en materialvikt p\u00e5 180 g\/m\u00b2 \u00e4r rivfast och v\u00e4derbest\u00e4ndigt. Det torkar ocks\u00e5 snabbt och \u00e4r motst\u00e5ndskraftigt mot m\u00f6gel och r\u00f6ta. <\/p>\n<p>Stabilt, inga tygh\u00e4ngare: Det konkava (b\u00f6jda) snittet ger solseglet mer stabilitet och ger seglet permanent sp\u00e4nning s\u00e5 att det inte h\u00e4nger in\u00e5t.<\/p>\n<p>Det perfekta solskyddet och skugggivaren f\u00f6r tr\u00e4dg\u00e5rdar, terrasser, altaner och verandor Solseglet har en skuggfaktor p\u00e5 80-85 % och \u00e4r en h\u00e5llbar och robust skugggivare. Det ger UV-skydd och \u00e4r luftgenomtr\u00e4ngligt, s\u00e5 att det inte kan byggas upp v\u00e4rme under tyget. Temperaturen regleras naturligt tack vare det luft- och vattentransporterande materialet. Det inneb\u00e4r att det inte kan bildas vattenfickor, \u00e4ven n\u00e4r det regnar. Produktinformation: Material: HDPE (h\u00f6gdensitetspolyeten) Materialvikt: 180 g\/m\u00b2 M\u00e5tt: 2 x 3 mBruttovikt: 1,425 kgLeveransomfattning:1 x solsegel4 x f\u00e4stbandF\u00f6r att s\u00e4kerst\u00e4lla att du kan njuta av din parasoll under l\u00e5ng tid b\u00f6r du vara uppm\u00e4rksam p\u00e5 f\u00f6ljande:F\u00f6r optimal fasts\u00e4ttning b\u00f6r du anv\u00e4nda en 20\u00b0 lutning f\u00f6r att skapa en svag lutning.Ta bort parasollen vid stark vind, storm, \u00e5skv\u00e4der och p\u00e5 vintern. Reng\u00f6r tyget med ett milt reng\u00f6ringsmedel eller vatten. L\u00e4gg inte tyget i tv\u00e4ttmaskinen och borsta det inte med en h\u00e5rd borste. Se till att f\u00e4sta toppen och botten korrekt n\u00e4r du s\u00e4tter upp det.<\/p>\n","protected":false},"excerpt":{"rendered":"<p>Solskydd med segel: V\u00e5r markis ger 85 % skydd mot solen och ger skugga. UV-skydd p\u00e5 altanen, terrassen och i tr\u00e4dg\u00e5rden, som carport, vid poolen och som solskydd f\u00f6r lekande barn.Luftgennemtr\u00e6ngelig, vandgennemtr\u00e6ngelig: P\u00e5 grund af materialet kan vand og luft tr\u00e6nge gennem stoffet. Det inneb\u00e4r att det inte bildas v\u00e4rme under duken och att det [&hellip;]<\/p>\n","protected":false},"featured_media":0,"comment_status":"open","ping_status":"closed","template":"","meta":[],"product_brand":[],"product_cat":[33],"product_tag":[],"class_list":{"0":"post-12138","1":"product","2":"type-product","3":"status-publish","5":"product_cat-okategoriserad","7":"first","8":"instock","9":"shipping-taxable","10":"product-type-simple"},"_links":{"self":[{"href":"https:\/\/nordicmart.andreevmaster.com\/sv\/wp-json\/wp\/v2\/product\/12138","targetHints":{"allow":["GET"]}}],"collection":[{"href":"https:\/\/nordicmart.andreevmaster.com\/sv\/wp-json\/wp\/v2\/product"}],"about":[{"href":"https:\/\/nordicmart.andreevmaster.com\/sv\/wp-json\/wp\/v2\/types\/product"}],"replies":[{"embeddable":true,"href":"https:\/\/nordicmart.andreevmaster.com\/sv\/wp-json\/wp\/v2\/comments?post=12138"}],"wp:attachment":[{"href":"https:\/\/nordicmart.andreevmaster.com\/sv\/wp-json\/wp\/v2\/media?parent=12138"}],"wp:term":[{"taxonomy":"product_brand","embeddable":true,"href":"https:\/\/nordicmart.andreevmaster.com\/sv\/wp-json\/wp\/v2\/product_brand?post=12138"},{"taxonomy":"product_cat","embeddable":true,"href":"https:\/\/nordicmart.andreevmaster.com\/sv\/wp-json\/wp\/v2\/product_cat?post=12138"},{"taxonomy":"product_tag","embeddable":true,"href":"https:\/\/nordicmart.andreevmaster.com\/sv\/wp-json\/wp\/v2\/product_tag?post=12138"}],"curies":[{"name":"wp","href":"https:\/\/api.w.org\/{rel}","templated":true}]}}