{"id":12136,"date":"2026-02-27T00:12:57","date_gmt":"2026-02-27T00:12:57","guid":{"rendered":"https:\/\/nordicmart.andreevmaster.com\/product\/songmics-solsegel-2-x-2-m-av-hdpe-tyg-luftgenomslappligt\/"},"modified":"2026-02-27T08:07:22","modified_gmt":"2026-02-27T08:07:22","slug":"songmics-solsegel-2-x-2-m-av-hdpe-tyg-luftgenomslappligt","status":"publish","type":"product","link":"https:\/\/nordicmart.andreevmaster.com\/sv\/produkt\/songmics-solsegel-2-x-2-m-av-hdpe-tyg-luftgenomslappligt\/","title":{"rendered":"SONGMICS solsegel 2 x 2 m av HDPE-tyg, luftgenomsl\u00e4ppligt"},"content":{"rendered":"<p>SONGMICS solsegel 2 x 2 m, solskydd av rivfast HDPE-plast, v\u00e4derbest\u00e4ndigt UV-skydd, luftgenomsl\u00e4ppligt, tr\u00e4dg\u00e5rd, balkong, terrass, camping, rektangul\u00e4rt, 2 m rep, beigevit GSS22IV<br \/>\nF\u00e4rg: Ljusgr\u00e5<br \/>\nMaterial: H\u00f6gdensitetspolyeten (HDPE\/180 g\/m\u00b2)<br \/>\nStorlek: 2 x 2 m<br \/>\nVikt: 1 kg<\/p>\n","protected":false},"excerpt":{"rendered":"<p>SONGMICS solsegel 2 x 2 m, solskydd av rivfast HDPE-plast, v\u00e4derbest\u00e4ndigt UV-skydd, luftgenomsl\u00e4ppligt, tr\u00e4dg\u00e5rd, balkong, terrass, camping, rektangul\u00e4rt, 2 m rep, beigevit GSS22IV<\/p>\n","protected":false},"featured_media":40452,"comment_status":"open","ping_status":"closed","template":"","meta":[],"product_brand":[],"product_cat":[33],"product_tag":[],"class_list":{"0":"post-12136","1":"product","2":"type-product","3":"status-publish","4":"has-post-thumbnail","6":"product_cat-okategoriserad","8":"first","9":"instock","10":"shipping-taxable","11":"purchasable","12":"product-type-simple"},"_links":{"self":[{"href":"https:\/\/nordicmart.andreevmaster.com\/sv\/wp-json\/wp\/v2\/product\/12136","targetHints":{"allow":["GET"]}}],"collection":[{"href":"https:\/\/nordicmart.andreevmaster.com\/sv\/wp-json\/wp\/v2\/product"}],"about":[{"href":"https:\/\/nordicmart.andreevmaster.com\/sv\/wp-json\/wp\/v2\/types\/product"}],"replies":[{"embeddable":true,"href":"https:\/\/nordicmart.andreevmaster.com\/sv\/wp-json\/wp\/v2\/comments?post=12136"}],"wp:featuredmedia":[{"embeddable":true,"href":"https:\/\/nordicmart.andreevmaster.com\/sv\/wp-json\/wp\/v2\/media\/40452"}],"wp:attachment":[{"href":"https:\/\/nordicmart.andreevmaster.com\/sv\/wp-json\/wp\/v2\/media?parent=12136"}],"wp:term":[{"taxonomy":"product_brand","embeddable":true,"href":"https:\/\/nordicmart.andreevmaster.com\/sv\/wp-json\/wp\/v2\/product_brand?post=12136"},{"taxonomy":"product_cat","embeddable":true,"href":"https:\/\/nordicmart.andreevmaster.com\/sv\/wp-json\/wp\/v2\/product_cat?post=12136"},{"taxonomy":"product_tag","embeddable":true,"href":"https:\/\/nordicmart.andreevmaster.com\/sv\/wp-json\/wp\/v2\/product_tag?post=12136"}],"curies":[{"name":"wp","href":"https:\/\/api.w.org\/{rel}","templated":true}]}}