{"id":12133,"date":"2026-02-27T00:12:56","date_gmt":"2026-02-27T00:12:56","guid":{"rendered":"https:\/\/nordicmart.andreevmaster.com\/product\/trekantet-markise-61-x-61-x-61-m-2\/"},"modified":"2026-02-27T08:07:22","modified_gmt":"2026-02-27T08:07:22","slug":"trekantet-markise-61-x-61-x-61-m-2","status":"publish","type":"product","link":"https:\/\/nordicmart.andreevmaster.com\/sv\/produkt\/trekantet-markise-61-x-61-x-61-m-2\/","title":{"rendered":"Trekantet markise 6,1 x 6,1 x 6,1 m"},"content":{"rendered":"<p>Du ska inte vara r\u00e4dd f\u00f6r starkt solljus: Vill du ha en skuggig plats med en behaglig sval bris p\u00e5 sommaren? D\u00e5 \u00e4r denna markis precis vad du beh\u00f6ver! Den ger utm\u00e4rkt UV-skydd och blockerar 95 % av UV-str\u00e5larna. Lunch i tr\u00e4dg\u00e5rden? En kaffepaus p\u00e5 terrassen? Genomt\u00e4nkt in i minsta detalj: andningsbart HDPE-tyg, noggrant utf\u00f6rda s\u00f6mmar, konkav silhuett, dubbla f\u00f6rst\u00e4rkningsremmar, robusta ringar i rostfritt st\u00e5l i h\u00f6rnen \u2013 detta solsegel \u00e4r den perfekta sommarf\u00f6ljeslagaren. Det \u00e4r inte heller vattent\u00e4tt, s\u00e5 du beh\u00f6ver inte oroa dig f\u00f6r att presenningen sjunker ihop p\u00e5 grund av ansamlat regnvatten, och det \u00e4r en barnlek att h\u00e4nga upp solseglet! Ringarna i rostfritt st\u00e5l i h\u00f6rnen g\u00f6r det enkelt att h\u00e4nga upp och ta ner markisen. Du m\u00e5ste ocks\u00e5 se till att det finns ett l\u00e4mpligt avst\u00e5nd mellan f\u00e4stpunkten och den rostfria st\u00e5lringen (rekommenderat avst\u00e5nd: 46-61 cm). Avst\u00e5ndet m\u00e4ts fr\u00e5n ringens kant till f\u00e4stpunkten. Produktdetaljer: &#8211; F\u00e4rg: Gr\u00e5 &#8211; Material: 190 g\/m\u00b2 HDPE-tyg (h\u00f6gdensitets-polyeten), rostfri st\u00e5lring &#8211; Storlek: 6,1 x 6,1 x 6,1 m &#8211; Vikt: 3,1 kg Leveransomfattning: &#8211; 1 x solsegel &#8211; 3 x PE-rep SONGMIC-instruktioner:- Vi levererar PE-rep f\u00f6r att h\u00e4nga upp solseglet. Anv\u00e4nd inte nylonrep, eftersom de l\u00e4tt g\u00e5r s\u00f6nder.- Str\u00e4ck inte solseglet f\u00f6r h\u00e5rt n\u00e4r du monterar det, f\u00f6r att s\u00e4kerst\u00e4lla en l\u00e5ng livsl\u00e4ngd.- Ta bort produkten vid d\u00e5ligt v\u00e4der f\u00f6r att undvika skador.- Solseglets fram- och baksida \u00e4r olika. Var uppm\u00e4rksam p\u00e5 detta under monteringen f\u00f6r att undvika felaktig montering.<\/p>\n","protected":false},"excerpt":{"rendered":"<p>Du ska inte vara r\u00e4dd f\u00f6r starkt solljus: Vill du ha en skuggig plats med en behaglig sval bris p\u00e5 sommaren? D\u00e5 \u00e4r denna markis precis vad du beh\u00f6ver! Den ger utm\u00e4rkt UV-skydd och blockerar 95 % av UV-str\u00e5larna. Lunch i tr\u00e4dg\u00e5rden? En kaffepaus p\u00e5 terrassen? Genomt\u00e4nkt in i minsta detalj: andningsbart HDPE-tyg, noggrant utf\u00f6rda [&hellip;]<\/p>\n","protected":false},"featured_media":0,"comment_status":"open","ping_status":"closed","template":"","meta":[],"product_brand":[],"product_cat":[33],"product_tag":[],"class_list":{"0":"post-12133","1":"product","2":"type-product","3":"status-publish","5":"product_cat-okategoriserad","7":"first","8":"instock","9":"shipping-taxable","10":"purchasable","11":"product-type-simple"},"_links":{"self":[{"href":"https:\/\/nordicmart.andreevmaster.com\/sv\/wp-json\/wp\/v2\/product\/12133","targetHints":{"allow":["GET"]}}],"collection":[{"href":"https:\/\/nordicmart.andreevmaster.com\/sv\/wp-json\/wp\/v2\/product"}],"about":[{"href":"https:\/\/nordicmart.andreevmaster.com\/sv\/wp-json\/wp\/v2\/types\/product"}],"replies":[{"embeddable":true,"href":"https:\/\/nordicmart.andreevmaster.com\/sv\/wp-json\/wp\/v2\/comments?post=12133"}],"wp:attachment":[{"href":"https:\/\/nordicmart.andreevmaster.com\/sv\/wp-json\/wp\/v2\/media?parent=12133"}],"wp:term":[{"taxonomy":"product_brand","embeddable":true,"href":"https:\/\/nordicmart.andreevmaster.com\/sv\/wp-json\/wp\/v2\/product_brand?post=12133"},{"taxonomy":"product_cat","embeddable":true,"href":"https:\/\/nordicmart.andreevmaster.com\/sv\/wp-json\/wp\/v2\/product_cat?post=12133"},{"taxonomy":"product_tag","embeddable":true,"href":"https:\/\/nordicmart.andreevmaster.com\/sv\/wp-json\/wp\/v2\/product_tag?post=12133"}],"curies":[{"name":"wp","href":"https:\/\/api.w.org\/{rel}","templated":true}]}}