{"id":12128,"date":"2026-02-27T00:12:55","date_gmt":"2026-02-27T00:12:55","guid":{"rendered":"https:\/\/nordicmart.andreevmaster.com\/product\/songmics-trappstege-stege-med-4-steg-hopfallbar-trappstege\/"},"modified":"2026-02-27T08:07:21","modified_gmt":"2026-02-27T08:07:21","slug":"songmics-trappstege-stege-med-4-steg-hopfallbar-trappstege","status":"publish","type":"product","link":"https:\/\/nordicmart.andreevmaster.com\/sv\/produkt\/songmics-trappstege-stege-med-4-steg-hopfallbar-trappstege\/","title":{"rendered":"SONGMICS trappstege, stege med 4 steg, hopf\u00e4llbar trappstege"},"content":{"rendered":"<p>Trappstege, stege med 2 steg, hopf\u00e4llbar trappstege, hopf\u00e4llbar s\u00e4kerhetssp\u00e4rr, belastningskapacitet upp till 150 kg, basvit<br \/>\nProduktdetaljer:<br \/>\n&#8211; F\u00e4rg: duvgr\u00e5<br \/>\n&#8211; Material: st\u00e5l<br \/>\n&#8211; Storlek utf\u00e4lld: 89 x 45 x 127 cm (D x B x H)<br \/>\n&#8211; Storlek hopf\u00e4lld: 4 x 45 x 139 cm (D x B x H)<br \/>\n&#8211; Storlek per steg: 30 x 20 cm<br \/>\n&#8211; Vikt: 7,6 kg<br \/>\n&#8211; Max. statisk belastningskapacitet: 150 kg<\/p>\n<p>Leveransomfattning:<br \/>\n&#8211; 1 x stege<br \/>\n&#8211; 1 x bruksanvisning<\/p>\n<p>SONGMICS Anm\u00e4rkningar:<br \/>\n&#8211; Anv\u00e4nd den hopf\u00e4llbara stegen p\u00e5 ett plant underlag.<br \/>\n&#8211; Anv\u00e4nd inte stegen om det finns olja eller vatten p\u00e5 golvet.<br \/>\n&#8211; Innan du anv\u00e4nder stegen, se till att s\u00e4kerhetsl\u00e5sningarna \u00e4r korrekt och ordentligt fastsatta, annars \u00e4r stegen inte stabil.<br \/>\n&#8211; Stegen ska inte anv\u00e4ndas f\u00f6r kommersiella \u00e4ndam\u00e5l.<\/p>\n","protected":false},"excerpt":{"rendered":"<p>Trappstege, stege med 2 steg, hopf\u00e4llbar trappstege, hopf\u00e4llbar s\u00e4kerhetssp\u00e4rr, belastningskapacitet upp till 150 kg, basvit<\/p>\n","protected":false},"featured_media":40445,"comment_status":"open","ping_status":"closed","template":"","meta":[],"product_brand":[],"product_cat":[33],"product_tag":[],"class_list":{"0":"post-12128","1":"product","2":"type-product","3":"status-publish","4":"has-post-thumbnail","6":"product_cat-okategoriserad","8":"first","9":"instock","10":"shipping-taxable","11":"purchasable","12":"product-type-simple"},"_links":{"self":[{"href":"https:\/\/nordicmart.andreevmaster.com\/sv\/wp-json\/wp\/v2\/product\/12128","targetHints":{"allow":["GET"]}}],"collection":[{"href":"https:\/\/nordicmart.andreevmaster.com\/sv\/wp-json\/wp\/v2\/product"}],"about":[{"href":"https:\/\/nordicmart.andreevmaster.com\/sv\/wp-json\/wp\/v2\/types\/product"}],"replies":[{"embeddable":true,"href":"https:\/\/nordicmart.andreevmaster.com\/sv\/wp-json\/wp\/v2\/comments?post=12128"}],"wp:featuredmedia":[{"embeddable":true,"href":"https:\/\/nordicmart.andreevmaster.com\/sv\/wp-json\/wp\/v2\/media\/40445"}],"wp:attachment":[{"href":"https:\/\/nordicmart.andreevmaster.com\/sv\/wp-json\/wp\/v2\/media?parent=12128"}],"wp:term":[{"taxonomy":"product_brand","embeddable":true,"href":"https:\/\/nordicmart.andreevmaster.com\/sv\/wp-json\/wp\/v2\/product_brand?post=12128"},{"taxonomy":"product_cat","embeddable":true,"href":"https:\/\/nordicmart.andreevmaster.com\/sv\/wp-json\/wp\/v2\/product_cat?post=12128"},{"taxonomy":"product_tag","embeddable":true,"href":"https:\/\/nordicmart.andreevmaster.com\/sv\/wp-json\/wp\/v2\/product_tag?post=12128"}],"curies":[{"name":"wp","href":"https:\/\/api.w.org\/{rel}","templated":true}]}}