{"id":12124,"date":"2026-02-27T00:12:54","date_gmt":"2026-02-27T00:12:54","guid":{"rendered":"https:\/\/nordicmart.andreevmaster.com\/product\/songmics-hushallsstege-3-steg-vit\/"},"modified":"2026-02-27T08:07:21","modified_gmt":"2026-02-27T08:07:21","slug":"songmics-hushallsstege-3-steg-vit","status":"publish","type":"product","link":"https:\/\/nordicmart.andreevmaster.com\/sv\/produkt\/songmics-hushallsstege-3-steg-vit\/","title":{"rendered":"SONGMICS hush\u00e5llsstege 3 steg vit"},"content":{"rendered":"<p>Denna praktiska hopf\u00e4llbara stege i stabil metall fr\u00e5n Songmics \u00e4r en anv\u00e4ndbar hj\u00e4lpreda i vardagen n\u00e4r du beh\u00f6ver n\u00e5 h\u00f6gre bel\u00e4gna st\u00e4llen eller sk\u00e5pd\u00f6rrar hemma. Tack vare den hopf\u00e4llbara designen kan stegen enkelt och platsbesparande placeras var som helst och snabbt h\u00e4mtas vid behov. Produktdetaljer:- F\u00e4rg: vit &#8211; Material: st\u00e5l &#8211; Belastningskapacitet: 150 kg &#8211; Produktm\u00e5tt hopf\u00e4lld: 46,5 x 117 x 4,5 cm (B x H x D) &#8211; Vikt: 5,5 kg Leveransomfattning: &#8211; 1 x trappstege &#8211; 1 x bruksanvisning<\/p>\n","protected":false},"excerpt":{"rendered":"<p>SONGMICS trappstege, stege med 3 steg, hopf\u00e4llbar, hopf\u00e4llbar s\u00e4kerhetssp\u00e4rr, l\u00e4tt att f\u00f6rvara, belastningskapacitet upp till 150 kg, testad av T\u00dcV Rheinland enligt EN14183 GSL03WT<\/p>\n","protected":false},"featured_media":40441,"comment_status":"open","ping_status":"closed","template":"","meta":[],"product_brand":[],"product_cat":[33],"product_tag":[],"class_list":{"0":"post-12124","1":"product","2":"type-product","3":"status-publish","4":"has-post-thumbnail","6":"product_cat-okategoriserad","8":"first","9":"instock","10":"shipping-taxable","11":"purchasable","12":"product-type-simple"},"_links":{"self":[{"href":"https:\/\/nordicmart.andreevmaster.com\/sv\/wp-json\/wp\/v2\/product\/12124","targetHints":{"allow":["GET"]}}],"collection":[{"href":"https:\/\/nordicmart.andreevmaster.com\/sv\/wp-json\/wp\/v2\/product"}],"about":[{"href":"https:\/\/nordicmart.andreevmaster.com\/sv\/wp-json\/wp\/v2\/types\/product"}],"replies":[{"embeddable":true,"href":"https:\/\/nordicmart.andreevmaster.com\/sv\/wp-json\/wp\/v2\/comments?post=12124"}],"wp:featuredmedia":[{"embeddable":true,"href":"https:\/\/nordicmart.andreevmaster.com\/sv\/wp-json\/wp\/v2\/media\/40441"}],"wp:attachment":[{"href":"https:\/\/nordicmart.andreevmaster.com\/sv\/wp-json\/wp\/v2\/media?parent=12124"}],"wp:term":[{"taxonomy":"product_brand","embeddable":true,"href":"https:\/\/nordicmart.andreevmaster.com\/sv\/wp-json\/wp\/v2\/product_brand?post=12124"},{"taxonomy":"product_cat","embeddable":true,"href":"https:\/\/nordicmart.andreevmaster.com\/sv\/wp-json\/wp\/v2\/product_cat?post=12124"},{"taxonomy":"product_tag","embeddable":true,"href":"https:\/\/nordicmart.andreevmaster.com\/sv\/wp-json\/wp\/v2\/product_tag?post=12124"}],"curies":[{"name":"wp","href":"https:\/\/api.w.org\/{rel}","templated":true}]}}