{"id":12122,"date":"2026-02-27T00:12:54","date_gmt":"2026-02-27T00:12:54","guid":{"rendered":"https:\/\/nordicmart.andreevmaster.com\/product\/songmics-hopfallbar-trappstege-med-halkskyddsmatta\/"},"modified":"2026-02-27T08:07:20","modified_gmt":"2026-02-27T08:07:20","slug":"songmics-hopfallbar-trappstege-med-halkskyddsmatta","status":"publish","type":"product","link":"https:\/\/nordicmart.andreevmaster.com\/sv\/produkt\/songmics-hopfallbar-trappstege-med-halkskyddsmatta\/","title":{"rendered":"SONGMICS hopf\u00e4llbar trappstege med halkskyddsmatta"},"content":{"rendered":"<p>Songmics 1-stegs hopf\u00e4llbar trappstege Denna trappstege fr\u00e5n Songmics \u00e4r idealisk f\u00f6r dina dagliga behov. N\u00e4r armarna inte r\u00e4cker till kan du enkelt och s\u00e4kert n\u00e5 h\u00f6ga platser med den. Den hopf\u00e4llbara designen g\u00f6r att den snabbt och utrymmeseffektivt kan f\u00f6rvaras efter anv\u00e4ndning. Med sitt tydliga och enkla utseende passar stegen problemfritt in i m\u00e5nga inredningsstilar. Fyra ut\u00e5tv\u00e4nda f\u00f6tter med halkskyddande gummik\u00e5por ger stegen utm\u00e4rkt stabilitet och f\u00f6rhindrar att den v\u00e4lter; f\u00e4lls\u00e4kerheten s\u00e4kerst\u00e4lls med s\u00e4kerhetsknappar.Den hopf\u00e4llbara stegen med kompakta m\u00e5tt och ett praktiskt handtag \u00e4r mycket enkel att f\u00f6rvara och b\u00e4ra fram och tillbaka. Extra stor och halkfri fotplatta (38 x 26 cm) med r\u00e4fflade halkskyddsmattor s\u00e4kerst\u00e4ller bekv\u00e4mt och s\u00e4kert kl\u00e4ttrande.Denna praktiska hopf\u00e4llbara trappstege i stabil metall fr\u00e5n Songmics \u00e4r en anv\u00e4ndbar hj\u00e4lpreda i vardagen n\u00e4r du beh\u00f6ver n\u00e5 h\u00f6gre bel\u00e4gna st\u00e4llen eller sk\u00e5pd\u00f6rrar hemma. Tack vare den hopf\u00e4llbara designen kan du enkelt och utrymmeseffektivt placera stegen var som helst och snabbt h\u00e4mta den n\u00e4r du beh\u00f6ver den.Produktdetaljer: F\u00e4rg: vit Material: st\u00e5l Belastbarhet: 150 kg Produktm\u00e5tt hopf\u00e4lld: 37,5 x 4 x 26,5 cm (B x H x D) H\u00f6jd utf\u00e4lld: 17 cm Vikt: 1,5 kg Leveransomfattning: 1 x trappstege 1 x bruksanvisning<\/p>\n","protected":false},"excerpt":{"rendered":"<p>SONGMICS trappstege, hopf\u00e4llbar trappstege, enstegsstege, trappstege i st\u00e5l, testad av SGS, halkfri gummimatta, f\u00f6r badrum, k\u00f6k, belastningskapacitet upp till 150 kg, 37,5 x 26,5 x 17,5 cm, vit GSL01WT<\/p>\n","protected":false},"featured_media":40439,"comment_status":"open","ping_status":"closed","template":"","meta":[],"product_brand":[],"product_cat":[33],"product_tag":[],"class_list":{"0":"post-12122","1":"product","2":"type-product","3":"status-publish","4":"has-post-thumbnail","6":"product_cat-okategoriserad","8":"first","9":"instock","10":"shipping-taxable","11":"purchasable","12":"product-type-simple"},"_links":{"self":[{"href":"https:\/\/nordicmart.andreevmaster.com\/sv\/wp-json\/wp\/v2\/product\/12122","targetHints":{"allow":["GET"]}}],"collection":[{"href":"https:\/\/nordicmart.andreevmaster.com\/sv\/wp-json\/wp\/v2\/product"}],"about":[{"href":"https:\/\/nordicmart.andreevmaster.com\/sv\/wp-json\/wp\/v2\/types\/product"}],"replies":[{"embeddable":true,"href":"https:\/\/nordicmart.andreevmaster.com\/sv\/wp-json\/wp\/v2\/comments?post=12122"}],"wp:featuredmedia":[{"embeddable":true,"href":"https:\/\/nordicmart.andreevmaster.com\/sv\/wp-json\/wp\/v2\/media\/40439"}],"wp:attachment":[{"href":"https:\/\/nordicmart.andreevmaster.com\/sv\/wp-json\/wp\/v2\/media?parent=12122"}],"wp:term":[{"taxonomy":"product_brand","embeddable":true,"href":"https:\/\/nordicmart.andreevmaster.com\/sv\/wp-json\/wp\/v2\/product_brand?post=12122"},{"taxonomy":"product_cat","embeddable":true,"href":"https:\/\/nordicmart.andreevmaster.com\/sv\/wp-json\/wp\/v2\/product_cat?post=12122"},{"taxonomy":"product_tag","embeddable":true,"href":"https:\/\/nordicmart.andreevmaster.com\/sv\/wp-json\/wp\/v2\/product_tag?post=12122"}],"curies":[{"name":"wp","href":"https:\/\/api.w.org\/{rel}","templated":true}]}}