{"id":12119,"date":"2026-02-27T00:12:53","date_gmt":"2026-02-27T00:12:53","guid":{"rendered":"https:\/\/nordicmart.andreevmaster.com\/product\/songmics-trappstege-med-3-steg-gra-svart\/"},"modified":"2026-02-27T08:07:20","modified_gmt":"2026-02-27T08:07:20","slug":"songmics-trappstege-med-3-steg-gra-svart","status":"publish","type":"product","link":"https:\/\/nordicmart.andreevmaster.com\/sv\/produkt\/songmics-trappstege-med-3-steg-gra-svart\/","title":{"rendered":"SONGMICS trappstege med 3 steg gr\u00e5-svart"},"content":{"rendered":"<p>H\u00f6g stabilitet och s\u00e4kerhet En stege ska ge dig en k\u00e4nsla av s\u00e4kerhet. D\u00e4rf\u00f6r erbjuder vi denna robusta stege. Den \u00e4r tillverkad av h\u00f6gkvalitativt st\u00e5l och har en belastningskapacitet p\u00e5 upp till 150 kg. Dessutom ger de 20 cm breda stegen med halkfria gummimattor och de halkfria f\u00f6tterna med gummibel\u00e4ggning en h\u00f6gre stabilitet. Vill du ha \u00e4nnu mer s\u00e4kerhet? H\u00e5ll dig fast i det praktiska handr\u00e4cket! En s\u00e4ker arbetsmilj\u00f6 g\u00f6r att du alltid kan koncentrera dig. Genomt\u00e4nkt in i minsta detalj Den hopf\u00e4llbara stegen \u00e4r endast 46,5 x 4,5 x 117 cm stor n\u00e4r den \u00e4r hopf\u00e4lld och passar d\u00e4rf\u00f6r perfekt i ett h\u00f6rn av ditt garage eller i bagageutrymmet p\u00e5 din bil. Dessutom v\u00e4ger den bara 5,5 kg och \u00e4r utrustad med ett b\u00e4rhandtag, s\u00e5 att du enkelt kan transportera stegen fr\u00e5n k\u00e4llaren till tr\u00e4dg\u00e5rden f\u00f6r att besk\u00e4ra grenar. Dessutom har stegen inga vassa kanter och har rundade h\u00f6rn och gummik\u00e5por, vilket garanterar s\u00e4ker anv\u00e4ndning. Produktdetaljer: &#8211; F\u00e4rg: Gr\u00e5-svart &#8211; Material: St\u00e5l &#8211; Storlek hopf\u00e4lld: 46,5 x 4,5 x 117 cm (L x B x H) &#8211; Storlek utf\u00e4lld: 46,5 x 74,5 x 105 cm (L x B x H) &#8211; Storlek steg: 30 x 20 cm &#8211; Vikt: 5,5 kg &#8211; Max. statisk belastningskapacitet: 150 kg Leveransomfattning:- 1 x trappstege med 3 steg &#8211; 1 x bruksanvisning SONGMICS Anm\u00e4rkningar: &#8211; Var f\u00f6rsiktig n\u00e4r du f\u00e4ller ihop stegen f\u00f6r att undvika att kl\u00e4mma fingrarna. &#8211; Anv\u00e4nd produkten p\u00e5 ett plant underlag. &#8211; Anv\u00e4nd inte stegen om det finns olja eller vatten p\u00e5 golvet. &#8211; Se till att s\u00e4kerhetsanordningen har l\u00e5sts automatiskt innan du anv\u00e4nder stegen.<\/p>\n","protected":false},"excerpt":{"rendered":"<p>SONGMICS hopf\u00e4llbar trappstege med 3 steg, trappstege, stege, 20 cm breda steg, halkfria gummimattor, med ledst\u00e5ng, belastningskapacitet upp till 150 kg, tillverkad av st\u00e5l, uppfyller EN 14183, gr\u00e5-svart GSL003GY01<\/p>\n","protected":false},"featured_media":40436,"comment_status":"open","ping_status":"closed","template":"","meta":[],"product_brand":[],"product_cat":[33],"product_tag":[],"class_list":{"0":"post-12119","1":"product","2":"type-product","3":"status-publish","4":"has-post-thumbnail","6":"product_cat-okategoriserad","8":"first","9":"instock","10":"shipping-taxable","11":"purchasable","12":"product-type-simple"},"_links":{"self":[{"href":"https:\/\/nordicmart.andreevmaster.com\/sv\/wp-json\/wp\/v2\/product\/12119","targetHints":{"allow":["GET"]}}],"collection":[{"href":"https:\/\/nordicmart.andreevmaster.com\/sv\/wp-json\/wp\/v2\/product"}],"about":[{"href":"https:\/\/nordicmart.andreevmaster.com\/sv\/wp-json\/wp\/v2\/types\/product"}],"replies":[{"embeddable":true,"href":"https:\/\/nordicmart.andreevmaster.com\/sv\/wp-json\/wp\/v2\/comments?post=12119"}],"wp:featuredmedia":[{"embeddable":true,"href":"https:\/\/nordicmart.andreevmaster.com\/sv\/wp-json\/wp\/v2\/media\/40436"}],"wp:attachment":[{"href":"https:\/\/nordicmart.andreevmaster.com\/sv\/wp-json\/wp\/v2\/media?parent=12119"}],"wp:term":[{"taxonomy":"product_brand","embeddable":true,"href":"https:\/\/nordicmart.andreevmaster.com\/sv\/wp-json\/wp\/v2\/product_brand?post=12119"},{"taxonomy":"product_cat","embeddable":true,"href":"https:\/\/nordicmart.andreevmaster.com\/sv\/wp-json\/wp\/v2\/product_cat?post=12119"},{"taxonomy":"product_tag","embeddable":true,"href":"https:\/\/nordicmart.andreevmaster.com\/sv\/wp-json\/wp\/v2\/product_tag?post=12119"}],"curies":[{"name":"wp","href":"https:\/\/api.w.org\/{rel}","templated":true}]}}