{"id":12117,"date":"2026-02-27T00:12:53","date_gmt":"2026-02-27T00:12:53","guid":{"rendered":"https:\/\/nordicmart.andreevmaster.com\/product\/songmics-enstegsstege-i-stal\/"},"modified":"2026-02-27T08:07:19","modified_gmt":"2026-02-27T08:07:19","slug":"songmics-enstegsstege-i-stal","status":"publish","type":"product","link":"https:\/\/nordicmart.andreevmaster.com\/sv\/produkt\/songmics-enstegsstege-i-stal\/","title":{"rendered":"SONGMICS enstegsstege i st\u00e5l"},"content":{"rendered":"<p>SONGMICS trappstege, hopf\u00e4llbar trappstege, enstegsstege, trappstege i st\u00e5l, testad av SGS, halkfri gummimatta, f\u00f6r badrum, k\u00f6k, belastningskapacitet upp till 150 kg, 37,5 x 26,5 x 17,5 cm, vit GSL01WT<br \/>\nF\u00e4rg: Gr\u00e5<br \/>\nMaterial: St\u00e5l<br \/>\nStorlek utf\u00e4lld: 32 x 44 x 17,5 cm (D x B x H)<br \/>\nStorlek hopf\u00e4lld: 4 x 26 x 38 cm (D x B x H)<br \/>\nVikt: 1,9 kg<br \/>\nMax. statisk belastningskapacitet: 150 kg<\/p>\n","protected":false},"excerpt":{"rendered":"<p>SONGMICS trappstege, hopf\u00e4llbar trappstege, enstegsstege, trappstege i st\u00e5l, testad av SGS, halkfri gummimatta, f\u00f6r badrum, k\u00f6k, belastningskapacitet upp till 150 kg, 37,5 x 26,5 x 17,5 cm, vit GSL01WT<\/p>\n","protected":false},"featured_media":40434,"comment_status":"open","ping_status":"closed","template":"","meta":[],"product_brand":[],"product_cat":[33],"product_tag":[],"class_list":{"0":"post-12117","1":"product","2":"type-product","3":"status-publish","4":"has-post-thumbnail","6":"product_cat-okategoriserad","8":"first","9":"instock","10":"shipping-taxable","11":"purchasable","12":"product-type-simple"},"_links":{"self":[{"href":"https:\/\/nordicmart.andreevmaster.com\/sv\/wp-json\/wp\/v2\/product\/12117","targetHints":{"allow":["GET"]}}],"collection":[{"href":"https:\/\/nordicmart.andreevmaster.com\/sv\/wp-json\/wp\/v2\/product"}],"about":[{"href":"https:\/\/nordicmart.andreevmaster.com\/sv\/wp-json\/wp\/v2\/types\/product"}],"replies":[{"embeddable":true,"href":"https:\/\/nordicmart.andreevmaster.com\/sv\/wp-json\/wp\/v2\/comments?post=12117"}],"wp:featuredmedia":[{"embeddable":true,"href":"https:\/\/nordicmart.andreevmaster.com\/sv\/wp-json\/wp\/v2\/media\/40434"}],"wp:attachment":[{"href":"https:\/\/nordicmart.andreevmaster.com\/sv\/wp-json\/wp\/v2\/media?parent=12117"}],"wp:term":[{"taxonomy":"product_brand","embeddable":true,"href":"https:\/\/nordicmart.andreevmaster.com\/sv\/wp-json\/wp\/v2\/product_brand?post=12117"},{"taxonomy":"product_cat","embeddable":true,"href":"https:\/\/nordicmart.andreevmaster.com\/sv\/wp-json\/wp\/v2\/product_cat?post=12117"},{"taxonomy":"product_tag","embeddable":true,"href":"https:\/\/nordicmart.andreevmaster.com\/sv\/wp-json\/wp\/v2\/product_tag?post=12117"}],"curies":[{"name":"wp","href":"https:\/\/api.w.org\/{rel}","templated":true}]}}