{"id":12115,"date":"2026-02-27T00:12:52","date_gmt":"2026-02-27T00:12:52","guid":{"rendered":"https:\/\/nordicmart.andreevmaster.com\/product\/fortelt-4-x-6-m-2\/"},"modified":"2026-02-27T08:07:19","modified_gmt":"2026-02-27T08:07:19","slug":"fortelt-4-x-6-m-2","status":"publish","type":"product","link":"https:\/\/nordicmart.andreevmaster.com\/sv\/produkt\/fortelt-4-x-6-m-2\/","title":{"rendered":"Fortelt 4 x 6 m"},"content":{"rendered":"<p>Idealisk solskydd i tr\u00e4dg\u00e5rden Markiser har den f\u00f6rdelen att de, till skillnad fr\u00e5n markiser, kan s\u00e4ttas upp mer flexibelt och snabbt tas ner och s\u00e4ttas upp igen. J\u00e4mf\u00f6rt med en parasoll \u00e4r det omr\u00e5de som t\u00e4cks av en markis m\u00e5nga g\u00e5nger st\u00f6rre, utan att det beh\u00f6vs ett irriterande stativ. Med v\u00e5ra solsegel f\u00e5r du perfekt skydd mot solens str\u00e5lar i din tr\u00e4dg\u00e5rd. Oavsett om det \u00e4r p\u00e5 terrassen, altanen, \u00f6ver poolen, som carport eller f\u00f6r att skydda lekande barn \u2013 v\u00e5r markis kan monteras flexibelt. F\u00e4rg\u00e4kta I enlighet med ISO 105-B02-standarden fr\u00e5n T\u00dcV Rheinland, f\u00e4rg\u00e4kta, permanent f\u00e4rgstabil och bleknar inte. L\u00e4tt att f\u00e4sta V\u00e5ra solsegel f\u00e4sts p\u00e5 stolpar, p\u00e5lar eller tr\u00e4d med hj\u00e4lp av de medf\u00f6ljande f\u00e4strep. Repen \u00e4r tillverkade av PE. Se till att repen \u00e4r s\u00e4kra och sp\u00e4nda. Det medf\u00f6ljer 4 rep med varje segel, 3 rep med den triangul\u00e4ra duken. \u00d6kad s\u00e4kerhet tack vare h\u00f6gkvalitativ tillverkning V\u00e5rt utvalda material \u00e4r en rivfast polyester av h\u00f6g kvalitet. Seglet \u00e4r f\u00f6rst\u00e4rkt hela v\u00e4gen runt kanterna i s\u00f6mmarna med en speciell h\u00f6gpresterande v\u00e4vband, som ocks\u00e5 \u00e4r insydd f\u00f6r att ge mer stabilitet. H\u00f6rnen har ocks\u00e5 f\u00f6rst\u00e4rkts flera g\u00e5nger. Produktdetaljer: Material: PES (polyesterduk) Materialvikt: 160 g\/m\u00b2 M\u00e5tt: 4 x 6 m Leveransomfattning: 1 x solsegel 6 x f\u00e4stband F\u00f6r l\u00e5ng livsl\u00e4ngd ska solseglet f\u00e4stas i en vinkel p\u00e5 20 grader s\u00e5 att det inte bildas vattenfickor n\u00e4r det regnar. Demontera vid d\u00e5ligt v\u00e4der och h\u00e5rt v\u00e4der som storm, \u00e5skv\u00e4der, hagel, stark vind och under vinterm\u00e5naderna. &#8211; Tv\u00e4tta inte solseglet med vatten. &#8211; Se till att f\u00e4sta toppen och botten korrekt under monteringen.<\/p>\n","protected":false},"excerpt":{"rendered":"<p>Idealisk solskydd i tr\u00e4dg\u00e5rden Markiser har den f\u00f6rdelen att de, till skillnad fr\u00e5n markiser, kan s\u00e4ttas upp mer flexibelt och snabbt tas ner och s\u00e4ttas upp igen. J\u00e4mf\u00f6rt med en parasoll \u00e4r det omr\u00e5de som t\u00e4cks av en markis m\u00e5nga g\u00e5nger st\u00f6rre, utan att det beh\u00f6vs ett irriterande stativ. Med v\u00e5ra solsegel f\u00e5r du perfekt [&hellip;]<\/p>\n","protected":false},"featured_media":0,"comment_status":"open","ping_status":"closed","template":"","meta":[],"product_brand":[],"product_cat":[33],"product_tag":[],"class_list":{"0":"post-12115","1":"product","2":"type-product","3":"status-publish","5":"product_cat-okategoriserad","7":"first","8":"instock","9":"shipping-taxable","10":"product-type-simple"},"_links":{"self":[{"href":"https:\/\/nordicmart.andreevmaster.com\/sv\/wp-json\/wp\/v2\/product\/12115","targetHints":{"allow":["GET"]}}],"collection":[{"href":"https:\/\/nordicmart.andreevmaster.com\/sv\/wp-json\/wp\/v2\/product"}],"about":[{"href":"https:\/\/nordicmart.andreevmaster.com\/sv\/wp-json\/wp\/v2\/types\/product"}],"replies":[{"embeddable":true,"href":"https:\/\/nordicmart.andreevmaster.com\/sv\/wp-json\/wp\/v2\/comments?post=12115"}],"wp:attachment":[{"href":"https:\/\/nordicmart.andreevmaster.com\/sv\/wp-json\/wp\/v2\/media?parent=12115"}],"wp:term":[{"taxonomy":"product_brand","embeddable":true,"href":"https:\/\/nordicmart.andreevmaster.com\/sv\/wp-json\/wp\/v2\/product_brand?post=12115"},{"taxonomy":"product_cat","embeddable":true,"href":"https:\/\/nordicmart.andreevmaster.com\/sv\/wp-json\/wp\/v2\/product_cat?post=12115"},{"taxonomy":"product_tag","embeddable":true,"href":"https:\/\/nordicmart.andreevmaster.com\/sv\/wp-json\/wp\/v2\/product_tag?post=12115"}],"curies":[{"name":"wp","href":"https:\/\/api.w.org\/{rel}","templated":true}]}}