{"id":12114,"date":"2026-02-27T00:12:52","date_gmt":"2026-02-27T00:12:52","guid":{"rendered":"https:\/\/nordicmart.andreevmaster.com\/product\/songmics-solsegel-camping-sandgul\/"},"modified":"2026-02-27T08:07:19","modified_gmt":"2026-02-27T08:07:19","slug":"songmics-solsegel-camping-sandgul","status":"publish","type":"product","link":"https:\/\/nordicmart.andreevmaster.com\/sv\/produkt\/songmics-solsegel-camping-sandgul\/","title":{"rendered":"SONGMICS solsegel Camping Sandgul"},"content":{"rendered":"<p>SONGMICS solsegel \u2013 dags f\u00f6r klokt solskydd. \u00d6verallt. N\u00e4r du kopplar av p\u00e5 din tr\u00e4dg\u00e5rdsstol en vacker sommardag och tittar p\u00e5 ditt nya solsegel precis innan du sluter \u00f6gonen, kommer du s\u00e4kert att dr\u00f6mma om en sp\u00e4nnande segeltur till exotiska l\u00e4nder. Oroa dig inte om din lilla tupplur utomhus tar lite l\u00e4ngre tid \u00e4n v\u00e4ntat. Det stora solskyddet ovanf\u00f6r dig skyddar utm\u00e4rkt mot UV-str\u00e5lar. Det \u00e4r solklart att detta segel passar perfekt i din tr\u00e4dg\u00e5rd, \u00f6ver din terrass eller din balkong. Anv\u00e4nd det till exempel ocks\u00e5 f\u00f6r att skydda dina barns privata lekplats eller deras plaskdamm fr\u00e5n solen, eftersom just barns hud \u00e4r k\u00e4nslig f\u00f6r UV-str\u00e5lar.Solseglet \u00e4r ocks\u00e5 en trogen f\u00f6ljeslagare p\u00e5 campingen. Sp\u00e4nn upp det framf\u00f6r ing\u00e5ngen till din husvagn och f\u00f6rvandla det till ett slags t\u00e4lt. Men \u00e4ven om du vill skydda din familj och v\u00e4nner, som sitter hungriga vid grillen, fr\u00e5n f\u00f6r mycket solljus, \u00e4r detta solsegel perfekt.T\u00e4nk ocks\u00e5 p\u00e5 ett solsegel om du vill utrusta din aff\u00e4rslokal, till exempel uteserveringen p\u00e5 ditt caf\u00e9 eller restaurang, med tillr\u00e4ckligt solskydd. P\u00e5 s\u00e5 s\u00e4tt kan dina kunder njuta av dina specialiteter i skuggan. Detta solsegel kan allts\u00e5 anv\u00e4ndas flexibelt p\u00e5 m\u00e5nga olika platser. Var ska du h\u00e4nga upp det? Produktdetaljer:F\u00e4rg: SandMaterial: Polyester (160 g\/m\u00b2)Storlek: 3,6 x 3,6 mVikt: 2,5 kgLeveransomfattning:1 x solsegel med v\u00e4ska4 x f\u00e4strepSONGMICS Anvisningar:V\u00e4nligen luta duken 25 grader f\u00f6r att m\u00f6jligg\u00f6ra ett smidigt avrinning av regnvatten.F\u00f6rvara solseglet p\u00e5 en skyddad plats under ov\u00e4der eller p\u00e5 vintern. Reng\u00f6r seglet med ett milt reng\u00f6ringsmedel eller vatten. Anv\u00e4nd aldrig en borste med h\u00e5rda borst eller kemiska v\u00e4tskor. Se till att du inte h\u00e4nger upp seglet upp och ner.<\/p>\n","protected":false},"excerpt":{"rendered":"<p>SONGMICS solsegel 3,6 x 3,6 m, vattent\u00e4tt upp till minst 1000 mm vattenpelare, 93 % UV-skydd, solskydd av rivfast polyester, v\u00e4derbest\u00e4ndigt, tr\u00e4dg\u00e5rd, balkong, terrass, camping, sandgult GSH36EY<\/p>\n","protected":false},"featured_media":40432,"comment_status":"open","ping_status":"closed","template":"","meta":[],"product_brand":[],"product_cat":[33],"product_tag":[],"class_list":{"0":"post-12114","1":"product","2":"type-product","3":"status-publish","4":"has-post-thumbnail","6":"product_cat-okategoriserad","8":"first","9":"instock","10":"shipping-taxable","11":"purchasable","12":"product-type-simple"},"_links":{"self":[{"href":"https:\/\/nordicmart.andreevmaster.com\/sv\/wp-json\/wp\/v2\/product\/12114","targetHints":{"allow":["GET"]}}],"collection":[{"href":"https:\/\/nordicmart.andreevmaster.com\/sv\/wp-json\/wp\/v2\/product"}],"about":[{"href":"https:\/\/nordicmart.andreevmaster.com\/sv\/wp-json\/wp\/v2\/types\/product"}],"replies":[{"embeddable":true,"href":"https:\/\/nordicmart.andreevmaster.com\/sv\/wp-json\/wp\/v2\/comments?post=12114"}],"wp:featuredmedia":[{"embeddable":true,"href":"https:\/\/nordicmart.andreevmaster.com\/sv\/wp-json\/wp\/v2\/media\/40432"}],"wp:attachment":[{"href":"https:\/\/nordicmart.andreevmaster.com\/sv\/wp-json\/wp\/v2\/media?parent=12114"}],"wp:term":[{"taxonomy":"product_brand","embeddable":true,"href":"https:\/\/nordicmart.andreevmaster.com\/sv\/wp-json\/wp\/v2\/product_brand?post=12114"},{"taxonomy":"product_cat","embeddable":true,"href":"https:\/\/nordicmart.andreevmaster.com\/sv\/wp-json\/wp\/v2\/product_cat?post=12114"},{"taxonomy":"product_tag","embeddable":true,"href":"https:\/\/nordicmart.andreevmaster.com\/sv\/wp-json\/wp\/v2\/product_tag?post=12114"}],"curies":[{"name":"wp","href":"https:\/\/api.w.org\/{rel}","templated":true}]}}