{"id":12112,"date":"2026-02-27T00:12:52","date_gmt":"2026-02-27T00:12:52","guid":{"rendered":"https:\/\/nordicmart.andreevmaster.com\/product\/songmics-solsegel-camping-ljusgra\/"},"modified":"2026-02-27T08:07:18","modified_gmt":"2026-02-27T08:07:18","slug":"songmics-solsegel-camping-ljusgra","status":"publish","type":"product","link":"https:\/\/nordicmart.andreevmaster.com\/sv\/produkt\/songmics-solsegel-camping-ljusgra\/","title":{"rendered":"SONGMICS solsegel camping ljusgr\u00e5"},"content":{"rendered":"<p>Inga verktyg beh\u00f6vs f\u00f6r montering! L\u00e4gg ut solseglet p\u00e5 den plats d\u00e4r du beh\u00f6ver solskydd. Leta sedan upp 6 f\u00e4stpunkter d\u00e4r du vill f\u00e4sta rep. Dessa \u00e4r 2 m l\u00e5nga, s\u00e5 leta upp tr\u00e4d, stolpar eller andra stabila f\u00f6rem\u00e5l inom denna radie.Till skillnad fr\u00e5n andra segel i denna storlek \u00e4r denna modell utrustad med 6 rostfria ringar, s\u00e5 att du kan f\u00e4sta presenningen \u00e4nnu j\u00e4mnare. F\u00f6r vilka platser \u00e4r detta solskydd l\u00e4mpligt? Finns det 4 f\u00e4stpunkter och tillr\u00e4ckligt med utrymme f\u00f6r det 3 x 5 m stora seglet? D\u00e5 \u00e4r detta den perfekta platsen f\u00f6r ditt nya solskydd, vare sig det \u00e4r p\u00e5 campingen, i din tr\u00e4dg\u00e5rd eller \u00f6ver din pool.Produktdetaljer: Material: polyester (160 g) Storlek: 3 x 5 m Nettovikt: 3 kg Leveransomfattning: 1 x solsegel med PE-v\u00e4ska 4 x f\u00e4strep SONGIMC Anvisningar: Luta duken 25 grader f\u00f6r att regnvattnet ska rinna av smidigt.F\u00f6rvara solseglet p\u00e5 en skyddad plats under ov\u00e4der eller p\u00e5 vintern. Reng\u00f6r seglet med ett milt reng\u00f6ringsmedel eller vatten. Anv\u00e4nd aldrig en borste med h\u00e5rda borst eller kemiska v\u00e4tskor. Se till att du inte h\u00e4nger upp seglet upp och ner.<\/p>\n","protected":false},"excerpt":{"rendered":"<p>SONGMICS solsegel 3 x 5 m, vattent\u00e4tt (minst 1000 mm), UV-skydd, solskydd Av slitstarkt polyester, H Lt 93 % solstr\u00e5lar, v\u00e4derbest\u00e4ndigt, tr\u00e4dg\u00e5rd, balkong, terrass, camping, ljusgr\u00e5tt GSH35QY<\/p>\n","protected":false},"featured_media":40430,"comment_status":"open","ping_status":"closed","template":"","meta":[],"product_brand":[],"product_cat":[33],"product_tag":[],"class_list":{"0":"post-12112","1":"product","2":"type-product","3":"status-publish","4":"has-post-thumbnail","6":"product_cat-okategoriserad","8":"first","9":"instock","10":"shipping-taxable","11":"purchasable","12":"product-type-simple"},"_links":{"self":[{"href":"https:\/\/nordicmart.andreevmaster.com\/sv\/wp-json\/wp\/v2\/product\/12112","targetHints":{"allow":["GET"]}}],"collection":[{"href":"https:\/\/nordicmart.andreevmaster.com\/sv\/wp-json\/wp\/v2\/product"}],"about":[{"href":"https:\/\/nordicmart.andreevmaster.com\/sv\/wp-json\/wp\/v2\/types\/product"}],"replies":[{"embeddable":true,"href":"https:\/\/nordicmart.andreevmaster.com\/sv\/wp-json\/wp\/v2\/comments?post=12112"}],"wp:featuredmedia":[{"embeddable":true,"href":"https:\/\/nordicmart.andreevmaster.com\/sv\/wp-json\/wp\/v2\/media\/40430"}],"wp:attachment":[{"href":"https:\/\/nordicmart.andreevmaster.com\/sv\/wp-json\/wp\/v2\/media?parent=12112"}],"wp:term":[{"taxonomy":"product_brand","embeddable":true,"href":"https:\/\/nordicmart.andreevmaster.com\/sv\/wp-json\/wp\/v2\/product_brand?post=12112"},{"taxonomy":"product_cat","embeddable":true,"href":"https:\/\/nordicmart.andreevmaster.com\/sv\/wp-json\/wp\/v2\/product_cat?post=12112"},{"taxonomy":"product_tag","embeddable":true,"href":"https:\/\/nordicmart.andreevmaster.com\/sv\/wp-json\/wp\/v2\/product_tag?post=12112"}],"curies":[{"name":"wp","href":"https:\/\/api.w.org\/{rel}","templated":true}]}}