{"id":12109,"date":"2026-02-27T00:12:51","date_gmt":"2026-02-27T00:12:51","guid":{"rendered":"https:\/\/nordicmart.andreevmaster.com\/product\/songmics-solsegel-3-x-5-m\/"},"modified":"2026-02-27T08:07:18","modified_gmt":"2026-02-27T08:07:18","slug":"songmics-solsegel-3-x-5-m","status":"publish","type":"product","link":"https:\/\/nordicmart.andreevmaster.com\/sv\/produkt\/songmics-solsegel-3-x-5-m\/","title":{"rendered":"SONGMICS solsegel 3 x 5 m"},"content":{"rendered":"<p>S\u00e5 snart de f\u00f6rsta solstr\u00e5larna visar sig p\u00e5 v\u00e5ren m\u00e5ste man bara g\u00e5 ut och njuta av solen. N\u00e4r temperaturen stiger kan man njuta av lugn och avkoppling under solskyddet med de livgivande solstr\u00e5larna. Idealisk skydd mot solen i tr\u00e4dg\u00e5rden: Solsegel har f\u00f6rdelen att de, till skillnad fr\u00e5n markiser, kan placeras mer flexibelt och snabbt tas ner och s\u00e4ttas upp. J\u00e4mf\u00f6rt med ett parasoll t\u00e4cker ett solsegel en mycket st\u00f6rre yta, och detta utan st\u00f6rande stativ. Med v\u00e5rt solsegel har du perfekt skydd mot solens str\u00e5lar i tr\u00e4dg\u00e5rden. Oavsett om det \u00e4r p\u00e5 terrassen, balkongen, \u00f6ver poolen, som carport eller f\u00f6r att skydda lekande barn \u2013 v\u00e5rt solsegel kan f\u00e4stas flexibelt. F\u00e4rg\u00e4kta: Enligt standarden ISO 105-B02 fr\u00e5n T\u00dcV Rheinland \u00e4r det f\u00e4rg\u00e4kta, f\u00e4rgbest\u00e4ndigt och bleknar inte. \u00d6kad s\u00e4kerhet genom h\u00f6gkvalitativ tillverkning: V\u00e5rt utvalda material \u00e4r en h\u00f6gkvalitativ, rivfast polyester. Seglet har f\u00f6rst\u00e4rkts l\u00e4ngs kanterna med ett speciellt h\u00f6gpresterande band som har sys in f\u00f6r att ge extra stabilitet. H\u00f6rnen har ocks\u00e5 f\u00f6rst\u00e4rkts flera g\u00e5nger. Produktdetaljer: &#8211; Material: PES (polyestertyg) &#8211; Materialvikt: 160 g\/m\u00b2 &#8211; M\u00e5tt: 3 x 5 m Leveransomfattning: &#8211; 1 x solsegel &#8211; 4 x f\u00e4strep F\u00f6r l\u00e5ng livsl\u00e4ngd &#8211; Ta ner seglet vid d\u00e5ligt v\u00e4der och ov\u00e4der som storm, \u00e5ska, hagel, stark vind och under vinterm\u00e5naderna. &#8211; Se till att du monterar ovansidan och undersidan korrekt under upps\u00e4ttningen.<\/p>\n","protected":false},"excerpt":{"rendered":"<p>SONGMICS solsegel 3 x 5 m, vattent\u00e4tt (minst 1000 mm), UV-skydd, solskydd Av slitstarkt polyester, H Lt 93 % solstr\u00e5lar, v\u00e4derbest\u00e4ndigt, tr\u00e4dg\u00e5rd, balkong, terrass, camping, ljusgr\u00e5tt GSH35QY<\/p>\n","protected":false},"featured_media":40428,"comment_status":"open","ping_status":"closed","template":"","meta":[],"product_brand":[],"product_cat":[33],"product_tag":[],"class_list":{"0":"post-12109","1":"product","2":"type-product","3":"status-publish","4":"has-post-thumbnail","6":"product_cat-okategoriserad","8":"first","9":"instock","10":"shipping-taxable","11":"purchasable","12":"product-type-simple"},"_links":{"self":[{"href":"https:\/\/nordicmart.andreevmaster.com\/sv\/wp-json\/wp\/v2\/product\/12109","targetHints":{"allow":["GET"]}}],"collection":[{"href":"https:\/\/nordicmart.andreevmaster.com\/sv\/wp-json\/wp\/v2\/product"}],"about":[{"href":"https:\/\/nordicmart.andreevmaster.com\/sv\/wp-json\/wp\/v2\/types\/product"}],"replies":[{"embeddable":true,"href":"https:\/\/nordicmart.andreevmaster.com\/sv\/wp-json\/wp\/v2\/comments?post=12109"}],"wp:featuredmedia":[{"embeddable":true,"href":"https:\/\/nordicmart.andreevmaster.com\/sv\/wp-json\/wp\/v2\/media\/40428"}],"wp:attachment":[{"href":"https:\/\/nordicmart.andreevmaster.com\/sv\/wp-json\/wp\/v2\/media?parent=12109"}],"wp:term":[{"taxonomy":"product_brand","embeddable":true,"href":"https:\/\/nordicmart.andreevmaster.com\/sv\/wp-json\/wp\/v2\/product_brand?post=12109"},{"taxonomy":"product_cat","embeddable":true,"href":"https:\/\/nordicmart.andreevmaster.com\/sv\/wp-json\/wp\/v2\/product_cat?post=12109"},{"taxonomy":"product_tag","embeddable":true,"href":"https:\/\/nordicmart.andreevmaster.com\/sv\/wp-json\/wp\/v2\/product_tag?post=12109"}],"curies":[{"name":"wp","href":"https:\/\/api.w.org\/{rel}","templated":true}]}}