{"id":12108,"date":"2026-02-27T00:12:51","date_gmt":"2026-02-27T00:12:51","guid":{"rendered":"https:\/\/nordicmart.andreevmaster.com\/product\/songmics-solsegel-3-x-4-m-med-vattenpelare-rektangulart\/"},"modified":"2026-02-27T08:07:18","modified_gmt":"2026-02-27T08:07:18","slug":"songmics-solsegel-3-x-4-m-med-vattenpelare-rektangulart","status":"publish","type":"product","link":"https:\/\/nordicmart.andreevmaster.com\/sv\/produkt\/songmics-solsegel-3-x-4-m-med-vattenpelare-rektangulart\/","title":{"rendered":"SONGMICS solsegel 3 x 4 m med vattenpelare, rektangul\u00e4rt"},"content":{"rendered":"<p>SONGMICS solsegel 3 x 5 m, vattent\u00e4tt (minst 1000 mm), UV-skydd, solskydd Av slitstarkt polyester, H Lt 93 % solstr\u00e5lar, v\u00e4derbest\u00e4ndigt, tr\u00e4dg\u00e5rd, balkong, terrass, camping, ljusgr\u00e5tt GSH35QY<br \/>\nF\u00e4rg: Sandgul<br \/>\nMaterial: 160 g\/m\u00b2 polyesterv\u00e4v med PU-bel\u00e4ggning, ring i rostfritt st\u00e5l<br \/>\nStorlek: 3 x 5 m (L x B)<br \/>\nVikt: 2,4 kg<\/p>\n","protected":false},"excerpt":{"rendered":"<p>SONGMICS solsegel 3 x 5 m, vattent\u00e4tt (minst 1000 mm), UV-skydd, solskydd Av slitstarkt polyester, H Lt 93 % solstr\u00e5lar, v\u00e4derbest\u00e4ndigt, tr\u00e4dg\u00e5rd, balkong, terrass, camping, ljusgr\u00e5tt GSH35QY<\/p>\n","protected":false},"featured_media":40427,"comment_status":"open","ping_status":"closed","template":"","meta":[],"product_brand":[],"product_cat":[33],"product_tag":[],"class_list":{"0":"post-12108","1":"product","2":"type-product","3":"status-publish","4":"has-post-thumbnail","6":"product_cat-okategoriserad","8":"first","9":"instock","10":"shipping-taxable","11":"purchasable","12":"product-type-simple"},"_links":{"self":[{"href":"https:\/\/nordicmart.andreevmaster.com\/sv\/wp-json\/wp\/v2\/product\/12108","targetHints":{"allow":["GET"]}}],"collection":[{"href":"https:\/\/nordicmart.andreevmaster.com\/sv\/wp-json\/wp\/v2\/product"}],"about":[{"href":"https:\/\/nordicmart.andreevmaster.com\/sv\/wp-json\/wp\/v2\/types\/product"}],"replies":[{"embeddable":true,"href":"https:\/\/nordicmart.andreevmaster.com\/sv\/wp-json\/wp\/v2\/comments?post=12108"}],"wp:featuredmedia":[{"embeddable":true,"href":"https:\/\/nordicmart.andreevmaster.com\/sv\/wp-json\/wp\/v2\/media\/40427"}],"wp:attachment":[{"href":"https:\/\/nordicmart.andreevmaster.com\/sv\/wp-json\/wp\/v2\/media?parent=12108"}],"wp:term":[{"taxonomy":"product_brand","embeddable":true,"href":"https:\/\/nordicmart.andreevmaster.com\/sv\/wp-json\/wp\/v2\/product_brand?post=12108"},{"taxonomy":"product_cat","embeddable":true,"href":"https:\/\/nordicmart.andreevmaster.com\/sv\/wp-json\/wp\/v2\/product_cat?post=12108"},{"taxonomy":"product_tag","embeddable":true,"href":"https:\/\/nordicmart.andreevmaster.com\/sv\/wp-json\/wp\/v2\/product_tag?post=12108"}],"curies":[{"name":"wp","href":"https:\/\/api.w.org\/{rel}","templated":true}]}}