{"id":12106,"date":"2026-02-27T00:12:50","date_gmt":"2026-02-27T00:12:50","guid":{"rendered":"https:\/\/nordicmart.andreevmaster.com\/product\/songmics-solsegel-3-x-4-m-rektangulart-ljusgratt\/"},"modified":"2026-02-27T08:07:18","modified_gmt":"2026-02-27T08:07:18","slug":"songmics-solsegel-3-x-4-m-rektangulart-ljusgratt","status":"publish","type":"product","link":"https:\/\/nordicmart.andreevmaster.com\/sv\/produkt\/songmics-solsegel-3-x-4-m-rektangulart-ljusgratt\/","title":{"rendered":"SONGMICS solsegel 3 x 4 m rektangul\u00e4rt ljusgr\u00e5tt"},"content":{"rendered":"<p>SONGMICS 3 x 4 m solsegel av PES f\u00f6r tr\u00e4dg\u00e5rden, v\u00e4derbest\u00e4ndigt, solskydd, polyester, antracit GSH34GYV1<br \/>\nF\u00e4rg: Ljusgr\u00e5<br \/>\nMaterial: 160 g\/m\u00b2 polyesterv\u00e4v med PU-bel\u00e4ggning, rostfritt st\u00e5lring<br \/>\nStorlek: 3 x 4 m (L x B)<br \/>\nVikt: 1,9 kg<\/p>\n","protected":false},"excerpt":{"rendered":"<p>SONGMICS 3 x 4 m solsegel av PES f\u00f6r tr\u00e4dg\u00e5rden, v\u00e4derbest\u00e4ndigt, solskydd, polyester, antracit GSH34GYV1<\/p>\n","protected":false},"featured_media":40425,"comment_status":"open","ping_status":"closed","template":"","meta":[],"product_brand":[],"product_cat":[33],"product_tag":[],"class_list":{"0":"post-12106","1":"product","2":"type-product","3":"status-publish","4":"has-post-thumbnail","6":"product_cat-okategoriserad","8":"first","9":"instock","10":"shipping-taxable","11":"purchasable","12":"product-type-simple"},"_links":{"self":[{"href":"https:\/\/nordicmart.andreevmaster.com\/sv\/wp-json\/wp\/v2\/product\/12106","targetHints":{"allow":["GET"]}}],"collection":[{"href":"https:\/\/nordicmart.andreevmaster.com\/sv\/wp-json\/wp\/v2\/product"}],"about":[{"href":"https:\/\/nordicmart.andreevmaster.com\/sv\/wp-json\/wp\/v2\/types\/product"}],"replies":[{"embeddable":true,"href":"https:\/\/nordicmart.andreevmaster.com\/sv\/wp-json\/wp\/v2\/comments?post=12106"}],"wp:featuredmedia":[{"embeddable":true,"href":"https:\/\/nordicmart.andreevmaster.com\/sv\/wp-json\/wp\/v2\/media\/40425"}],"wp:attachment":[{"href":"https:\/\/nordicmart.andreevmaster.com\/sv\/wp-json\/wp\/v2\/media?parent=12106"}],"wp:term":[{"taxonomy":"product_brand","embeddable":true,"href":"https:\/\/nordicmart.andreevmaster.com\/sv\/wp-json\/wp\/v2\/product_brand?post=12106"},{"taxonomy":"product_cat","embeddable":true,"href":"https:\/\/nordicmart.andreevmaster.com\/sv\/wp-json\/wp\/v2\/product_cat?post=12106"},{"taxonomy":"product_tag","embeddable":true,"href":"https:\/\/nordicmart.andreevmaster.com\/sv\/wp-json\/wp\/v2\/product_tag?post=12106"}],"curies":[{"name":"wp","href":"https:\/\/api.w.org\/{rel}","templated":true}]}}