{"id":12105,"date":"2026-02-27T00:12:50","date_gmt":"2026-02-27T00:12:50","guid":{"rendered":"https:\/\/nordicmart.andreevmaster.com\/product\/songmics-3-x-4-m-solsegel-av-pes-for-tradgarden-gsh34ivv1\/"},"modified":"2026-02-27T08:07:17","modified_gmt":"2026-02-27T08:07:17","slug":"songmics-3-x-4-m-solsegel-av-pes-for-tradgarden-gsh34ivv1","status":"publish","type":"product","link":"https:\/\/nordicmart.andreevmaster.com\/sv\/produkt\/songmics-3-x-4-m-solsegel-av-pes-for-tradgarden-gsh34ivv1\/","title":{"rendered":"SONGMICS 3 x 4 m solsegel av PES f\u00f6r tr\u00e4dg\u00e5rden GSH34IVV1"},"content":{"rendered":"<p>Idealisk skydd mot solen i tr\u00e4dg\u00e5rden Solsegel har f\u00f6rdelen att de, till skillnad fr\u00e5n markiser, kan monteras mer flexibelt och snabbt tas ner och s\u00e4ttas upp. J\u00e4mf\u00f6rt med en parasoll \u00e4r ytan som ett solsegel t\u00e4cker m\u00e5nga g\u00e5nger st\u00f6rre, och detta utan st\u00f6rande stativ. Med v\u00e5rt solsegel har du perfekt skydd mot solens str\u00e5lar i tr\u00e4dg\u00e5rden. Oavsett om det \u00e4r p\u00e5 terrassen, balkongen, \u00f6ver poolen, som carport eller f\u00f6r att skydda lekande barn \u2013 v\u00e5rt solsegel kan f\u00e4stas flexibelt. F\u00e4rg\u00e4kta Enligt standarden ISO 105-B02 fr\u00e5n T\u00dcV Rheinland \u00e4r det f\u00e4rg\u00e4kta, f\u00e4rgbest\u00e4ndigt och bleknar inte.Enkel fasts\u00e4ttning V\u00e5ra solsegel f\u00e4sts med de medf\u00f6ljande f\u00e4stlinorna p\u00e5 stolpar, st\u00e4nger eller tr\u00e4d. Linorna \u00e4r tillverkade av PE. Se till att linorna sitter s\u00e4kert och fast. Fyra rep per segel, tre rep f\u00f6r triangul\u00e4ra segel, ing\u00e5r i leveransen. \u00d6kad s\u00e4kerhet tack vare h\u00f6gkvalitativ tillverkning V\u00e5rt utvalda material \u00e4r en h\u00f6gkvalitativ, rivfast polyester. Seglet har f\u00f6rst\u00e4rkts l\u00e4ngs kanterna med ett speciellt h\u00f6gpresterande band som har sys in f\u00f6r att ge \u00f6kad stabilitet. H\u00f6rnen har ocks\u00e5 f\u00f6rst\u00e4rkts flera g\u00e5nger. Produktdetaljer: Material: PES (polyestertyg) Materialvikt: 160 g\/m\u00b2 M\u00e5tt: 3 x 4 m Leveransomfattning: 1 x solsegel 4 x f\u00e4strep Observera f\u00f6r l\u00e5ng livsl\u00e4ngd Montera solseglet med en lutning p\u00e5 20 grader s\u00e5 att det inte bildas vattenfickor vid regn.Ta ner solseglet vid d\u00e5ligt v\u00e4der och ov\u00e4der som storm, \u00e5ska, hagel, stark vind och under vinterm\u00e5naderna. Tv\u00e4tta inte solskyddet med vatten. Se till att du monterar ovansidan och undersidan korrekt under upps\u00e4ttningen.<\/p>\n","protected":false},"excerpt":{"rendered":"<p>SONGMICS 3 x 4 m solsegel av PES f\u00f6r tr\u00e4dg\u00e5rden, v\u00e4derbest\u00e4ndigt, solskydd, polyester, antracit GSH34GYV1<\/p>\n","protected":false},"featured_media":40424,"comment_status":"open","ping_status":"closed","template":"","meta":[],"product_brand":[],"product_cat":[33],"product_tag":[],"class_list":{"0":"post-12105","1":"product","2":"type-product","3":"status-publish","4":"has-post-thumbnail","6":"product_cat-okategoriserad","8":"first","9":"instock","10":"shipping-taxable","11":"purchasable","12":"product-type-simple"},"_links":{"self":[{"href":"https:\/\/nordicmart.andreevmaster.com\/sv\/wp-json\/wp\/v2\/product\/12105","targetHints":{"allow":["GET"]}}],"collection":[{"href":"https:\/\/nordicmart.andreevmaster.com\/sv\/wp-json\/wp\/v2\/product"}],"about":[{"href":"https:\/\/nordicmart.andreevmaster.com\/sv\/wp-json\/wp\/v2\/types\/product"}],"replies":[{"embeddable":true,"href":"https:\/\/nordicmart.andreevmaster.com\/sv\/wp-json\/wp\/v2\/comments?post=12105"}],"wp:featuredmedia":[{"embeddable":true,"href":"https:\/\/nordicmart.andreevmaster.com\/sv\/wp-json\/wp\/v2\/media\/40424"}],"wp:attachment":[{"href":"https:\/\/nordicmart.andreevmaster.com\/sv\/wp-json\/wp\/v2\/media?parent=12105"}],"wp:term":[{"taxonomy":"product_brand","embeddable":true,"href":"https:\/\/nordicmart.andreevmaster.com\/sv\/wp-json\/wp\/v2\/product_brand?post=12105"},{"taxonomy":"product_cat","embeddable":true,"href":"https:\/\/nordicmart.andreevmaster.com\/sv\/wp-json\/wp\/v2\/product_cat?post=12105"},{"taxonomy":"product_tag","embeddable":true,"href":"https:\/\/nordicmart.andreevmaster.com\/sv\/wp-json\/wp\/v2\/product_tag?post=12105"}],"curies":[{"name":"wp","href":"https:\/\/api.w.org\/{rel}","templated":true}]}}