{"id":12102,"date":"2026-02-27T00:12:49","date_gmt":"2026-02-27T00:12:49","guid":{"rendered":"https:\/\/nordicmart.andreevmaster.com\/product\/3-x-4-m-solsejl-solbeskyttelse-til-havens-balkon-og-terrasse-pes-polyester-93-uv-blokering-vandafvisende-rogfarvet-gra-2\/"},"modified":"2026-02-27T08:07:17","modified_gmt":"2026-02-27T08:07:17","slug":"3-x-4-m-solsejl-solbeskyttelse-til-havens-balkon-og-terrasse-pes-polyester-93-uv-blokering-vandafvisende-rogfarvet-gra-2","status":"publish","type":"product","link":"https:\/\/nordicmart.andreevmaster.com\/sv\/produkt\/3-x-4-m-solsejl-solbeskyttelse-til-havens-balkon-og-terrasse-pes-polyester-93-uv-blokering-vandafvisende-rogfarvet-gra-2\/","title":{"rendered":"3 x 4 m solsejl, solbeskyttelse til havens balkon og terrasse, PES-polyester, 93 % UV-blokering, vandafvisende, r\u00f8gfarvet gr\u00e5"},"content":{"rendered":"<p>Solsejl \u00e4r en av de \u00e4ldsta formerna av solskydd i v\u00e4rlden. \u00c4ven idag anv\u00e4nds de i stort antal och blir alltmer popul\u00e4ra. Du kan sl\u00e5 l\u00e4ger p\u00e5 en altan, i en tr\u00e4dg\u00e5rd eller utomhus under det. <\/p>\n<p>Solsejl p\u00e5 altanen, i tr\u00e4dg\u00e5rden eller p\u00e5 terrassen skyddar dig mot starkt solljus, vindbyar och regn och fungerar som ett p\u00e5litligt skydd.V\u00e5ra h\u00f6gkvalitativa solsegel beh\u00e5ller sin h\u00e5llbarhet och f\u00e4rgstyrka i m\u00e5nga \u00e5r och ger dig en utm\u00e4rkt inredning och klimatskydd! SONGMICs solsegel \u00e4r tillverkat av h\u00f6gkvalitativt solskyddande tyg med en stark s\u00f6m. Det \u00e4r utrustat med en h\u00e5llbar D-ring i rostfritt st\u00e5l och ett rep i varje h\u00f6rn, s\u00e5 att det kan anv\u00e4ndas p\u00e5 terrassen, i tr\u00e4dg\u00e5rden, vid poolen, p\u00e5 uteplatsen, p\u00e5 g\u00e5rden, i sandl\u00e5dan, i uppfarten eller p\u00e5 andra utomhusytor. Detta solsegel ger 93 % solskydd f\u00f6r att skydda dig mot skadliga UV-str\u00e5lar, vilket g\u00f6r din tr\u00e4dg\u00e5rd mer privat och s\u00e4ker. Det \u00e4r s\u00e5 h\u00e4ftigt!<\/p>\n<p>Idealisk solskydd i tr\u00e4dg\u00e5rden Solsegel har f\u00f6rdelen att de, till skillnad fr\u00e5n markiser, kan s\u00e4ttas upp p\u00e5 ett mer flexibelt s\u00e4tt och snabbt tas ner och s\u00e4ttas upp igen. J\u00e4mf\u00f6rt med en parasoll \u00e4r det omr\u00e5de som t\u00e4cks av en markis m\u00e5nga g\u00e5nger st\u00f6rre, utan att det beh\u00f6vs ett irriterande stativ. Med v\u00e5ra solsegel f\u00e5r du perfekt skydd mot solens str\u00e5lar i din tr\u00e4dg\u00e5rd. Oavsett om det \u00e4r p\u00e5 terrassen, altanen, \u00f6ver poolen, som carport eller f\u00f6r att skydda lekande barn \u2013 v\u00e5r markis kan monteras flexibelt. F\u00e4rg\u00e4kta I enlighet med ISO 105-B02-standarden fr\u00e5n T\u00dcV Rheinland, f\u00e4rg\u00e4kta, permanent f\u00e4rgstabil och bleknar inte. L\u00e4tt att f\u00e4sta V\u00e5ra solsegel f\u00e4sts p\u00e5 stolpar, p\u00e5lar eller tr\u00e4d med hj\u00e4lp av de medf\u00f6ljande f\u00e4stbanden. Banden \u00e4r tillverkade av PE. Se till att banden \u00e4r s\u00e4kra och sp\u00e4nda. Det medf\u00f6ljer 4 band med varje segel, 3 band med den triangul\u00e4ra duken. \u00d6kad s\u00e4kerhet tack vare h\u00f6gkvalitativ tillverkning V\u00e5rt utvalda material \u00e4r slitstark polyester av h\u00f6g kvalitet. Seglet \u00e4r f\u00f6rst\u00e4rkt hela v\u00e4gen runt kanterna i s\u00f6mmarna med en speciell h\u00f6gpresterande v\u00e4vband, som ocks\u00e5 \u00e4r insydd f\u00f6r att ge mer stabilitet. H\u00f6rnen har ocks\u00e5 f\u00f6rst\u00e4rkts flera g\u00e5nger. Produktdetaljer: Material: PES (polyesterduk) Materialvikt: 160 g\/m\u00b2 M\u00e5tt: 3 x 4 m Leveransomfattning: 1 x solsegel 4 x f\u00e4strep F\u00f6r l\u00e5ng livsl\u00e4ngd ska solseglet f\u00e4stas i en vinkel p\u00e5 20 grader s\u00e5 att det inte bildas vattenfickor n\u00e4r det regnar. Demontera vid d\u00e5ligt v\u00e4der och h\u00e5rt v\u00e4der som storm, \u00e5skv\u00e4der, hagel, stark vind och under vinterm\u00e5naderna. &#8211; Tv\u00e4tta inte solseglet med vatten. &#8211; Se till att f\u00e4sta toppen och botten korrekt under monteringen.<\/p>\n","protected":false},"excerpt":{"rendered":"<p>Solsejl \u00e4r en av de \u00e4ldsta formerna av solskydd i v\u00e4rlden. \u00c4ven idag anv\u00e4nds de i stort antal och blir alltmer popul\u00e4ra. Du kan sl\u00e5 l\u00e4ger p\u00e5 en altan, i en tr\u00e4dg\u00e5rd eller utomhus under det. Solsejl p\u00e5 altanen, i tr\u00e4dg\u00e5rden eller p\u00e5 terrassen skyddar dig mot starkt solljus, vindbyar och regn och fungerar som [&hellip;]<\/p>\n","protected":false},"featured_media":0,"comment_status":"open","ping_status":"closed","template":"","meta":[],"product_brand":[],"product_cat":[33],"product_tag":[],"class_list":{"0":"post-12102","1":"product","2":"type-product","3":"status-publish","5":"product_cat-okategoriserad","7":"first","8":"instock","9":"shipping-taxable","10":"product-type-simple"},"_links":{"self":[{"href":"https:\/\/nordicmart.andreevmaster.com\/sv\/wp-json\/wp\/v2\/product\/12102","targetHints":{"allow":["GET"]}}],"collection":[{"href":"https:\/\/nordicmart.andreevmaster.com\/sv\/wp-json\/wp\/v2\/product"}],"about":[{"href":"https:\/\/nordicmart.andreevmaster.com\/sv\/wp-json\/wp\/v2\/types\/product"}],"replies":[{"embeddable":true,"href":"https:\/\/nordicmart.andreevmaster.com\/sv\/wp-json\/wp\/v2\/comments?post=12102"}],"wp:attachment":[{"href":"https:\/\/nordicmart.andreevmaster.com\/sv\/wp-json\/wp\/v2\/media?parent=12102"}],"wp:term":[{"taxonomy":"product_brand","embeddable":true,"href":"https:\/\/nordicmart.andreevmaster.com\/sv\/wp-json\/wp\/v2\/product_brand?post=12102"},{"taxonomy":"product_cat","embeddable":true,"href":"https:\/\/nordicmart.andreevmaster.com\/sv\/wp-json\/wp\/v2\/product_cat?post=12102"},{"taxonomy":"product_tag","embeddable":true,"href":"https:\/\/nordicmart.andreevmaster.com\/sv\/wp-json\/wp\/v2\/product_tag?post=12102"}],"curies":[{"name":"wp","href":"https:\/\/api.w.org\/{rel}","templated":true}]}}