{"id":12098,"date":"2026-02-27T00:12:49","date_gmt":"2026-02-27T00:12:49","guid":{"rendered":"https:\/\/nordicmart.andreevmaster.com\/product\/songmics-solsegel-3-x-4-m-uv-skydd-93-rektangulart-rokgratt\/"},"modified":"2026-02-27T08:07:16","modified_gmt":"2026-02-27T08:07:16","slug":"songmics-solsegel-3-x-4-m-uv-skydd-93-rektangulart-rokgratt","status":"publish","type":"product","link":"https:\/\/nordicmart.andreevmaster.com\/sv\/produkt\/songmics-solsegel-3-x-4-m-uv-skydd-93-rektangulart-rokgratt\/","title":{"rendered":"SONGMICS solsegel 3 x 4 m UV-skydd 93 % rektangul\u00e4rt r\u00f6kgr\u00e5tt"},"content":{"rendered":"<p>SONGMICS solsegel 3 x 4 m, vattent\u00e4tt med en vattenpelare p\u00e5 665 mm, solskydd av rivfast polyester, UV-skydd 93 %, terrass, tr\u00e4dg\u00e5rd, balkong, rektangul\u00e4rt, 2 m rep<br \/>\nF\u00e4rg: Vit<br \/>\nMaterial: 160 g\/m\u00b2 polyesterv\u00e4v med PU-bel\u00e4ggning, ring i rostfritt st\u00e5l<br \/>\nStorlek: 3 x 3 m (L x B)<br \/>\nVikt: 1,4 kg<\/p>\n","protected":false},"excerpt":{"rendered":"<p>SONGMICS solsegel 3 x 4 m, vattent\u00e4tt med en vattenpelare p\u00e5 665 mm, solskydd av rivfast polyester, UV-skydd 93 %, terrass, tr\u00e4dg\u00e5rd, balkong, rektangul\u00e4rt, 2 m rep<\/p>\n","protected":false},"featured_media":40419,"comment_status":"open","ping_status":"closed","template":"","meta":[],"product_brand":[],"product_cat":[33],"product_tag":[],"class_list":{"0":"post-12098","1":"product","2":"type-product","3":"status-publish","4":"has-post-thumbnail","6":"product_cat-okategoriserad","8":"first","9":"instock","10":"shipping-taxable","11":"purchasable","12":"product-type-simple"},"_links":{"self":[{"href":"https:\/\/nordicmart.andreevmaster.com\/sv\/wp-json\/wp\/v2\/product\/12098","targetHints":{"allow":["GET"]}}],"collection":[{"href":"https:\/\/nordicmart.andreevmaster.com\/sv\/wp-json\/wp\/v2\/product"}],"about":[{"href":"https:\/\/nordicmart.andreevmaster.com\/sv\/wp-json\/wp\/v2\/types\/product"}],"replies":[{"embeddable":true,"href":"https:\/\/nordicmart.andreevmaster.com\/sv\/wp-json\/wp\/v2\/comments?post=12098"}],"wp:featuredmedia":[{"embeddable":true,"href":"https:\/\/nordicmart.andreevmaster.com\/sv\/wp-json\/wp\/v2\/media\/40419"}],"wp:attachment":[{"href":"https:\/\/nordicmart.andreevmaster.com\/sv\/wp-json\/wp\/v2\/media?parent=12098"}],"wp:term":[{"taxonomy":"product_brand","embeddable":true,"href":"https:\/\/nordicmart.andreevmaster.com\/sv\/wp-json\/wp\/v2\/product_brand?post=12098"},{"taxonomy":"product_cat","embeddable":true,"href":"https:\/\/nordicmart.andreevmaster.com\/sv\/wp-json\/wp\/v2\/product_cat?post=12098"},{"taxonomy":"product_tag","embeddable":true,"href":"https:\/\/nordicmart.andreevmaster.com\/sv\/wp-json\/wp\/v2\/product_tag?post=12098"}],"curies":[{"name":"wp","href":"https:\/\/api.w.org\/{rel}","templated":true}]}}