{"id":12092,"date":"2026-02-27T00:12:47","date_gmt":"2026-02-27T00:12:47","guid":{"rendered":"https:\/\/nordicmart.andreevmaster.com\/product\/songmics-solsegel-2-x-3-m-rektangulart-taupe\/"},"modified":"2026-02-27T08:07:16","modified_gmt":"2026-02-27T08:07:16","slug":"songmics-solsegel-2-x-3-m-rektangulart-taupe","status":"publish","type":"product","link":"https:\/\/nordicmart.andreevmaster.com\/sv\/produkt\/songmics-solsegel-2-x-3-m-rektangulart-taupe\/","title":{"rendered":"SONGMICS solsegel 2 x 3 m rektangul\u00e4rt taupe"},"content":{"rendered":"<p>SONGMICS solsegel 2 x 3 m, vattent\u00e4tt upp till minst 1000 mm vattenpelare, 93 % UV-skydd, solskydd av rivfast polyester, v\u00e4derbest\u00e4ndigt, tr\u00e4dg\u00e5rd, balkong, terrass, camping, r\u00f6kgr\u00e5tt GSH23BK<br \/>\nF\u00e4rg: Taupe<br \/>\nMaterial: 160 g\/m\u00b2 polyesterv\u00e4v med PU-bel\u00e4ggning, ring i rostfritt st\u00e5l<br \/>\nStorlek: 2 x 3 m (L x B)<br \/>\nVikt: 1 kg<\/p>\n","protected":false},"excerpt":{"rendered":"<p>SONGMICS solsegel 2 x 3 m, vattent\u00e4tt upp till minst 1000 mm vattenpelare, 93 % UV-skydd, solskydd av rivfast polyester, v\u00e4derbest\u00e4ndigt, tr\u00e4dg\u00e5rd, balkong, terrass, camping, r\u00f6kgr\u00e5tt GSH23BK<\/p>\n","protected":false},"featured_media":40415,"comment_status":"open","ping_status":"closed","template":"","meta":[],"product_brand":[],"product_cat":[33],"product_tag":[],"class_list":{"0":"post-12092","1":"product","2":"type-product","3":"status-publish","4":"has-post-thumbnail","6":"product_cat-okategoriserad","8":"first","9":"instock","10":"shipping-taxable","11":"purchasable","12":"product-type-simple"},"_links":{"self":[{"href":"https:\/\/nordicmart.andreevmaster.com\/sv\/wp-json\/wp\/v2\/product\/12092","targetHints":{"allow":["GET"]}}],"collection":[{"href":"https:\/\/nordicmart.andreevmaster.com\/sv\/wp-json\/wp\/v2\/product"}],"about":[{"href":"https:\/\/nordicmart.andreevmaster.com\/sv\/wp-json\/wp\/v2\/types\/product"}],"replies":[{"embeddable":true,"href":"https:\/\/nordicmart.andreevmaster.com\/sv\/wp-json\/wp\/v2\/comments?post=12092"}],"wp:featuredmedia":[{"embeddable":true,"href":"https:\/\/nordicmart.andreevmaster.com\/sv\/wp-json\/wp\/v2\/media\/40415"}],"wp:attachment":[{"href":"https:\/\/nordicmart.andreevmaster.com\/sv\/wp-json\/wp\/v2\/media?parent=12092"}],"wp:term":[{"taxonomy":"product_brand","embeddable":true,"href":"https:\/\/nordicmart.andreevmaster.com\/sv\/wp-json\/wp\/v2\/product_brand?post=12092"},{"taxonomy":"product_cat","embeddable":true,"href":"https:\/\/nordicmart.andreevmaster.com\/sv\/wp-json\/wp\/v2\/product_cat?post=12092"},{"taxonomy":"product_tag","embeddable":true,"href":"https:\/\/nordicmart.andreevmaster.com\/sv\/wp-json\/wp\/v2\/product_tag?post=12092"}],"curies":[{"name":"wp","href":"https:\/\/api.w.org\/{rel}","templated":true}]}}